{"id":8856,"date":"2025-10-28T10:34:23","date_gmt":"2025-10-28T10:34:23","guid":{"rendered":""},"modified":"2026-02-20T17:42:40","modified_gmt":"2026-02-20T16:42:40","slug":"whisky-coureur-des-bois-70cl","status":"publish","type":"product","link":"https:\/\/petitecave.ch\/de\/product\/whisky-coureur-des-bois-70cl\/","title":{"rendered":"Whisky Coureur Des Bois 70cl"},"content":{"rendered":"<p><strong>Nez :\u00a0<\/strong>L\u00e9g\u00e8rement malt\u00e9 et des effluves caram\u00e9lis\u00e9es avec une touche de douceur<\/p>\n<p><strong>Bouche :\u00a0<\/strong>Complexe, onctueux avec un gourmand go\u00fbt de seigle<\/p>\n<p>Id\u00e9al comme digestif, seul, sur glace ou en cocktail !<\/p>","protected":false},"excerpt":{"rendered":"<p><strong>Whisky Coureur Des Bois &#8211; Domaine Pinnacle &#8211; Qu\u00e9bec<\/strong><\/p>\n<p><strong><\/strong><br \/><em>R\u00e9sultat tr\u00e8s r\u00e9ussi entre le whisky canadien et le sirop d&rsquo;\u00e9rable pur de premi\u00e8re qualit\u00e9.\u00a0<\/em><\/p>","protected":false},"featured_media":12253,"comment_status":"open","ping_status":"open","template":"","meta":[],"product_cat":[277],"product_tag":[],"class_list":{"0":"post-8856","1":"product","2":"type-product","3":"status-publish","4":"has-post-thumbnail","6":"product_cat-whisky","7":"pa_country-canada","8":"pa_volume-75-cl","9":"_wholesalex wsx-wholesalex-product","11":"first","12":"instock","13":"taxable","14":"shipping-taxable","15":"purchasable","16":"product-type-simple"},"_links":{"self":[{"href":"https:\/\/petitecave.ch\/de\/wp-json\/wp\/v2\/product\/8856","targetHints":{"allow":["GET"]}}],"collection":[{"href":"https:\/\/petitecave.ch\/de\/wp-json\/wp\/v2\/product"}],"about":[{"href":"https:\/\/petitecave.ch\/de\/wp-json\/wp\/v2\/types\/product"}],"replies":[{"embeddable":true,"href":"https:\/\/petitecave.ch\/de\/wp-json\/wp\/v2\/comments?post=8856"}],"wp:featuredmedia":[{"embeddable":true,"href":"https:\/\/petitecave.ch\/de\/wp-json\/wp\/v2\/media\/12253"}],"wp:attachment":[{"href":"https:\/\/petitecave.ch\/de\/wp-json\/wp\/v2\/media?parent=8856"}],"wp:term":[{"taxonomy":"product_cat","embeddable":true,"href":"https:\/\/petitecave.ch\/de\/wp-json\/wp\/v2\/product_cat?post=8856"},{"taxonomy":"product_tag","embeddable":true,"href":"https:\/\/petitecave.ch\/de\/wp-json\/wp\/v2\/product_tag?post=8856"}],"curies":[{"name":"wp","href":"https:\/\/api.w.org\/{rel}","templated":true}]}}