{"id":8848,"date":"2026-02-02T14:34:16","date_gmt":"2026-02-02T13:34:16","guid":{"rendered":""},"modified":"2026-02-12T16:05:23","modified_gmt":"2026-02-12T15:05:23","slug":"the-kraken-black-spiced","status":"publish","type":"product","link":"https:\/\/petitecave.ch\/de\/product\/the-kraken-black-spiced\/","title":{"rendered":"The Kraken Black Spiced 70cl"},"content":{"rendered":"<p><span style=\"color: #000000;\"><strong>Nez :<\/strong> Il d\u00e9voile des ar\u00f4mes de vanille, ponctu\u00e9s de notes d&rsquo;\u00e9pices et de musc.<\/span><\/p>\n<p><span style=\"color: #000000;\"><strong>Bouche :<\/strong> Elle offre une explosion de saveurs de vanille et de clous de girofle avec de l\u00e9g\u00e8res notes de cannelle.<\/span><\/p>","protected":false},"excerpt":{"rendered":"<p>Nez : Il d\u00e9voile des ar\u00f4mes de vanille, ponctu\u00e9s de notes d&rsquo;\u00e9pices et de musc. Bouche : Elle offre une explosion de saveurs de vanille et de clous de girofle avec de l\u00e9g\u00e8res notes de cannelle.<\/p>","protected":false},"featured_media":18603,"comment_status":"open","ping_status":"closed","template":"","meta":[],"product_cat":[272],"product_tag":[],"class_list":{"0":"post-8848","1":"product","2":"type-product","3":"status-publish","4":"has-post-thumbnail","6":"product_cat-rhum","7":"pa_country-trinidad-tobago","8":"pa_type-spiritueux-a-base-de-rhum","9":"pa_volume-70-cl","10":"_wholesalex wsx-wholesalex-product","12":"first","13":"instock","14":"taxable","15":"shipping-taxable","16":"purchasable","17":"product-type-simple"},"_links":{"self":[{"href":"https:\/\/petitecave.ch\/de\/wp-json\/wp\/v2\/product\/8848","targetHints":{"allow":["GET"]}}],"collection":[{"href":"https:\/\/petitecave.ch\/de\/wp-json\/wp\/v2\/product"}],"about":[{"href":"https:\/\/petitecave.ch\/de\/wp-json\/wp\/v2\/types\/product"}],"replies":[{"embeddable":true,"href":"https:\/\/petitecave.ch\/de\/wp-json\/wp\/v2\/comments?post=8848"}],"wp:featuredmedia":[{"embeddable":true,"href":"https:\/\/petitecave.ch\/de\/wp-json\/wp\/v2\/media\/18603"}],"wp:attachment":[{"href":"https:\/\/petitecave.ch\/de\/wp-json\/wp\/v2\/media?parent=8848"}],"wp:term":[{"taxonomy":"product_cat","embeddable":true,"href":"https:\/\/petitecave.ch\/de\/wp-json\/wp\/v2\/product_cat?post=8848"},{"taxonomy":"product_tag","embeddable":true,"href":"https:\/\/petitecave.ch\/de\/wp-json\/wp\/v2\/product_tag?post=8848"}],"curies":[{"name":"wp","href":"https:\/\/api.w.org\/{rel}","templated":true}]}}