{"id":8847,"date":"2026-02-02T14:34:15","date_gmt":"2026-02-02T13:34:15","guid":{"rendered":""},"modified":"2026-02-12T16:05:23","modified_gmt":"2026-02-12T15:05:23","slug":"rhum-the-alpinist-premium","status":"publish","type":"product","link":"https:\/\/petitecave.ch\/de\/product\/rhum-the-alpinist-premium\/","title":{"rendered":"Rhum The Alpinist Premium 70cl"},"content":{"rendered":"<p><span style=\"color: #000000;\"><strong>Nez :\u00a0<\/strong>Parfums de noix de coco, de gousses de vanille s\u00e9ch\u00e9es et de nougat l\u00e9ger.<\/span><\/p>\n<p><span style=\"color: #000000;\"><strong>Bouche :\u00a0<\/strong>Doux et \u00e9pic\u00e9 avec de l\u00e9gers tons de poivre. Poires m\u00fbres avec des tons de caramel cr\u00e9meux et des nuances de chocolat noir.<\/span><\/p>\n<p><span style=\"color: #000000;\"><strong>Finale :\u00a0<\/strong>Notes de caramel, de banane et de noix de coco qui accompagnent une belle longueur.<\/span><\/p>","protected":false},"excerpt":{"rendered":"<div class=\"info__text\"><span style=\"color: #000000;\"><i>C&rsquo;est un assemblage de rhums issus de trois pays : La R\u00e9publique Dominicaine, le Nicaragua et le Panama. Le distillat est r\u00e9duit avec l&rsquo;eau du Glacier d&rsquo;Aletsch ce qui donne au rhum un go\u00fbt particuli\u00e8rement doux et agr\u00e9able.<\/i><\/span><\/div>","protected":false},"featured_media":18610,"comment_status":"open","ping_status":"closed","template":"","meta":[],"product_cat":[272],"product_tag":[],"class_list":{"0":"post-8847","1":"product","2":"type-product","3":"status-publish","4":"has-post-thumbnail","6":"product_cat-rhum","7":"pa_country-nicaragua","8":"pa_country-panama","9":"pa_country-republique-dominicaine","10":"pa_type-rhum-traditionnel","11":"pa_volume-70-cl","12":"_wholesalex wsx-wholesalex-product","14":"first","15":"instock","16":"taxable","17":"shipping-taxable","18":"purchasable","19":"product-type-simple"},"_links":{"self":[{"href":"https:\/\/petitecave.ch\/de\/wp-json\/wp\/v2\/product\/8847","targetHints":{"allow":["GET"]}}],"collection":[{"href":"https:\/\/petitecave.ch\/de\/wp-json\/wp\/v2\/product"}],"about":[{"href":"https:\/\/petitecave.ch\/de\/wp-json\/wp\/v2\/types\/product"}],"replies":[{"embeddable":true,"href":"https:\/\/petitecave.ch\/de\/wp-json\/wp\/v2\/comments?post=8847"}],"wp:featuredmedia":[{"embeddable":true,"href":"https:\/\/petitecave.ch\/de\/wp-json\/wp\/v2\/media\/18610"}],"wp:attachment":[{"href":"https:\/\/petitecave.ch\/de\/wp-json\/wp\/v2\/media?parent=8847"}],"wp:term":[{"taxonomy":"product_cat","embeddable":true,"href":"https:\/\/petitecave.ch\/de\/wp-json\/wp\/v2\/product_cat?post=8847"},{"taxonomy":"product_tag","embeddable":true,"href":"https:\/\/petitecave.ch\/de\/wp-json\/wp\/v2\/product_tag?post=8847"}],"curies":[{"name":"wp","href":"https:\/\/api.w.org\/{rel}","templated":true}]}}