{"id":8845,"date":"2026-02-02T14:34:13","date_gmt":"2026-02-02T13:34:13","guid":{"rendered":""},"modified":"2026-02-12T16:05:23","modified_gmt":"2026-02-12T15:05:23","slug":"rhum-banqero-silver-swiss-premium","status":"publish","type":"product","link":"https:\/\/petitecave.ch\/de\/product\/rhum-banqero-silver-swiss-premium\/","title":{"rendered":"Rhum BANQERO Silver Swiss Premium 70cl"},"content":{"rendered":"<p><span style=\"color: #000000;\"><b>Nez :\u00a0<\/b>De belles notes florales et v\u00e9g\u00e9tales.<\/span><\/p>\n<p><span style=\"color: #000000;\"><b>Bouche :\u00a0<\/b>On d\u00e9couvre des saveurs de caramel et de r\u00e9glisse.<\/span><\/p>\n<p><span style=\"color: #000000;\"><b>Finale :\u00a0<\/b>Elle d\u00e9voile un l\u00e9ger ar\u00f4me de cannelle tr\u00e8s agr\u00e9able.<\/span><\/p>","protected":false},"excerpt":{"rendered":"<p><span style=\"color: #000000;\"><b>Distillerie Banqero &#8211; Romanel-sur-Lausanne<\/b><\/span><\/p>\n<p><span style=\"color: #000000;\"><i>Traditionnel et l\u00e9ger, dans l&rsquo;esprit des c\u00e9l\u00e8bres rhums blancs cubains.<\/i><\/span><\/p>\n<p><b><img decoding=\"async\" class=\"alignnone wp-image-44751 entered lazyloaded\" src=\"https:\/\/www.banqero.com\/wp-content\/uploads\/2020\/06\/world-rum-awards-silver.png\" alt=\"\" width=\"60\" height=\"73\" data-lazy-src=\"https:\/\/www.banqero.com\/wp-content\/uploads\/2020\/06\/world-rum-awards-silver.png\" data-ll-status=\"loaded\" \/>\u00a0 \u00a0 \u00a0<img decoding=\"async\" class=\"alignnone wp-image-45096 entered lazyloaded\" src=\"https:\/\/www.banqero.com\/wp-content\/uploads\/2020\/08\/iwsc-bronze-award-e1597003231788.png\" alt=\"\" width=\"76\" height=\"76\" data-lazy-src=\"https:\/\/www.banqero.com\/wp-content\/uploads\/2020\/08\/iwsc-bronze-award-e1597003231788.png\" data-ll-status=\"loaded\" \/><\/b><\/p>","protected":false},"featured_media":18612,"comment_status":"open","ping_status":"closed","template":"","meta":[],"product_cat":[272],"product_tag":[],"class_list":{"0":"post-8845","1":"product","2":"type-product","3":"status-publish","4":"has-post-thumbnail","6":"product_cat-rhum","7":"pa_color-blanc","8":"pa_country-suisse","9":"pa_type-rhum-traditionnel","10":"pa_volume-70-cl","11":"_wholesalex wsx-wholesalex-product","13":"first","14":"instock","15":"taxable","16":"shipping-taxable","17":"purchasable","18":"product-type-simple"},"_links":{"self":[{"href":"https:\/\/petitecave.ch\/de\/wp-json\/wp\/v2\/product\/8845","targetHints":{"allow":["GET"]}}],"collection":[{"href":"https:\/\/petitecave.ch\/de\/wp-json\/wp\/v2\/product"}],"about":[{"href":"https:\/\/petitecave.ch\/de\/wp-json\/wp\/v2\/types\/product"}],"replies":[{"embeddable":true,"href":"https:\/\/petitecave.ch\/de\/wp-json\/wp\/v2\/comments?post=8845"}],"wp:featuredmedia":[{"embeddable":true,"href":"https:\/\/petitecave.ch\/de\/wp-json\/wp\/v2\/media\/18612"}],"wp:attachment":[{"href":"https:\/\/petitecave.ch\/de\/wp-json\/wp\/v2\/media?parent=8845"}],"wp:term":[{"taxonomy":"product_cat","embeddable":true,"href":"https:\/\/petitecave.ch\/de\/wp-json\/wp\/v2\/product_cat?post=8845"},{"taxonomy":"product_tag","embeddable":true,"href":"https:\/\/petitecave.ch\/de\/wp-json\/wp\/v2\/product_tag?post=8845"}],"curies":[{"name":"wp","href":"https:\/\/api.w.org\/{rel}","templated":true}]}}