{"id":8837,"date":"2026-02-11T10:34:06","date_gmt":"2026-02-11T09:34:06","guid":{"rendered":""},"modified":"2026-02-12T16:05:22","modified_gmt":"2026-02-12T15:05:22","slug":"reimonenq-jr-limes-2l","status":"publish","type":"product","link":"https:\/\/petitecave.ch\/de\/product\/reimonenq-jr-limes-2l\/","title":{"rendered":"Reimonenq JR Limes 2L"},"content":{"rendered":"<p><span style=\"color: #000000;\">Le citron se marie harmonieusement avec le rhum, surtout si un peu de sirop de canne vient compl\u00e9ter et finaliser ce m\u00e9lange.<\/span><\/p>\n<p><span style=\"color: #000000;\">Un d\u00e9licieux cocktail \u00e0 savourer les yeux ferm\u00e9s !<\/span><\/p>","protected":false},"excerpt":{"rendered":"<p>Le citron se marie harmonieusement avec le rhum, surtout si un peu de sirop de canne vient compl\u00e9ter et finaliser ce m\u00e9lange. Un d\u00e9licieux cocktail \u00e0 savourer les yeux ferm\u00e9s !<\/p>","protected":false},"featured_media":18795,"comment_status":"open","ping_status":"closed","template":"","meta":[],"product_cat":[272],"product_tag":[],"class_list":{"0":"post-8837","1":"product","2":"type-product","3":"status-publish","4":"has-post-thumbnail","6":"product_cat-rhum","7":"pa_country-guadeloupe","8":"pa_type-rhum-arrange","9":"pa_volume-2000-cl","10":"_wholesalex wsx-wholesalex-product","12":"first","13":"instock","14":"taxable","15":"shipping-taxable","16":"purchasable","17":"product-type-simple"},"_links":{"self":[{"href":"https:\/\/petitecave.ch\/de\/wp-json\/wp\/v2\/product\/8837","targetHints":{"allow":["GET"]}}],"collection":[{"href":"https:\/\/petitecave.ch\/de\/wp-json\/wp\/v2\/product"}],"about":[{"href":"https:\/\/petitecave.ch\/de\/wp-json\/wp\/v2\/types\/product"}],"replies":[{"embeddable":true,"href":"https:\/\/petitecave.ch\/de\/wp-json\/wp\/v2\/comments?post=8837"}],"wp:featuredmedia":[{"embeddable":true,"href":"https:\/\/petitecave.ch\/de\/wp-json\/wp\/v2\/media\/18795"}],"wp:attachment":[{"href":"https:\/\/petitecave.ch\/de\/wp-json\/wp\/v2\/media?parent=8837"}],"wp:term":[{"taxonomy":"product_cat","embeddable":true,"href":"https:\/\/petitecave.ch\/de\/wp-json\/wp\/v2\/product_cat?post=8837"},{"taxonomy":"product_tag","embeddable":true,"href":"https:\/\/petitecave.ch\/de\/wp-json\/wp\/v2\/product_tag?post=8837"}],"curies":[{"name":"wp","href":"https:\/\/api.w.org\/{rel}","templated":true}]}}