{"id":8836,"date":"2026-02-11T10:34:05","date_gmt":"2026-02-11T09:34:05","guid":{"rendered":""},"modified":"2026-02-12T16:05:22","modified_gmt":"2026-02-12T15:05:22","slug":"plantation-xo-barbados-rum-20th-anniversary","status":"publish","type":"product","link":"https:\/\/petitecave.ch\/de\/product\/plantation-xo-barbados-rum-20th-anniversary\/","title":{"rendered":"Planteray XO 20th Anniversary 70cl"},"content":{"rendered":"<p><span style=\"color: #000000;\"><strong> Nez :\u00a0<\/strong>Premier nez floral et fruit\u00e9 puis il lib\u00e8re des notes de vanille, de cacao et de chocolat au lait.<\/span><\/p>\n<p><span style=\"color: #000000;\"><strong>Bouche : <\/strong>Les d\u00e9licieuses notes bois\u00e9es et de mangue t\u00e9moignent de son \u00e2ge avanc\u00e9.<\/span><\/p>\n<p><span style=\"color: #000000;\"><strong>Finale :\u00a0<\/strong>Vanill\u00e9, sur des notes de noix de coco et de boite \u00e0 cigare.<\/span><\/p>","protected":false},"excerpt":{"rendered":"<p><span style=\"color: #000000;\"><b>Maison Ferrand &#8211; Ars<\/b><\/span><\/p>\n<p class=\"\">","protected":false},"featured_media":18800,"comment_status":"open","ping_status":"closed","template":"","meta":[],"product_cat":[272],"product_tag":[],"class_list":{"0":"post-8836","1":"product","2":"type-product","3":"status-publish","4":"has-post-thumbnail","6":"product_cat-rhum","7":"pa_color-ambree","8":"pa_country-barbade","9":"pa_type-rhum-traditionnel","10":"pa_volume-70-cl","11":"_wholesalex wsx-wholesalex-product","13":"first","14":"instock","15":"taxable","16":"shipping-taxable","17":"purchasable","18":"product-type-simple"},"_links":{"self":[{"href":"https:\/\/petitecave.ch\/de\/wp-json\/wp\/v2\/product\/8836","targetHints":{"allow":["GET"]}}],"collection":[{"href":"https:\/\/petitecave.ch\/de\/wp-json\/wp\/v2\/product"}],"about":[{"href":"https:\/\/petitecave.ch\/de\/wp-json\/wp\/v2\/types\/product"}],"replies":[{"embeddable":true,"href":"https:\/\/petitecave.ch\/de\/wp-json\/wp\/v2\/comments?post=8836"}],"wp:featuredmedia":[{"embeddable":true,"href":"https:\/\/petitecave.ch\/de\/wp-json\/wp\/v2\/media\/18800"}],"wp:attachment":[{"href":"https:\/\/petitecave.ch\/de\/wp-json\/wp\/v2\/media?parent=8836"}],"wp:term":[{"taxonomy":"product_cat","embeddable":true,"href":"https:\/\/petitecave.ch\/de\/wp-json\/wp\/v2\/product_cat?post=8836"},{"taxonomy":"product_tag","embeddable":true,"href":"https:\/\/petitecave.ch\/de\/wp-json\/wp\/v2\/product_tag?post=8836"}],"curies":[{"name":"wp","href":"https:\/\/api.w.org\/{rel}","templated":true}]}}