{"id":8829,"date":"2025-10-28T10:33:58","date_gmt":"2025-10-28T10:33:58","guid":{"rendered":""},"modified":"2026-02-20T17:19:33","modified_gmt":"2026-02-20T16:19:33","slug":"rhum-montebello-2010-br-t-de-f-t","status":"publish","type":"product","link":"https:\/\/petitecave.ch\/de\/product\/rhum-montebello-2010-br-t-de-f-t\/","title":{"rendered":"Rhum Montebello 2010 Br\u00fbt de f\u00fbt 70cl"},"content":{"rendered":"<p><strong>Nez :\u00a0<\/strong>Ar\u00f4mes puissants d&rsquo;agrumes et de pomme cuite vanill\u00e9e accompagn\u00e9es de notes bois\u00e9es<\/p>\n<p><strong>Bouche :\u00a0<\/strong>\u00a0Des notes d&rsquo;\u00e9pices et de fruit de la passion rejoint par des saveurs de litchi et de bois\u00e9<\/p>\n<p><strong>Finale :\u00a0<\/strong>Longue et bois\u00e9e\u00a0<\/p>","protected":false},"excerpt":{"rendered":"<p><b>Montebello 2010 &#8211; Tr\u00e8s vieux Rhum Agricole 10 ans Brut de f\u00fbt &#8211; Guadeloupe<\/b><\/p>\n<p>\u00a0<\/p>\n<p><i>Une \u00e9dition limit\u00e9e \u00e0 seulement 2&rsquo;000 bouteilles num\u00e9rot\u00e9es<\/i><\/p>","protected":false},"featured_media":12225,"comment_status":"open","ping_status":"closed","template":"","meta":[],"product_cat":[272],"product_tag":[],"class_list":{"0":"post-8829","1":"product","2":"type-product","3":"status-publish","4":"has-post-thumbnail","6":"product_cat-rhum","7":"pa_country-guadeloupe","8":"pa_type-rhum-agricole","9":"pa_volume-70-cl","10":"_wholesalex wsx-wholesalex-product","12":"first","13":"instock","14":"taxable","15":"shipping-taxable","16":"purchasable","17":"product-type-simple"},"_links":{"self":[{"href":"https:\/\/petitecave.ch\/de\/wp-json\/wp\/v2\/product\/8829","targetHints":{"allow":["GET"]}}],"collection":[{"href":"https:\/\/petitecave.ch\/de\/wp-json\/wp\/v2\/product"}],"about":[{"href":"https:\/\/petitecave.ch\/de\/wp-json\/wp\/v2\/types\/product"}],"replies":[{"embeddable":true,"href":"https:\/\/petitecave.ch\/de\/wp-json\/wp\/v2\/comments?post=8829"}],"wp:featuredmedia":[{"embeddable":true,"href":"https:\/\/petitecave.ch\/de\/wp-json\/wp\/v2\/media\/12225"}],"wp:attachment":[{"href":"https:\/\/petitecave.ch\/de\/wp-json\/wp\/v2\/media?parent=8829"}],"wp:term":[{"taxonomy":"product_cat","embeddable":true,"href":"https:\/\/petitecave.ch\/de\/wp-json\/wp\/v2\/product_cat?post=8829"},{"taxonomy":"product_tag","embeddable":true,"href":"https:\/\/petitecave.ch\/de\/wp-json\/wp\/v2\/product_tag?post=8829"}],"curies":[{"name":"wp","href":"https:\/\/api.w.org\/{rel}","templated":true}]}}