{"id":8824,"date":"2025-10-28T10:33:54","date_gmt":"2025-10-28T10:33:54","guid":{"rendered":""},"modified":"2026-02-20T17:13:50","modified_gmt":"2026-02-20T16:13:50","slug":"rhum-jm-vsop","status":"publish","type":"product","link":"https:\/\/petitecave.ch\/de\/product\/rhum-jm-vsop\/","title":{"rendered":"Rhum JM VSOP 70cl"},"content":{"rendered":"<p><strong>Nez :\u00a0<\/strong>Notes bois\u00e9es s\u00e8ches, fum\u00e9es, presque grill\u00e9es du f\u00fbt de ch\u00eane. Mais aussi des parfums de tabac blond miell\u00e9<\/p>\n<p><strong>Bouche :\u00a0<\/strong>Ar\u00f4mes de lait de coco qui viennent sous-tendre les notes bois\u00e9es, fum\u00e9es et toutes les notes grill\u00e9es. Il y a un subtil \u00e9quilibre avec les \u00e9pices du sucre de canne (cannelle, gingembre et girofle) et le caf\u00e9 torr\u00e9fi\u00e9<\/p>","protected":false},"excerpt":{"rendered":"<p><b>JM VSOP &#8211;\u00a0Distillerie JM &#8211; Martinique<\/b><\/p>","protected":false},"featured_media":12220,"comment_status":"open","ping_status":"closed","template":"","meta":[],"product_cat":[272],"product_tag":[],"class_list":{"0":"post-8824","1":"product","2":"type-product","3":"status-publish","4":"has-post-thumbnail","6":"product_cat-rhum","7":"pa_country-martinique","8":"pa_type-rhum-agricole","9":"pa_volume-70-cl","10":"_wholesalex wsx-wholesalex-product","12":"first","13":"instock","14":"taxable","15":"shipping-taxable","16":"purchasable","17":"product-type-simple"},"_links":{"self":[{"href":"https:\/\/petitecave.ch\/de\/wp-json\/wp\/v2\/product\/8824","targetHints":{"allow":["GET"]}}],"collection":[{"href":"https:\/\/petitecave.ch\/de\/wp-json\/wp\/v2\/product"}],"about":[{"href":"https:\/\/petitecave.ch\/de\/wp-json\/wp\/v2\/types\/product"}],"replies":[{"embeddable":true,"href":"https:\/\/petitecave.ch\/de\/wp-json\/wp\/v2\/comments?post=8824"}],"wp:featuredmedia":[{"embeddable":true,"href":"https:\/\/petitecave.ch\/de\/wp-json\/wp\/v2\/media\/12220"}],"wp:attachment":[{"href":"https:\/\/petitecave.ch\/de\/wp-json\/wp\/v2\/media?parent=8824"}],"wp:term":[{"taxonomy":"product_cat","embeddable":true,"href":"https:\/\/petitecave.ch\/de\/wp-json\/wp\/v2\/product_cat?post=8824"},{"taxonomy":"product_tag","embeddable":true,"href":"https:\/\/petitecave.ch\/de\/wp-json\/wp\/v2\/product_tag?post=8824"}],"curies":[{"name":"wp","href":"https:\/\/api.w.org\/{rel}","templated":true}]}}