{"id":8821,"date":"2025-10-28T10:33:52","date_gmt":"2025-10-28T10:33:52","guid":{"rendered":""},"modified":"2026-02-20T17:19:11","modified_gmt":"2026-02-20T16:19:11","slug":"rhum-jm-blanc-50","status":"publish","type":"product","link":"https:\/\/petitecave.ch\/de\/product\/rhum-jm-blanc-50\/","title":{"rendered":"Rhum JM Blanc 50% 70cl"},"content":{"rendered":"<p>C&rsquo;est l&rsquo;un des rares rhums qui b\u00e9n\u00e9ficie de l&rsquo;appellation AOC de Martinique, un gage de sa qualit\u00e9 qui vient r\u00e9compenser un grand cru, au parfum d\u00e9licat de canne \u00e0 sucre et de mangue.<\/p>","protected":false},"excerpt":{"rendered":"<p><b>Rhum Agricole Blanc 50% &#8211; Distillerie JM &#8211; Martinique<\/b><\/p>\n<p>\u00a0<\/p>\n<p><i>C&rsquo;est l&rsquo;un des rares rhums qui b\u00e9n\u00e9ficie de l&rsquo;appellation AOC de Martinique, un gage de sa qualit\u00e9 qui vient r\u00e9compenser un grand cru, au parfum d\u00e9licat de canne \u00e0 sucre et de mangue.<\/i><\/p>","protected":false},"featured_media":12217,"comment_status":"open","ping_status":"closed","template":"","meta":[],"product_cat":[272],"product_tag":[],"class_list":{"0":"post-8821","1":"product","2":"type-product","3":"status-publish","4":"has-post-thumbnail","6":"product_cat-rhum","7":"pa_color-blanc","8":"pa_country-martinique","9":"pa_type-rhum-agricole","10":"pa_volume-70-cl","11":"_wholesalex wsx-wholesalex-product","13":"first","14":"instock","15":"taxable","16":"shipping-taxable","17":"purchasable","18":"product-type-simple"},"_links":{"self":[{"href":"https:\/\/petitecave.ch\/de\/wp-json\/wp\/v2\/product\/8821","targetHints":{"allow":["GET"]}}],"collection":[{"href":"https:\/\/petitecave.ch\/de\/wp-json\/wp\/v2\/product"}],"about":[{"href":"https:\/\/petitecave.ch\/de\/wp-json\/wp\/v2\/types\/product"}],"replies":[{"embeddable":true,"href":"https:\/\/petitecave.ch\/de\/wp-json\/wp\/v2\/comments?post=8821"}],"wp:featuredmedia":[{"embeddable":true,"href":"https:\/\/petitecave.ch\/de\/wp-json\/wp\/v2\/media\/12217"}],"wp:attachment":[{"href":"https:\/\/petitecave.ch\/de\/wp-json\/wp\/v2\/media?parent=8821"}],"wp:term":[{"taxonomy":"product_cat","embeddable":true,"href":"https:\/\/petitecave.ch\/de\/wp-json\/wp\/v2\/product_cat?post=8821"},{"taxonomy":"product_tag","embeddable":true,"href":"https:\/\/petitecave.ch\/de\/wp-json\/wp\/v2\/product_tag?post=8821"}],"curies":[{"name":"wp","href":"https:\/\/api.w.org\/{rel}","templated":true}]}}