{"id":8809,"date":"2025-10-28T10:33:41","date_gmt":"2025-10-28T10:33:41","guid":{"rendered":""},"modified":"2026-02-20T17:08:59","modified_gmt":"2026-02-20T16:08:59","slug":"escape-white-rum","status":"publish","type":"product","link":"https:\/\/petitecave.ch\/de\/product\/escape-white-rum\/","title":{"rendered":"Escape White Rum 70cl"},"content":{"rendered":"<p>Distill\u00e9 \u00e0 la Barbade, ce rhum se pr\u00eate tr\u00e8s bien \u00e0 la pr\u00e9paration de long drink et de cocktails.<\/p>","protected":false},"excerpt":{"rendered":"<p><b>Escape White Rum<\/b><\/p>","protected":false},"featured_media":12205,"comment_status":"open","ping_status":"closed","template":"","meta":[],"product_cat":[272],"product_tag":[],"class_list":{"0":"post-8809","1":"product","2":"type-product","3":"status-publish","4":"has-post-thumbnail","6":"product_cat-rhum","7":"pa_type-rhum-traditionnel","8":"_wholesalex wsx-wholesalex-product","10":"first","11":"instock","12":"taxable","13":"shipping-taxable","14":"purchasable","15":"product-type-simple"},"_links":{"self":[{"href":"https:\/\/petitecave.ch\/de\/wp-json\/wp\/v2\/product\/8809","targetHints":{"allow":["GET"]}}],"collection":[{"href":"https:\/\/petitecave.ch\/de\/wp-json\/wp\/v2\/product"}],"about":[{"href":"https:\/\/petitecave.ch\/de\/wp-json\/wp\/v2\/types\/product"}],"replies":[{"embeddable":true,"href":"https:\/\/petitecave.ch\/de\/wp-json\/wp\/v2\/comments?post=8809"}],"wp:featuredmedia":[{"embeddable":true,"href":"https:\/\/petitecave.ch\/de\/wp-json\/wp\/v2\/media\/12205"}],"wp:attachment":[{"href":"https:\/\/petitecave.ch\/de\/wp-json\/wp\/v2\/media?parent=8809"}],"wp:term":[{"taxonomy":"product_cat","embeddable":true,"href":"https:\/\/petitecave.ch\/de\/wp-json\/wp\/v2\/product_cat?post=8809"},{"taxonomy":"product_tag","embeddable":true,"href":"https:\/\/petitecave.ch\/de\/wp-json\/wp\/v2\/product_tag?post=8809"}],"curies":[{"name":"wp","href":"https:\/\/api.w.org\/{rel}","templated":true}]}}