{"id":8805,"date":"2025-10-28T10:33:36","date_gmt":"2025-10-28T10:33:36","guid":{"rendered":""},"modified":"2026-02-20T17:08:29","modified_gmt":"2026-02-20T16:08:29","slug":"diplomatico-reserva-exclusiva-12-ans","status":"publish","type":"product","link":"https:\/\/petitecave.ch\/de\/product\/diplomatico-reserva-exclusiva-12-ans\/","title":{"rendered":"Diplomatico Reserva Exclusiva 70cl"},"content":{"rendered":"<p><strong>Nez :\u00a0<\/strong>Notes de fruits cuits, de tabac blond et de miel bien \u00e9quilibr\u00e9s<\/p>\n<p><strong>Bouche : <\/strong>Tout d&rsquo;abord moelleuse, elle d\u00e9voila par la suite une richesse aromatique. Notes de fruits confits, de noix, de caramel, d&rsquo;\u00e9pices comme la vanille, la cannelle, la muscade, le poivre ou encore le gingembre. Le tout est parsem\u00e9 d&rsquo;une touche l\u00e9g\u00e8rement fum\u00e9e.<\/p>\n<p><strong>Finale :\u00a0<\/strong>Belle longueur et bonne gourmandise subtilement r\u00e9hauss\u00e9es par quelques pointes \u00e9pic\u00e9es<\/p>","protected":false},"excerpt":{"rendered":"<p>Rhum Diplomatico Reserva Exclusiva &#8211; 12 Ans\u00a0<\/p>","protected":false},"featured_media":12199,"comment_status":"open","ping_status":"closed","template":"","meta":[],"product_cat":[272],"product_tag":[],"class_list":{"0":"post-8805","1":"product","2":"type-product","3":"status-publish","4":"has-post-thumbnail","6":"product_cat-rhum","7":"pa_country-venezuela","8":"pa_type-rhum-traditionnel","9":"pa_volume-70-cl","10":"_wholesalex wsx-wholesalex-product","12":"first","13":"instock","14":"taxable","15":"shipping-taxable","16":"purchasable","17":"product-type-simple"},"_links":{"self":[{"href":"https:\/\/petitecave.ch\/de\/wp-json\/wp\/v2\/product\/8805","targetHints":{"allow":["GET"]}}],"collection":[{"href":"https:\/\/petitecave.ch\/de\/wp-json\/wp\/v2\/product"}],"about":[{"href":"https:\/\/petitecave.ch\/de\/wp-json\/wp\/v2\/types\/product"}],"replies":[{"embeddable":true,"href":"https:\/\/petitecave.ch\/de\/wp-json\/wp\/v2\/comments?post=8805"}],"wp:featuredmedia":[{"embeddable":true,"href":"https:\/\/petitecave.ch\/de\/wp-json\/wp\/v2\/media\/12199"}],"wp:attachment":[{"href":"https:\/\/petitecave.ch\/de\/wp-json\/wp\/v2\/media?parent=8805"}],"wp:term":[{"taxonomy":"product_cat","embeddable":true,"href":"https:\/\/petitecave.ch\/de\/wp-json\/wp\/v2\/product_cat?post=8805"},{"taxonomy":"product_tag","embeddable":true,"href":"https:\/\/petitecave.ch\/de\/wp-json\/wp\/v2\/product_tag?post=8805"}],"curies":[{"name":"wp","href":"https:\/\/api.w.org\/{rel}","templated":true}]}}