{"id":8800,"date":"2025-10-28T10:33:30","date_gmt":"2025-10-28T10:33:30","guid":{"rendered":""},"modified":"2026-02-20T17:18:37","modified_gmt":"2026-02-20T16:18:37","slug":"rhum-depaz-single-cask-2003","status":"publish","type":"product","link":"https:\/\/petitecave.ch\/de\/product\/rhum-depaz-single-cask-2003\/","title":{"rendered":"Rhum Depaz Single Cask 2003 70cl"},"content":{"rendered":"<p><strong>Nez :\u00a0<\/strong>Parfum de\u00a0fruits secs de vanille et d&rsquo;\u00e9pices<\/p>\n<p><strong>Bouche :\u00a0<\/strong>On retrouve des notes bois\u00e9es accompagn\u00e9es de saveurs de cacao, de caf\u00e9 et de fruits secs grill\u00e9s. Des ar\u00f4mes floraux se d\u00e9voilent en milieu de bouche\u00a0compl\u00e9t\u00e9s de\u00a0notes caract\u00e9ristiques au Porto<\/p>\n<p><strong>Finale :\u00a0<\/strong>Subtile\u00a0et structur\u00e9e sur des notes florales<\/p>","protected":false},"excerpt":{"rendered":"<p><strong>Depaz Single Cask 2003 &#8211; Martinique<\/strong><\/p>\n<p>\u00a0<\/p>\n<p>Les cannes ont \u00e9t\u00e9 r\u00e9colt\u00e9es en 2003, apr\u00e8s distillation le rhum \u00e0 vieilli durant 11 ans dans des f\u00fbts de ch\u00eane soigneusement s\u00e9lectionn\u00e9s.\u00a0<\/p>\n<p>Cette \u00e9dition, mise en bouteille en 2019, est <strong>limit\u00e9e \u00e0 642 bouteilles <\/strong>seulement !<\/p>","protected":false},"featured_media":12191,"comment_status":"open","ping_status":"closed","template":"","meta":[],"product_cat":[272],"product_tag":[],"class_list":{"0":"post-8800","1":"product","2":"type-product","3":"status-publish","4":"has-post-thumbnail","6":"product_cat-rhum","7":"pa_color-ambree","8":"pa_country-martinique","9":"pa_type-rhum-agricole","10":"pa_volume-70-cl","11":"_wholesalex wsx-wholesalex-product","13":"first","14":"instock","15":"taxable","16":"shipping-taxable","17":"purchasable","18":"product-type-simple"},"_links":{"self":[{"href":"https:\/\/petitecave.ch\/de\/wp-json\/wp\/v2\/product\/8800","targetHints":{"allow":["GET"]}}],"collection":[{"href":"https:\/\/petitecave.ch\/de\/wp-json\/wp\/v2\/product"}],"about":[{"href":"https:\/\/petitecave.ch\/de\/wp-json\/wp\/v2\/types\/product"}],"replies":[{"embeddable":true,"href":"https:\/\/petitecave.ch\/de\/wp-json\/wp\/v2\/comments?post=8800"}],"wp:featuredmedia":[{"embeddable":true,"href":"https:\/\/petitecave.ch\/de\/wp-json\/wp\/v2\/media\/12191"}],"wp:attachment":[{"href":"https:\/\/petitecave.ch\/de\/wp-json\/wp\/v2\/media?parent=8800"}],"wp:term":[{"taxonomy":"product_cat","embeddable":true,"href":"https:\/\/petitecave.ch\/de\/wp-json\/wp\/v2\/product_cat?post=8800"},{"taxonomy":"product_tag","embeddable":true,"href":"https:\/\/petitecave.ch\/de\/wp-json\/wp\/v2\/product_tag?post=8800"}],"curies":[{"name":"wp","href":"https:\/\/api.w.org\/{rel}","templated":true}]}}