{"id":8798,"date":"2025-10-28T10:33:28","date_gmt":"2025-10-28T10:33:28","guid":{"rendered":""},"modified":"2026-02-20T17:13:50","modified_gmt":"2026-02-20T16:13:50","slug":"rhum-coruba-npu-overproof","status":"publish","type":"product","link":"https:\/\/petitecave.ch\/de\/product\/rhum-coruba-npu-overproof\/","title":{"rendered":"Rhum Coruba NPU Overproof 70cl"},"content":{"rendered":"<p>Son caract\u00e8re \u00e9voque des notes de caf\u00e9, de fruits secs et d&rsquo;\u00e9pices exotiques. Son affinage en f\u00fbt de ch\u00eane lui conf\u00e8re des saveurs bois\u00e9es qui se m\u00ealent \u00e0 celles de cacao et de noix<\/p>","protected":false},"excerpt":{"rendered":"<p><strong>Coruba NPU Overproof\u00a0<\/strong><\/p>\n<p>\u00a0<\/p>\n<p><em>Cette marque d\u00e9signe par contraction la \u00ab\u00a0Compagnie Rhumi\u00e8re de B\u00e2le\u00a0\u00bb.<\/em><\/p>\n<p><em>Il est le parfait ingr\u00e9dient pour vos cocktails les plus classiques comme le Mojito. Il fait aussi un alli\u00e9 id\u00e9al pour r\u00e9aliser des cocktails ou des plats flamb\u00e9s.\u00a0<\/em><\/p>","protected":false},"featured_media":12189,"comment_status":"open","ping_status":"closed","template":"","meta":[],"product_cat":[272],"product_tag":[],"class_list":{"0":"post-8798","1":"product","2":"type-product","3":"status-publish","4":"has-post-thumbnail","6":"product_cat-rhum","7":"pa_color-blanc","8":"pa_country-jamaique","9":"pa_type-rhum-traditionnel","10":"pa_volume-70-cl","11":"_wholesalex wsx-wholesalex-product","13":"first","14":"instock","15":"taxable","16":"shipping-taxable","17":"purchasable","18":"product-type-simple"},"_links":{"self":[{"href":"https:\/\/petitecave.ch\/de\/wp-json\/wp\/v2\/product\/8798","targetHints":{"allow":["GET"]}}],"collection":[{"href":"https:\/\/petitecave.ch\/de\/wp-json\/wp\/v2\/product"}],"about":[{"href":"https:\/\/petitecave.ch\/de\/wp-json\/wp\/v2\/types\/product"}],"replies":[{"embeddable":true,"href":"https:\/\/petitecave.ch\/de\/wp-json\/wp\/v2\/comments?post=8798"}],"wp:featuredmedia":[{"embeddable":true,"href":"https:\/\/petitecave.ch\/de\/wp-json\/wp\/v2\/media\/12189"}],"wp:attachment":[{"href":"https:\/\/petitecave.ch\/de\/wp-json\/wp\/v2\/media?parent=8798"}],"wp:term":[{"taxonomy":"product_cat","embeddable":true,"href":"https:\/\/petitecave.ch\/de\/wp-json\/wp\/v2\/product_cat?post=8798"},{"taxonomy":"product_tag","embeddable":true,"href":"https:\/\/petitecave.ch\/de\/wp-json\/wp\/v2\/product_tag?post=8798"}],"curies":[{"name":"wp","href":"https:\/\/api.w.org\/{rel}","templated":true}]}}