{"id":8792,"date":"2025-10-28T10:33:23","date_gmt":"2025-10-28T10:33:23","guid":{"rendered":""},"modified":"2026-02-20T17:17:58","modified_gmt":"2026-02-20T16:17:58","slug":"rhum-cl-ment-select-barrel","status":"publish","type":"product","link":"https:\/\/petitecave.ch\/de\/product\/rhum-cl-ment-select-barrel\/","title":{"rendered":"Rhum Cl\u00e9ment Select Barrel 70cl"},"content":{"rendered":"<p><strong>Nez :\u00a0<\/strong>Ar\u00f4mes intenses de vanille, notes bois\u00e9es, fruit\u00e9es et fum\u00e9es<\/p>\n<p><strong>Bouche :\u00a0<\/strong>Ronde et douce<\/p>\n<p>Il\u00a0est \u00e9lev\u00e9 et vieilli en f\u00fbt neuf Am\u00e9ricains.<\/p>","protected":false},"excerpt":{"rendered":"<p><b>Select Barrel &#8211; Maison Cl\u00e9ment &#8211; Martinique<\/b><\/p>","protected":false},"featured_media":12183,"comment_status":"open","ping_status":"closed","template":"","meta":[],"product_cat":[272],"product_tag":[],"class_list":{"0":"post-8792","1":"product","2":"type-product","3":"status-publish","4":"has-post-thumbnail","6":"product_cat-rhum","7":"pa_country-martinique","8":"pa_type-rhum-agricole","9":"pa_volume-70-cl","10":"_wholesalex wsx-wholesalex-product","12":"first","13":"instock","14":"taxable","15":"shipping-taxable","16":"purchasable","17":"product-type-simple"},"_links":{"self":[{"href":"https:\/\/petitecave.ch\/de\/wp-json\/wp\/v2\/product\/8792","targetHints":{"allow":["GET"]}}],"collection":[{"href":"https:\/\/petitecave.ch\/de\/wp-json\/wp\/v2\/product"}],"about":[{"href":"https:\/\/petitecave.ch\/de\/wp-json\/wp\/v2\/types\/product"}],"replies":[{"embeddable":true,"href":"https:\/\/petitecave.ch\/de\/wp-json\/wp\/v2\/comments?post=8792"}],"wp:featuredmedia":[{"embeddable":true,"href":"https:\/\/petitecave.ch\/de\/wp-json\/wp\/v2\/media\/12183"}],"wp:attachment":[{"href":"https:\/\/petitecave.ch\/de\/wp-json\/wp\/v2\/media?parent=8792"}],"wp:term":[{"taxonomy":"product_cat","embeddable":true,"href":"https:\/\/petitecave.ch\/de\/wp-json\/wp\/v2\/product_cat?post=8792"},{"taxonomy":"product_tag","embeddable":true,"href":"https:\/\/petitecave.ch\/de\/wp-json\/wp\/v2\/product_tag?post=8792"}],"curies":[{"name":"wp","href":"https:\/\/api.w.org\/{rel}","templated":true}]}}