{"id":8788,"date":"2026-01-13T16:33:20","date_gmt":"2026-01-13T15:33:20","guid":{"rendered":""},"modified":"2026-02-12T16:05:20","modified_gmt":"2026-02-12T15:05:20","slug":"rhum-chamarel-premium","status":"publish","type":"product","link":"https:\/\/petitecave.ch\/de\/product\/rhum-chamarel-premium\/","title":{"rendered":"Chamarel Premium Rum 70cl"},"content":{"rendered":"<p><span style=\"color: #000000;\"><strong>Nez :<\/strong> Intense et \u00e9quilibr\u00e9.<\/span><\/p>\n<p><span style=\"color: #000000;\"><strong>Bouche :<\/strong> Fruit\u00e9e, sur la canne \u00e0 sucre et la vanille.<\/span><\/p>\n<p><span style=\"color: #000000;\"><strong>Finale :<\/strong> Longue et persistante.<\/span><\/p>","protected":false},"excerpt":{"rendered":"<p><span style=\"color: #000000;\"><b><strong>Distillerie Chamarel &#8211; \u00cele Maurice<\/p>\n<p><\/strong><\/b><span style=\"color: #000000;\"><em>La qualit\u00e9 des cannes de la plantation, le contr\u00f4le de la fermentation et de la distillation dans une colonne \u00e0 plateau donnent naissance \u00e0 ce rhum agricole d\u00e9licieusement aromatique. Une explosion exceptionnelle de saveurs dans tous vos cocktails.<\/em><\/span><\/span><\/p>","protected":false},"featured_media":18452,"comment_status":"open","ping_status":"closed","template":"","meta":[],"product_cat":[272],"product_tag":[],"class_list":{"0":"post-8788","1":"product","2":"type-product","3":"status-publish","4":"has-post-thumbnail","6":"product_brand-chamarel","7":"product_cat-rhum","8":"pa_color-blanc","9":"pa_country-ile-maurice","10":"pa_type-rhum-agricole","11":"pa_volume-70-cl","12":"_wholesalex wsx-wholesalex-product","14":"first","15":"instock","16":"taxable","17":"shipping-taxable","18":"purchasable","19":"product-type-simple"},"_links":{"self":[{"href":"https:\/\/petitecave.ch\/de\/wp-json\/wp\/v2\/product\/8788","targetHints":{"allow":["GET"]}}],"collection":[{"href":"https:\/\/petitecave.ch\/de\/wp-json\/wp\/v2\/product"}],"about":[{"href":"https:\/\/petitecave.ch\/de\/wp-json\/wp\/v2\/types\/product"}],"replies":[{"embeddable":true,"href":"https:\/\/petitecave.ch\/de\/wp-json\/wp\/v2\/comments?post=8788"}],"wp:featuredmedia":[{"embeddable":true,"href":"https:\/\/petitecave.ch\/de\/wp-json\/wp\/v2\/media\/18452"}],"wp:attachment":[{"href":"https:\/\/petitecave.ch\/de\/wp-json\/wp\/v2\/media?parent=8788"}],"wp:term":[{"taxonomy":"product_cat","embeddable":true,"href":"https:\/\/petitecave.ch\/de\/wp-json\/wp\/v2\/product_cat?post=8788"},{"taxonomy":"product_tag","embeddable":true,"href":"https:\/\/petitecave.ch\/de\/wp-json\/wp\/v2\/product_tag?post=8788"}],"curies":[{"name":"wp","href":"https:\/\/api.w.org\/{rel}","templated":true}]}}