{"id":8781,"date":"2025-10-28T10:33:13","date_gmt":"2025-10-28T10:33:13","guid":{"rendered":""},"modified":"2026-02-20T17:17:37","modified_gmt":"2026-02-20T16:17:37","slug":"rhum-bologne-vieux-xo","status":"publish","type":"product","link":"https:\/\/petitecave.ch\/de\/product\/rhum-bologne-vieux-xo\/","title":{"rendered":"Rhum Bologne Vieux XO 70cl"},"content":{"rendered":"<p><strong>Nez :\u00a0<\/strong>Il exprime avec une grande finesse sa large palette aromatique. Domin\u00e9e par les parfums sucr\u00e9s d&rsquo;orange confite et de miel, celle-ci s&rsquo;oriente d\u00e9licatement vers ceux d&rsquo;oranges sanguines, de canne \u00e0 sucre, de toffee et de bois\u00e9 pr\u00e9cieux. Son \u00e9volution r\u00e9v\u00e8le progressivement les fragrances \u00e9pic\u00e9es de cannelle, gingembre et safran. Quelques \u00e9manations de fruits secs viennent compl\u00e9ter harmonieusement cette richesse d&rsquo;effluves. Une l\u00e9g\u00e8re touche iod\u00e9e enveloppe le tout.<\/p>\n<p><strong>Bouche :\u00a0<\/strong>Au palais, ce rhum affiche saveur, gourmandise et complexit\u00e9. Les pailles voyagent entre shrubb et notes de fruits tropicaux confits. Quelques escales aux go\u00fbts vanill\u00e9s, fruit\u00e9s et \u00e9pic\u00e9s inspirent encore davantage. On retrouve la touche iod\u00e9e de nez, parfaitement \u00e9quilibr\u00e9e qui accompagne un bois\u00e9 d\u00e9licieusement fondu.<\/p>\n<p><strong>Finale :<\/strong>\u00a0Longue et suave, elle se dessine dans des accords doucement \u00ab\u00a0r\u00e9gliss\u00e9s\u00a0\u00bb et enrichis de notes animales et de cuir.<\/p>","protected":false},"excerpt":{"rendered":"<p><strong>Bologne Vieux XO\u00a0<b>&#8211; Guadeloupe<\/b><\/strong><\/p>\n<p>\u00a0<\/p>\n<p><em>Bologne XO est compos\u00e9 de rhums ayant vieilli durant un minimum de 6 ann\u00e9es jusqu&rsquo;\u00e0 10 ann\u00e9es et plus. Ce rhum exprime avec \u00e9clat toute l&rsquo;expertise et la m\u00e9ticulosit\u00e9 du Ma\u00eetre de Chai de cette belle maison.<\/em><\/p>\n<p>\u00a0<\/p>","protected":false},"featured_media":12171,"comment_status":"open","ping_status":"closed","template":"","meta":[],"product_cat":[272],"product_tag":[],"class_list":{"0":"post-8781","1":"product","2":"type-product","3":"status-publish","4":"has-post-thumbnail","6":"product_cat-rhum","7":"pa_country-guadeloupe","8":"pa_type-rhum-agricole","9":"pa_volume-70-cl","10":"_wholesalex wsx-wholesalex-product","12":"first","13":"instock","14":"taxable","15":"shipping-taxable","16":"purchasable","17":"product-type-simple"},"_links":{"self":[{"href":"https:\/\/petitecave.ch\/de\/wp-json\/wp\/v2\/product\/8781","targetHints":{"allow":["GET"]}}],"collection":[{"href":"https:\/\/petitecave.ch\/de\/wp-json\/wp\/v2\/product"}],"about":[{"href":"https:\/\/petitecave.ch\/de\/wp-json\/wp\/v2\/types\/product"}],"replies":[{"embeddable":true,"href":"https:\/\/petitecave.ch\/de\/wp-json\/wp\/v2\/comments?post=8781"}],"wp:featuredmedia":[{"embeddable":true,"href":"https:\/\/petitecave.ch\/de\/wp-json\/wp\/v2\/media\/12171"}],"wp:attachment":[{"href":"https:\/\/petitecave.ch\/de\/wp-json\/wp\/v2\/media?parent=8781"}],"wp:term":[{"taxonomy":"product_cat","embeddable":true,"href":"https:\/\/petitecave.ch\/de\/wp-json\/wp\/v2\/product_cat?post=8781"},{"taxonomy":"product_tag","embeddable":true,"href":"https:\/\/petitecave.ch\/de\/wp-json\/wp\/v2\/product_tag?post=8781"}],"curies":[{"name":"wp","href":"https:\/\/api.w.org\/{rel}","templated":true}]}}