{"id":8778,"date":"2025-10-28T10:33:11","date_gmt":"2025-10-28T10:33:11","guid":{"rendered":""},"modified":"2026-03-26T21:21:49","modified_gmt":"2026-03-26T20:21:49","slug":"rhum-bologne-blanc","status":"publish","type":"product","link":"https:\/\/petitecave.ch\/de\/product\/rhum-bologne-blanc\/","title":{"rendered":"Rhum Bologne Blanc 70cl"},"content":{"rendered":"<p>Depuis 1887, la distillerie Bologne campe sur un terroir unique entre mer et montagnes, Le style velout\u00e9 et fruit\u00e9 du rhum blanc Bologne 55% s&rsquo;explique par la magie qui s&rsquo;op\u00e8re entre le terroir volcanique, l&rsquo;air iod\u00e9, l&rsquo;eau de source descendue de la Soufri\u00e8re et l&rsquo;exposition au couchant du domaine. Bologne applique un style de distillation \u00e0 basse temp\u00e9rature qi privil\u00e9gie, gr\u00e2ce \u00e0 la colonne en cuivre, l&rsquo;expression du terroir et des vari\u00e9t\u00e9s de cannes en pr\u00e9servant au mieux les ar\u00f4mes.<\/p>\n<p><strong>Nez :\u00a0<\/strong>Ar\u00f4mes puissants et raffin\u00e9s de litchi, citron vert, orange et canne fra\u00eeche. Viennent ensuite des notes florales de fleurs blanches et \u00e9pic\u00e9s et de poivre blanc. Enfin une l\u00e9g\u00e8re touche iod\u00e9e.<\/p>\n<p><strong>Bouche :\u00a0<\/strong>Au palais, les agrumes sont tr\u00e8s pr\u00e9sents et nous accompagnent jusqu&rsquo;au bout de la palette aromatique. Elle s&rsquo;\u00e9largit ensuite sur des notes de canne \u00e0 sucre et de cassonade, de fleurs tropicales et de fruits exotiques rappelant la provenance de ce spiritueux.<\/p>","protected":false},"excerpt":{"rendered":"<p><b>Bologne Blanc &#8211; Guadeloupe<\/b><\/p>","protected":false},"featured_media":12168,"comment_status":"open","ping_status":"closed","template":"","meta":[],"product_cat":[272],"product_tag":[],"class_list":{"0":"post-8778","1":"product","2":"type-product","3":"status-publish","4":"has-post-thumbnail","6":"product_cat-rhum","7":"pa_color-blanc","8":"pa_country-guadeloupe","9":"pa_type-rhum-agricole","10":"pa_volume-70-cl","11":"_wholesalex wsx-wholesalex-product","13":"first","14":"instock","15":"taxable","16":"shipping-taxable","17":"purchasable","18":"product-type-simple"},"_links":{"self":[{"href":"https:\/\/petitecave.ch\/de\/wp-json\/wp\/v2\/product\/8778","targetHints":{"allow":["GET"]}}],"collection":[{"href":"https:\/\/petitecave.ch\/de\/wp-json\/wp\/v2\/product"}],"about":[{"href":"https:\/\/petitecave.ch\/de\/wp-json\/wp\/v2\/types\/product"}],"replies":[{"embeddable":true,"href":"https:\/\/petitecave.ch\/de\/wp-json\/wp\/v2\/comments?post=8778"}],"wp:featuredmedia":[{"embeddable":true,"href":"https:\/\/petitecave.ch\/de\/wp-json\/wp\/v2\/media\/12168"}],"wp:attachment":[{"href":"https:\/\/petitecave.ch\/de\/wp-json\/wp\/v2\/media?parent=8778"}],"wp:term":[{"taxonomy":"product_cat","embeddable":true,"href":"https:\/\/petitecave.ch\/de\/wp-json\/wp\/v2\/product_cat?post=8778"},{"taxonomy":"product_tag","embeddable":true,"href":"https:\/\/petitecave.ch\/de\/wp-json\/wp\/v2\/product_tag?post=8778"}],"curies":[{"name":"wp","href":"https:\/\/api.w.org\/{rel}","templated":true}]}}