{"id":8777,"date":"2025-10-28T10:33:10","date_gmt":"2025-10-28T10:33:10","guid":{"rendered":""},"modified":"2026-02-20T17:06:45","modified_gmt":"2026-02-20T16:06:45","slug":"black-tears-spiced-rum","status":"publish","type":"product","link":"https:\/\/petitecave.ch\/de\/product\/black-tears-spiced-rum\/","title":{"rendered":"Black Tears Spiced Rum 70cl"},"content":{"rendered":"<p>C&rsquo;est un rhum \u00e9pic\u00e9 de Cuba. Il est \u00e9labor\u00e9 sur une base de rhum cubain vieilli 2 ans en ex-f\u00fbts de bourbon. Une infusion avec des \u00e9pices 100% naturelles est ensuite appliqu\u00e9e. On y trouve des grains de caf\u00e9, du cacao, et des piments doux dit \u00ab\u00a0aji dulce\u00a0\u00bb. Le tout provient des meilleurs terroirs cubains, et aucun ajout de d&rsquo;ar\u00f4mes artificiels n&rsquo;est effectu\u00e9. Son nom \u00ab\u00a0Black Tears\u00a0\u00bb (Larmes Noires) est inspir\u00e9 de la fameuse chanson Lagrimas Negras, un standard de la musique cubaine compos\u00e9e en 1929.<\/p>","protected":false},"excerpt":{"rendered":"<p>Rhum Black Tears Spiced<\/p>","protected":false},"featured_media":12167,"comment_status":"open","ping_status":"closed","template":"","meta":[],"product_cat":[272],"product_tag":[],"class_list":{"0":"post-8777","1":"product","2":"type-product","3":"status-publish","4":"has-post-thumbnail","6":"product_cat-rhum","7":"pa_country-cuba","8":"pa_type-spiced","9":"pa_volume-70-cl","10":"_wholesalex wsx-wholesalex-product","12":"first","13":"instock","14":"taxable","15":"shipping-taxable","16":"purchasable","17":"product-type-simple"},"_links":{"self":[{"href":"https:\/\/petitecave.ch\/de\/wp-json\/wp\/v2\/product\/8777","targetHints":{"allow":["GET"]}}],"collection":[{"href":"https:\/\/petitecave.ch\/de\/wp-json\/wp\/v2\/product"}],"about":[{"href":"https:\/\/petitecave.ch\/de\/wp-json\/wp\/v2\/types\/product"}],"replies":[{"embeddable":true,"href":"https:\/\/petitecave.ch\/de\/wp-json\/wp\/v2\/comments?post=8777"}],"wp:featuredmedia":[{"embeddable":true,"href":"https:\/\/petitecave.ch\/de\/wp-json\/wp\/v2\/media\/12167"}],"wp:attachment":[{"href":"https:\/\/petitecave.ch\/de\/wp-json\/wp\/v2\/media?parent=8777"}],"wp:term":[{"taxonomy":"product_cat","embeddable":true,"href":"https:\/\/petitecave.ch\/de\/wp-json\/wp\/v2\/product_cat?post=8777"},{"taxonomy":"product_tag","embeddable":true,"href":"https:\/\/petitecave.ch\/de\/wp-json\/wp\/v2\/product_tag?post=8777"}],"curies":[{"name":"wp","href":"https:\/\/api.w.org\/{rel}","templated":true}]}}