{"id":8776,"date":"2025-10-28T10:33:09","date_gmt":"2025-10-28T10:33:09","guid":{"rendered":""},"modified":"2026-02-20T17:17:19","modified_gmt":"2026-02-20T16:17:19","slug":"rhum-bielle-vieux-2008","status":"publish","type":"product","link":"https:\/\/petitecave.ch\/de\/product\/rhum-bielle-vieux-2008\/","title":{"rendered":"Rhum Bielle Vieux 2008 70cl"},"content":{"rendered":"<p>10 ann\u00e9e de vieillissement sur l&rsquo;\u00eele de Marie-Galante ont \u00e9t\u00e9 n\u00e9cessaires \u00e0 ce rhum pour qu&rsquo;il atteigne sa parfaite maturation et livre sa plus belle expression. Distill\u00e9 en 2008 et embouteill\u00e9 en 2018 \u00e0 la distillerie, ce mill\u00e9sime Bielle, harmonieux et riche, s&rsquo;inscrit dans un registre g\u00e9n\u00e9reusement fruit\u00e9.<\/p>\n<p><strong>Nez :\u00a0<\/strong>Merveilleusement \u00e9quilibr\u00e9, le nez offre des parfums de vanille Bourbon et de miel plein de sensualit\u00e9.<\/p>\n<p><strong>Bouche :\u00a0<\/strong>Un superbe bouquet de saveurs fruit\u00e9es exotiques caresse all\u00e8grement le palais, telle une ode \u00e0 son terroir.<\/p>\n<p><strong>Finale :\u00a0<\/strong>D\u00e9licatesse et suavit\u00e9 s&rsquo;accordent dans une tr\u00e8s belle longueur.<\/p>","protected":false},"excerpt":{"rendered":"<p><b>Bielle Vieux 2008 &#8211; <strong>Distillerie Bielle &#8211; Marie-Galante<\/strong><\/b><\/p>","protected":false},"featured_media":12166,"comment_status":"open","ping_status":"closed","template":"","meta":[],"product_cat":[272],"product_tag":[],"class_list":{"0":"post-8776","1":"product","2":"type-product","3":"status-publish","4":"has-post-thumbnail","6":"product_cat-rhum","7":"pa_country-marie-galante","8":"pa_type-rhum-agricole","9":"pa_volume-70-cl","10":"_wholesalex wsx-wholesalex-product","12":"first","13":"instock","14":"taxable","15":"shipping-taxable","16":"purchasable","17":"product-type-simple"},"_links":{"self":[{"href":"https:\/\/petitecave.ch\/de\/wp-json\/wp\/v2\/product\/8776","targetHints":{"allow":["GET"]}}],"collection":[{"href":"https:\/\/petitecave.ch\/de\/wp-json\/wp\/v2\/product"}],"about":[{"href":"https:\/\/petitecave.ch\/de\/wp-json\/wp\/v2\/types\/product"}],"replies":[{"embeddable":true,"href":"https:\/\/petitecave.ch\/de\/wp-json\/wp\/v2\/comments?post=8776"}],"wp:featuredmedia":[{"embeddable":true,"href":"https:\/\/petitecave.ch\/de\/wp-json\/wp\/v2\/media\/12166"}],"wp:attachment":[{"href":"https:\/\/petitecave.ch\/de\/wp-json\/wp\/v2\/media?parent=8776"}],"wp:term":[{"taxonomy":"product_cat","embeddable":true,"href":"https:\/\/petitecave.ch\/de\/wp-json\/wp\/v2\/product_cat?post=8776"},{"taxonomy":"product_tag","embeddable":true,"href":"https:\/\/petitecave.ch\/de\/wp-json\/wp\/v2\/product_tag?post=8776"}],"curies":[{"name":"wp","href":"https:\/\/api.w.org\/{rel}","templated":true}]}}