{"id":8775,"date":"2025-10-28T10:33:08","date_gmt":"2025-10-28T10:33:08","guid":{"rendered":""},"modified":"2026-02-20T17:17:07","modified_gmt":"2026-02-20T16:17:07","slug":"rhum-bielle-blanc-1l","status":"publish","type":"product","link":"https:\/\/petitecave.ch\/de\/product\/rhum-bielle-blanc-1l\/","title":{"rendered":"Rhum Bielle Blanc 100cl"},"content":{"rendered":"<p>M\u00e9daille d&rsquo;Or au Concours G\u00e9n\u00e9ral Agricole de Paris en 2013, le rhum blanc agricole de la marque Bielle est \u00e9labor\u00e9 avec passion sur la petite \u00eele de Marie-Galante, dans le plus grand respect des traditions familiales. Digne repr\u00e9sentant du terroir de Marie-Galante, le rhum blanc Bielle est un rhum \u00e0 d\u00e9couvrir.<\/p>\n<p>Ce rhum blanc d\u00e9voilera toute la richesse de ses ar\u00f4mes en ti-punch, accompagn\u00e9 d&rsquo;une larme de sirop de canne et d&rsquo;un zeste de citron.<\/p>","protected":false},"excerpt":{"rendered":"<p><b>Bielle Blanc &#8211; Distillerie Bielle &#8211; Marie-Galante<\/b><\/p>\n<p>\u00a0<\/p>\n<p><i>Ce rhum blanc agricole est \u00e9labor\u00e9 avec passion, dans le plus grand respect des traditions familiales, digne repr\u00e9sentant du terroir de Marie-Galante.<\/i><i><\/i><\/p>\n<p><i>M\u00e9daille d&rsquo;Or au Concours G\u00e9n\u00e9ral Agricole de Paris en 2013<\/i><\/p>\n<p>\u00a0<\/p>\n<p>\u00a0<\/p>","protected":false},"featured_media":12165,"comment_status":"open","ping_status":"closed","template":"","meta":[],"product_cat":[272],"product_tag":[],"class_list":{"0":"post-8775","1":"product","2":"type-product","3":"status-publish","4":"has-post-thumbnail","6":"product_cat-rhum","7":"pa_color-blanc","8":"pa_country-marie-galante","9":"pa_type-rhum-agricole","10":"_wholesalex wsx-wholesalex-product","12":"first","13":"instock","14":"taxable","15":"shipping-taxable","16":"purchasable","17":"product-type-simple"},"_links":{"self":[{"href":"https:\/\/petitecave.ch\/de\/wp-json\/wp\/v2\/product\/8775","targetHints":{"allow":["GET"]}}],"collection":[{"href":"https:\/\/petitecave.ch\/de\/wp-json\/wp\/v2\/product"}],"about":[{"href":"https:\/\/petitecave.ch\/de\/wp-json\/wp\/v2\/types\/product"}],"replies":[{"embeddable":true,"href":"https:\/\/petitecave.ch\/de\/wp-json\/wp\/v2\/comments?post=8775"}],"wp:featuredmedia":[{"embeddable":true,"href":"https:\/\/petitecave.ch\/de\/wp-json\/wp\/v2\/media\/12165"}],"wp:attachment":[{"href":"https:\/\/petitecave.ch\/de\/wp-json\/wp\/v2\/media?parent=8775"}],"wp:term":[{"taxonomy":"product_cat","embeddable":true,"href":"https:\/\/petitecave.ch\/de\/wp-json\/wp\/v2\/product_cat?post=8775"},{"taxonomy":"product_tag","embeddable":true,"href":"https:\/\/petitecave.ch\/de\/wp-json\/wp\/v2\/product_tag?post=8775"}],"curies":[{"name":"wp","href":"https:\/\/api.w.org\/{rel}","templated":true}]}}