{"id":8771,"date":"2025-10-28T10:33:05","date_gmt":"2025-10-28T10:33:05","guid":{"rendered":""},"modified":"2026-02-20T17:13:49","modified_gmt":"2026-02-20T16:13:49","slug":"rhum-banks-7-ans","status":"publish","type":"product","link":"https:\/\/petitecave.ch\/de\/product\/rhum-banks-7-ans\/","title":{"rendered":"Rhum Banks &#8211; 7 Ans 70cl"},"content":{"rendered":"<p>C&rsquo;est\u00a0un rhum d&rsquo;une grande intensit\u00e9 aromatique, offrant des notes de fruits exotiques, de f\u00e8ves de cacao, de noix de muscade ainsi que des ar\u00f4mes v\u00e9g\u00e9taux et \u00e9pic\u00e9s charmeurs.<\/p>","protected":false},"excerpt":{"rendered":"<p><strong>Banks Golden Blend Rum &#8211; 7 Ans\u00a0<\/strong><\/p>\n<\/p>\n<p><em>Ce rhum vieux est un assemblage de rhums de la Jama\u00efque, de Java, de Guyane, du Panama, de Trinidad, du Guatemala et de la Barbade qui ont, chacun, m\u00fbri durant au moins trois en ans en f\u00fbts.<\/em><\/p>\n<\/p>\n<p><em>La marque Banks a choisi ce nom en hommage \u00e0 un scientifique et fameux aventurier, Joseph Banks, qui sillonnait les mers \u00e0 bord de l&rsquo;Endeavour, en compagnie du c\u00e9l\u00e8bre explorateur James Cook.<\/em><\/p>","protected":false},"featured_media":12161,"comment_status":"open","ping_status":"closed","template":"","meta":[],"product_cat":[272],"product_tag":[],"class_list":{"0":"post-8771","1":"product","2":"type-product","3":"status-publish","4":"has-post-thumbnail","6":"product_cat-rhum","7":"pa_type-rhum-traditionnel","8":"pa_volume-70-cl","9":"_wholesalex wsx-wholesalex-product","11":"first","12":"instock","13":"taxable","14":"shipping-taxable","15":"purchasable","16":"product-type-simple"},"_links":{"self":[{"href":"https:\/\/petitecave.ch\/de\/wp-json\/wp\/v2\/product\/8771","targetHints":{"allow":["GET"]}}],"collection":[{"href":"https:\/\/petitecave.ch\/de\/wp-json\/wp\/v2\/product"}],"about":[{"href":"https:\/\/petitecave.ch\/de\/wp-json\/wp\/v2\/types\/product"}],"replies":[{"embeddable":true,"href":"https:\/\/petitecave.ch\/de\/wp-json\/wp\/v2\/comments?post=8771"}],"wp:featuredmedia":[{"embeddable":true,"href":"https:\/\/petitecave.ch\/de\/wp-json\/wp\/v2\/media\/12161"}],"wp:attachment":[{"href":"https:\/\/petitecave.ch\/de\/wp-json\/wp\/v2\/media?parent=8771"}],"wp:term":[{"taxonomy":"product_cat","embeddable":true,"href":"https:\/\/petitecave.ch\/de\/wp-json\/wp\/v2\/product_cat?post=8771"},{"taxonomy":"product_tag","embeddable":true,"href":"https:\/\/petitecave.ch\/de\/wp-json\/wp\/v2\/product_tag?post=8771"}],"curies":[{"name":"wp","href":"https:\/\/api.w.org\/{rel}","templated":true}]}}