{"id":8768,"date":"2025-10-28T10:33:02","date_gmt":"2025-10-28T10:33:02","guid":{"rendered":""},"modified":"2026-02-20T17:06:45","modified_gmt":"2026-02-20T16:06:45","slug":"bacardi-reserva-ocho","status":"publish","type":"product","link":"https:\/\/petitecave.ch\/de\/product\/bacardi-reserva-ocho\/","title":{"rendered":"Bacardi Reserva Ocho 70cl"},"content":{"rendered":"<p><strong>Nez :\u00a0<\/strong>Vif et intense, il d\u00e9voile d&rsquo;agr\u00e9ables notes de prune et d&rsquo;abricot qui lui donnent un joli caract\u00e8re fruit\u00e9\u00a0<\/p>\n<p><strong>Bouche : <\/strong>On retrouve\u00a0la prune et abricot sublim\u00e9s par des notes de noix de muscade et de vanille qui complexifient l&rsquo;ensemble.<\/p>\n<p><strong>Finale :\u00a0<\/strong>Douce et onctueuse<\/p>","protected":false},"excerpt":{"rendered":"<p><b>Bacardi Reserva\u00a0Ocho &#8211; Porto Rico\u00a0<\/b><\/p>","protected":false},"featured_media":12158,"comment_status":"open","ping_status":"closed","template":"","meta":[],"product_cat":[272],"product_tag":[],"class_list":{"0":"post-8768","1":"product","2":"type-product","3":"status-publish","4":"has-post-thumbnail","6":"product_cat-rhum","7":"pa_country-porto-rico","8":"pa_type-rhum-traditionnel","9":"pa_volume-70-cl","10":"_wholesalex wsx-wholesalex-product","12":"first","13":"instock","14":"taxable","15":"shipping-taxable","16":"purchasable","17":"product-type-simple"},"_links":{"self":[{"href":"https:\/\/petitecave.ch\/de\/wp-json\/wp\/v2\/product\/8768","targetHints":{"allow":["GET"]}}],"collection":[{"href":"https:\/\/petitecave.ch\/de\/wp-json\/wp\/v2\/product"}],"about":[{"href":"https:\/\/petitecave.ch\/de\/wp-json\/wp\/v2\/types\/product"}],"replies":[{"embeddable":true,"href":"https:\/\/petitecave.ch\/de\/wp-json\/wp\/v2\/comments?post=8768"}],"wp:featuredmedia":[{"embeddable":true,"href":"https:\/\/petitecave.ch\/de\/wp-json\/wp\/v2\/media\/12158"}],"wp:attachment":[{"href":"https:\/\/petitecave.ch\/de\/wp-json\/wp\/v2\/media?parent=8768"}],"wp:term":[{"taxonomy":"product_cat","embeddable":true,"href":"https:\/\/petitecave.ch\/de\/wp-json\/wp\/v2\/product_cat?post=8768"},{"taxonomy":"product_tag","embeddable":true,"href":"https:\/\/petitecave.ch\/de\/wp-json\/wp\/v2\/product_tag?post=8768"}],"curies":[{"name":"wp","href":"https:\/\/api.w.org\/{rel}","templated":true}]}}