{"id":8767,"date":"2025-10-28T10:33:01","date_gmt":"2025-10-28T10:33:01","guid":{"rendered":""},"modified":"2026-02-20T17:07:40","modified_gmt":"2026-02-20T16:07:40","slug":"bacardi-carta-oro","status":"publish","type":"product","link":"https:\/\/petitecave.ch\/de\/product\/bacardi-carta-oro\/","title":{"rendered":"Bacardi Carta Oro 70cl"},"content":{"rendered":"","protected":false},"excerpt":{"rendered":"<p><strong>Bacardi &#8211; Carta Oro &#8211; Porto Rico<\/strong><\/p>\n<p><strong><\/strong><\/p>\n<p><em>Il est issu d&rsquo;un assemblage de rhums \u00e2g\u00e9s de 3 \u00e0 5 ans, vieillis en f\u00fbts de ch\u00eane brul\u00e9s.<\/em><\/p>\n<p><em>Sa robe dor\u00e9e, \u00e0 laquelle fait r\u00e9f\u00e9rence son nom, dissimule des effluves de noix et de fruits secs sur un fond bois\u00e9.<\/em><\/p>\n<p><em>Cette cuv\u00e9e s&rsquo;av\u00e8re, elle aussi, tr\u00e8s utilis\u00e9e en mixologie.<\/em><\/p>","protected":false},"featured_media":12157,"comment_status":"open","ping_status":"closed","template":"","meta":[],"product_cat":[272],"product_tag":[],"class_list":{"0":"post-8767","1":"product","2":"type-product","3":"status-publish","4":"has-post-thumbnail","6":"product_cat-rhum","7":"pa_color-ambree","8":"pa_type-rhum-traditionnel","9":"pa_volume-70-cl","10":"_wholesalex wsx-wholesalex-product","12":"first","13":"instock","14":"taxable","15":"shipping-taxable","16":"purchasable","17":"product-type-simple"},"_links":{"self":[{"href":"https:\/\/petitecave.ch\/de\/wp-json\/wp\/v2\/product\/8767","targetHints":{"allow":["GET"]}}],"collection":[{"href":"https:\/\/petitecave.ch\/de\/wp-json\/wp\/v2\/product"}],"about":[{"href":"https:\/\/petitecave.ch\/de\/wp-json\/wp\/v2\/types\/product"}],"replies":[{"embeddable":true,"href":"https:\/\/petitecave.ch\/de\/wp-json\/wp\/v2\/comments?post=8767"}],"wp:featuredmedia":[{"embeddable":true,"href":"https:\/\/petitecave.ch\/de\/wp-json\/wp\/v2\/media\/12157"}],"wp:attachment":[{"href":"https:\/\/petitecave.ch\/de\/wp-json\/wp\/v2\/media?parent=8767"}],"wp:term":[{"taxonomy":"product_cat","embeddable":true,"href":"https:\/\/petitecave.ch\/de\/wp-json\/wp\/v2\/product_cat?post=8767"},{"taxonomy":"product_tag","embeddable":true,"href":"https:\/\/petitecave.ch\/de\/wp-json\/wp\/v2\/product_tag?post=8767"}],"curies":[{"name":"wp","href":"https:\/\/api.w.org\/{rel}","templated":true}]}}