{"id":8762,"date":"2025-10-28T10:32:57","date_gmt":"2025-10-28T10:32:57","guid":{"rendered":""},"modified":"2026-02-20T17:13:49","modified_gmt":"2026-02-20T16:13:49","slug":"rhum-appleton-estate-rare-blend-12-ans","status":"publish","type":"product","link":"https:\/\/petitecave.ch\/de\/product\/rhum-appleton-estate-rare-blend-12-ans\/","title":{"rendered":"Rhum Appleton Estate Rare Blend &#8211; 12 Ans 70cl"},"content":{"rendered":"<p><strong>Nez :\u00a0<\/strong>Riche et domin\u00e9 par des effluves de zeste d&rsquo;orange et de noix\u00a0puis des parfums de\u00a0p\u00eache se m\u00ealent \u00e0 l&rsquo;onctuosit\u00e9 du sirop d&rsquo;\u00e9rable, parsem\u00e9s de fines pointes de vanille et de bois\u00e9<\/p>\n<p><strong>Bouche :\u00a0<\/strong>Entre\u00a0douceur et caract\u00e8re, elle est domin\u00e9e par des notes de miel, de ch\u00eane, d&rsquo;amandes grill\u00e9es et de vanille accompagn\u00e9es des zestes d&rsquo;orange du nez\u00a0<\/p>\n<p><strong>Finale :\u00a0<\/strong>Belle longueur tout en \u00e9l\u00e9gance et douceur aves des saveurs vanill\u00e9es<\/p>","protected":false},"excerpt":{"rendered":"<p><strong>Appleton Estate Rare Blend &#8211; 12 Ans\u00a0<\/strong><\/p>","protected":false},"featured_media":12152,"comment_status":"open","ping_status":"closed","template":"","meta":[],"product_cat":[272],"product_tag":[],"class_list":{"0":"post-8762","1":"product","2":"type-product","3":"status-publish","4":"has-post-thumbnail","6":"product_cat-rhum","7":"pa_country-jamaique","8":"pa_type-rhum-traditionnel","9":"pa_volume-70-cl","10":"_wholesalex wsx-wholesalex-product","12":"first","13":"instock","14":"taxable","15":"shipping-taxable","16":"purchasable","17":"product-type-simple"},"_links":{"self":[{"href":"https:\/\/petitecave.ch\/de\/wp-json\/wp\/v2\/product\/8762","targetHints":{"allow":["GET"]}}],"collection":[{"href":"https:\/\/petitecave.ch\/de\/wp-json\/wp\/v2\/product"}],"about":[{"href":"https:\/\/petitecave.ch\/de\/wp-json\/wp\/v2\/types\/product"}],"replies":[{"embeddable":true,"href":"https:\/\/petitecave.ch\/de\/wp-json\/wp\/v2\/comments?post=8762"}],"wp:featuredmedia":[{"embeddable":true,"href":"https:\/\/petitecave.ch\/de\/wp-json\/wp\/v2\/media\/12152"}],"wp:attachment":[{"href":"https:\/\/petitecave.ch\/de\/wp-json\/wp\/v2\/media?parent=8762"}],"wp:term":[{"taxonomy":"product_cat","embeddable":true,"href":"https:\/\/petitecave.ch\/de\/wp-json\/wp\/v2\/product_cat?post=8762"},{"taxonomy":"product_tag","embeddable":true,"href":"https:\/\/petitecave.ch\/de\/wp-json\/wp\/v2\/product_tag?post=8762"}],"curies":[{"name":"wp","href":"https:\/\/api.w.org\/{rel}","templated":true}]}}