{"id":8758,"date":"2025-10-28T10:32:54","date_gmt":"2025-10-28T10:32:54","guid":{"rendered":""},"modified":"2026-02-20T17:13:49","modified_gmt":"2026-02-20T16:13:49","slug":"rhum-aldea-familia-15-ans","status":"publish","type":"product","link":"https:\/\/petitecave.ch\/de\/product\/rhum-aldea-familia-15-ans\/","title":{"rendered":"Rhum Aldea Familia 15 Ans 70cl"},"content":{"rendered":"<p><strong>Nez :\u00a0<\/strong>Il d\u00e9gage des ar\u00f4mes de canne \u00e0 sucre avec un l\u00e9ger c\u00f4t\u00e9 sucr\u00e9<\/p>\n<p><strong>Bouche :\u00a0<\/strong>Discr\u00e8te et moelleuse, mais on y d\u00e9couvre en m\u00eame temps des ar\u00f4mes stimulants et des notes bois\u00e9es<\/p>\n<p><strong>Finale :\u00a0<\/strong>Elle est riche, douce et harmonieuse avec une pointe de note iod\u00e9e<\/p>","protected":false},"excerpt":{"rendered":"<p><strong>Aldea Familia 15 Ans &#8211; Aldea Distilleries S.L &#8211; Palma<\/strong><\/p>","protected":false},"featured_media":12148,"comment_status":"open","ping_status":"closed","template":"","meta":[],"product_cat":[272],"product_tag":[],"class_list":{"0":"post-8758","1":"product","2":"type-product","3":"status-publish","4":"has-post-thumbnail","6":"product_cat-rhum","7":"pa_country-canaries","8":"pa_type-rhum-traditionnel","9":"pa_volume-70-cl","10":"_wholesalex wsx-wholesalex-product","12":"first","13":"instock","14":"taxable","15":"shipping-taxable","16":"purchasable","17":"product-type-simple"},"_links":{"self":[{"href":"https:\/\/petitecave.ch\/de\/wp-json\/wp\/v2\/product\/8758","targetHints":{"allow":["GET"]}}],"collection":[{"href":"https:\/\/petitecave.ch\/de\/wp-json\/wp\/v2\/product"}],"about":[{"href":"https:\/\/petitecave.ch\/de\/wp-json\/wp\/v2\/types\/product"}],"replies":[{"embeddable":true,"href":"https:\/\/petitecave.ch\/de\/wp-json\/wp\/v2\/comments?post=8758"}],"wp:featuredmedia":[{"embeddable":true,"href":"https:\/\/petitecave.ch\/de\/wp-json\/wp\/v2\/media\/12148"}],"wp:attachment":[{"href":"https:\/\/petitecave.ch\/de\/wp-json\/wp\/v2\/media?parent=8758"}],"wp:term":[{"taxonomy":"product_cat","embeddable":true,"href":"https:\/\/petitecave.ch\/de\/wp-json\/wp\/v2\/product_cat?post=8758"},{"taxonomy":"product_tag","embeddable":true,"href":"https:\/\/petitecave.ch\/de\/wp-json\/wp\/v2\/product_tag?post=8758"}],"curies":[{"name":"wp","href":"https:\/\/api.w.org\/{rel}","templated":true}]}}