{"id":19633,"date":"2026-05-12T16:08:22","date_gmt":"2026-05-12T14:08:22","guid":{"rendered":"https:\/\/petitecave.ch\/?post_type=product&#038;p=19633"},"modified":"2026-05-12T17:26:11","modified_gmt":"2026-05-12T15:26:11","slug":"crozes-hermitage-domaine-delhome-75cl","status":"publish","type":"product","link":"https:\/\/petitecave.ch\/de\/product\/crozes-hermitage-domaine-delhome-75cl\/","title":{"rendered":"Crozes-Hermitage &#8211; Domaine Delhome 75cl"},"content":{"rendered":"<p><span style=\"color: #000000;\"><strong>Crozes-Hermitage AOP <a style=\"color: #000000;\" href=\"https:\/\/domainedelhome.fr\/\">Domaine Delhome<\/a><\/strong><\/span><\/p>\n<p><span style=\"color: #000000;\">Issu exclusivement du c\u00e9page <a style=\"color: #000000;\" href=\"https:\/\/petitecave.ch\/de\/product-category\/vins\/rouge\/?filter_cepages=syrah\"><strong>Syrah<\/strong><\/a>, ce Crozes-Hermitage exprime avec authenticit\u00e9 tout le caract\u00e8re des grands vins de la Vall\u00e9e du Rh\u00f4ne septentrionale.<\/span><\/p>\n<p><span style=\"color: #000000;\">Le nez d\u00e9voile de g\u00e9n\u00e9reux ar\u00f4mes de fruits noirs, de violette et d\u2019\u00e9pices douces, accompagn\u00e9s de d\u00e9licates notes poivr\u00e9es typiques de la Syrah. En bouche, la structure est \u00e9l\u00e9gante, avec des tanins soyeux, une belle fra\u00eecheur et une finale persistante aux accents l\u00e9g\u00e8rement fum\u00e9s.<\/span><\/p>\n<p><span style=\"color: #000000;\">Ce <strong>Crozes-Hermitage Domaine Delhome <\/strong>poss\u00e8de un <strong>potentiel de garde de 5 \u00e0 8 ans<\/strong>, lui permettant de gagner en complexit\u00e9 et en profondeur avec le temps.<\/span><\/p>\n<p><span style=\"color: #000000;\">Parfait avec une <strong>viande rouge grill\u00e9e<\/strong>, un magret de canard, des plats mijot\u00e9s, de l\u2019agneau ou des fromages affin\u00e9s.<\/span><\/p>\n<p><span style=\"color: #000000;\">Un Crozes-Hermitage \u00e9l\u00e9gant et g\u00e9n\u00e9reux, id\u00e9al pour d\u00e9couvrir toute la finesse des grandes Syrah rhodaniennes.<\/span><\/p>","protected":false},"excerpt":{"rendered":"<p><span style=\"color: #000000;\">Issu exclusivement du c\u00e9page <strong>Syrah<\/strong>, ce Crozes-Hermitage exprime avec authenticit\u00e9 tout le caract\u00e8re des grands vins de la Vall\u00e9e du Rh\u00f4ne septentrionale.<\/span><\/p>\n<p><span style=\"color: #000000;\">Le nez d\u00e9voile de g\u00e9n\u00e9reux ar\u00f4mes de fruits noirs, de violette et d\u2019\u00e9pices douces, accompagn\u00e9s de d\u00e9licates notes poivr\u00e9es typiques de la Syrah. En bouche, la structure est \u00e9l\u00e9gante, avec des tanins soyeux, une belle fra\u00eecheur et une finale persistante aux accents l\u00e9g\u00e8rement fum\u00e9s.<\/span><\/p>","protected":false},"featured_media":19634,"comment_status":"closed","ping_status":"closed","template":"","meta":[],"product_cat":[253],"product_tag":[1366],"class_list":{"0":"post-19633","1":"product","2":"type-product","3":"status-publish","4":"has-post-thumbnail","6":"product_cat-vins","7":"product_tag-offre-privee-speciale-vins","8":"pa_categorie-vins-rouges","9":"pa_country-france","10":"pa_volume-75-cl","11":"_wholesalex wsx-wholesalex-product","13":"first","14":"instock","15":"taxable","16":"shipping-taxable","17":"purchasable","18":"product-type-simple"},"yoast_head":"<!-- This site is optimized with the Yoast SEO plugin v27.6 - https:\/\/yoast.com\/product\/yoast-seo-wordpress\/ -->\n<title>Crozes-Hermitage - Domaine Delhome 75cl | La Petite Cave du Chablais<\/title>\n<meta name=\"description\" content=\"Ce Crozes-Hermitage AOP Domaine Delhome exprime avec authenticit\u00e9 tout le caract\u00e8re des grands vins de la Vall\u00e9e du Rh\u00f4ne septentrionale.\" \/>\n<meta name=\"robots\" content=\"noindex, follow\" \/>\n<meta property=\"og:locale\" content=\"de_DE\" \/>\n<meta property=\"og:type\" content=\"article\" \/>\n<meta property=\"og:title\" content=\"Crozes-Hermitage - Domaine Delhome 75cl | La Petite Cave du Chablais\" \/>\n<meta property=\"og:description\" content=\"Ce Crozes-Hermitage AOP Domaine Delhome exprime avec authenticit\u00e9 tout le caract\u00e8re des grands vins de la Vall\u00e9e du Rh\u00f4ne septentrionale.\" \/>\n<meta property=\"og:url\" content=\"https:\/\/petitecave.ch\/de\/product\/crozes-hermitage-domaine-delhome-75cl\/\" \/>\n<meta property=\"og:site_name\" content=\"La Petite Cave du Chablais\" \/>\n<meta property=\"article:publisher\" content=\"https:\/\/www.facebook.com\/LaPetiteCaveDuChablais\" \/>\n<meta property=\"article:modified_time\" content=\"2026-05-12T15:26:11+00:00\" \/>\n<meta property=\"og:image\" content=\"https:\/\/petitecave.ch\/wp-content\/uploads\/2026\/05\/Crozes-Hermitage-Delhome-75cl.png\" \/>\n\t<meta property=\"og:image:width\" content=\"1000\" \/>\n\t<meta property=\"og:image:height\" content=\"1000\" \/>\n\t<meta property=\"og:image:type\" content=\"image\/png\" \/>\n<meta name=\"twitter:card\" content=\"summary_large_image\" \/>\n<meta name=\"twitter:label1\" content=\"Gesch\u00e4tzte Lesezeit\" \/>\n\t<meta name=\"twitter:data1\" content=\"1\u00a0Minute\" \/>\n<script type=\"application\/ld+json\" class=\"yoast-schema-graph\">{\"@context\":\"https:\\\/\\\/schema.org\",\"@graph\":[{\"@type\":\"WebPage\",\"@id\":\"https:\\\/\\\/petitecave.ch\\\/product\\\/crozes-hermitage-domaine-delhome-75cl\\\/\",\"url\":\"https:\\\/\\\/petitecave.ch\\\/product\\\/crozes-hermitage-domaine-delhome-75cl\\\/\",\"name\":\"Crozes-Hermitage - Domaine Delhome 75cl | La Petite Cave du Chablais\",\"isPartOf\":{\"@id\":\"https:\\\/\\\/petitecave.ch\\\/de\\\/#website\"},\"primaryImageOfPage\":{\"@id\":\"https:\\\/\\\/petitecave.ch\\\/product\\\/crozes-hermitage-domaine-delhome-75cl\\\/#primaryimage\"},\"image\":{\"@id\":\"https:\\\/\\\/petitecave.ch\\\/product\\\/crozes-hermitage-domaine-delhome-75cl\\\/#primaryimage\"},\"thumbnailUrl\":\"https:\\\/\\\/petitecave.ch\\\/wp-content\\\/uploads\\\/2026\\\/05\\\/Crozes-Hermitage-Delhome-75cl.png\",\"datePublished\":\"2026-05-12T14:08:22+00:00\",\"dateModified\":\"2026-05-12T15:26:11+00:00\",\"description\":\"Ce Crozes-Hermitage AOP Domaine Delhome exprime avec authenticit\u00e9 tout le caract\u00e8re des grands vins de la Vall\u00e9e du Rh\u00f4ne septentrionale.\",\"breadcrumb\":{\"@id\":\"https:\\\/\\\/petitecave.ch\\\/product\\\/crozes-hermitage-domaine-delhome-75cl\\\/#breadcrumb\"},\"inLanguage\":\"de-CH\",\"potentialAction\":[{\"@type\":\"ReadAction\",\"target\":[\"https:\\\/\\\/petitecave.ch\\\/product\\\/crozes-hermitage-domaine-delhome-75cl\\\/\"]}]},{\"@type\":\"ImageObject\",\"inLanguage\":\"de-CH\",\"@id\":\"https:\\\/\\\/petitecave.ch\\\/product\\\/crozes-hermitage-domaine-delhome-75cl\\\/#primaryimage\",\"url\":\"https:\\\/\\\/petitecave.ch\\\/wp-content\\\/uploads\\\/2026\\\/05\\\/Crozes-Hermitage-Delhome-75cl.png\",\"contentUrl\":\"https:\\\/\\\/petitecave.ch\\\/wp-content\\\/uploads\\\/2026\\\/05\\\/Crozes-Hermitage-Delhome-75cl.png\",\"width\":1000,\"height\":1000,\"caption\":\"Crozes-Hermitage AOP - Domaine Delhome 75cl\"},{\"@type\":\"BreadcrumbList\",\"@id\":\"https:\\\/\\\/petitecave.ch\\\/product\\\/crozes-hermitage-domaine-delhome-75cl\\\/#breadcrumb\",\"itemListElement\":[{\"@type\":\"ListItem\",\"position\":1,\"name\":\"Accueil\",\"item\":\"https:\\\/\\\/petitecave.ch\\\/\"},{\"@type\":\"ListItem\",\"position\":2,\"name\":\"Produkte\",\"item\":\"https:\\\/\\\/petitecave.ch\\\/de\\\/shop\\\/\"},{\"@type\":\"ListItem\",\"position\":3,\"name\":\"Crozes-Hermitage &#8211; Domaine Delhome 75cl\"}]},{\"@type\":\"WebSite\",\"@id\":\"https:\\\/\\\/petitecave.ch\\\/de\\\/#website\",\"url\":\"https:\\\/\\\/petitecave.ch\\\/de\\\/\",\"name\":\"La Petite Cave du Chablais\",\"description\":\"Vins, bi\u00e8res et spiritueux en ligne !\",\"publisher\":{\"@id\":\"https:\\\/\\\/petitecave.ch\\\/de\\\/#organization\"},\"alternateName\":\"La Petite Cave\",\"potentialAction\":[{\"@type\":\"SearchAction\",\"target\":{\"@type\":\"EntryPoint\",\"urlTemplate\":\"https:\\\/\\\/petitecave.ch\\\/de\\\/?s={search_term_string}\"},\"query-input\":{\"@type\":\"PropertyValueSpecification\",\"valueRequired\":true,\"valueName\":\"search_term_string\"}}],\"inLanguage\":\"de-CH\"},{\"@type\":\"Organization\",\"@id\":\"https:\\\/\\\/petitecave.ch\\\/de\\\/#organization\",\"name\":\"La Petite Cave du Chablais S\u00e0rl\",\"url\":\"https:\\\/\\\/petitecave.ch\\\/de\\\/\",\"logo\":{\"@type\":\"ImageObject\",\"inLanguage\":\"de-CH\",\"@id\":\"https:\\\/\\\/petitecave.ch\\\/de\\\/#\\\/schema\\\/logo\\\/image\\\/\",\"url\":\"https:\\\/\\\/petitecave.ch\\\/wp-content\\\/uploads\\\/2025\\\/10\\\/petitecavelogo-removebg-preview.png\",\"contentUrl\":\"https:\\\/\\\/petitecave.ch\\\/wp-content\\\/uploads\\\/2025\\\/10\\\/petitecavelogo-removebg-preview.png\",\"width\":800,\"height\":200,\"caption\":\"La Petite Cave du Chablais S\u00e0rl\"},\"image\":{\"@id\":\"https:\\\/\\\/petitecave.ch\\\/de\\\/#\\\/schema\\\/logo\\\/image\\\/\"},\"sameAs\":[\"https:\\\/\\\/www.facebook.com\\\/LaPetiteCaveDuChablais\",\"https:\\\/\\\/www.instagram.com\\\/lapetitecaveduchablais\",\"https:\\\/\\\/www.linkedin.com\\\/company\\\/la-petite-cave-du-chablais\"]}]}<\/script>\n<!-- \/ Yoast SEO plugin. -->","yoast_head_json":{"title":"Crozes-Hermitage - Domaine Delhome 75cl | La Petite Cave du Chablais","description":"Ce Crozes-Hermitage AOP Domaine Delhome exprime avec authenticit\u00e9 tout le caract\u00e8re des grands vins de la Vall\u00e9e du Rh\u00f4ne septentrionale.","robots":{"index":"noindex","follow":"follow"},"og_locale":"de_DE","og_type":"article","og_title":"Crozes-Hermitage - Domaine Delhome 75cl | La Petite Cave du Chablais","og_description":"Ce Crozes-Hermitage AOP Domaine Delhome exprime avec authenticit\u00e9 tout le caract\u00e8re des grands vins de la Vall\u00e9e du Rh\u00f4ne septentrionale.","og_url":"https:\/\/petitecave.ch\/de\/product\/crozes-hermitage-domaine-delhome-75cl\/","og_site_name":"La Petite Cave du Chablais","article_publisher":"https:\/\/www.facebook.com\/LaPetiteCaveDuChablais","article_modified_time":"2026-05-12T15:26:11+00:00","og_image":[{"width":1000,"height":1000,"url":"https:\/\/petitecave.ch\/wp-content\/uploads\/2026\/05\/Crozes-Hermitage-Delhome-75cl.png","type":"image\/png"}],"twitter_card":"summary_large_image","twitter_misc":{"Gesch\u00e4tzte Lesezeit":"1\u00a0Minute"},"schema":{"@context":"https:\/\/schema.org","@graph":[{"@type":"WebPage","@id":"https:\/\/petitecave.ch\/product\/crozes-hermitage-domaine-delhome-75cl\/","url":"https:\/\/petitecave.ch\/product\/crozes-hermitage-domaine-delhome-75cl\/","name":"Crozes-Hermitage - Domaine Delhome 75cl | La Petite Cave du Chablais","isPartOf":{"@id":"https:\/\/petitecave.ch\/de\/#website"},"primaryImageOfPage":{"@id":"https:\/\/petitecave.ch\/product\/crozes-hermitage-domaine-delhome-75cl\/#primaryimage"},"image":{"@id":"https:\/\/petitecave.ch\/product\/crozes-hermitage-domaine-delhome-75cl\/#primaryimage"},"thumbnailUrl":"https:\/\/petitecave.ch\/wp-content\/uploads\/2026\/05\/Crozes-Hermitage-Delhome-75cl.png","datePublished":"2026-05-12T14:08:22+00:00","dateModified":"2026-05-12T15:26:11+00:00","description":"Ce Crozes-Hermitage AOP Domaine Delhome exprime avec authenticit\u00e9 tout le caract\u00e8re des grands vins de la Vall\u00e9e du Rh\u00f4ne septentrionale.","breadcrumb":{"@id":"https:\/\/petitecave.ch\/product\/crozes-hermitage-domaine-delhome-75cl\/#breadcrumb"},"inLanguage":"de-CH","potentialAction":[{"@type":"ReadAction","target":["https:\/\/petitecave.ch\/product\/crozes-hermitage-domaine-delhome-75cl\/"]}]},{"@type":"ImageObject","inLanguage":"de-CH","@id":"https:\/\/petitecave.ch\/product\/crozes-hermitage-domaine-delhome-75cl\/#primaryimage","url":"https:\/\/petitecave.ch\/wp-content\/uploads\/2026\/05\/Crozes-Hermitage-Delhome-75cl.png","contentUrl":"https:\/\/petitecave.ch\/wp-content\/uploads\/2026\/05\/Crozes-Hermitage-Delhome-75cl.png","width":1000,"height":1000,"caption":"Crozes-Hermitage AOP - Domaine Delhome 75cl"},{"@type":"BreadcrumbList","@id":"https:\/\/petitecave.ch\/product\/crozes-hermitage-domaine-delhome-75cl\/#breadcrumb","itemListElement":[{"@type":"ListItem","position":1,"name":"Accueil","item":"https:\/\/petitecave.ch\/"},{"@type":"ListItem","position":2,"name":"Produkte","item":"https:\/\/petitecave.ch\/de\/shop\/"},{"@type":"ListItem","position":3,"name":"Crozes-Hermitage &#8211; Domaine Delhome 75cl"}]},{"@type":"WebSite","@id":"https:\/\/petitecave.ch\/de\/#website","url":"https:\/\/petitecave.ch\/de\/","name":"Die kleine Keller des Chablais","description":"Vins, bi\u00e8res et spiritueux en ligne !","publisher":{"@id":"https:\/\/petitecave.ch\/de\/#organization"},"alternateName":"La Petite Cave","potentialAction":[{"@type":"SearchAction","target":{"@type":"EntryPoint","urlTemplate":"https:\/\/petitecave.ch\/de\/?s={search_term_string}"},"query-input":{"@type":"PropertyValueSpecification","valueRequired":true,"valueName":"search_term_string"}}],"inLanguage":"de-CH"},{"@type":"Organization","@id":"https:\/\/petitecave.ch\/de\/#organization","name":"La Petite Cave du Chablais S\u00e0rl","url":"https:\/\/petitecave.ch\/de\/","logo":{"@type":"ImageObject","inLanguage":"de-CH","@id":"https:\/\/petitecave.ch\/de\/#\/schema\/logo\/image\/","url":"https:\/\/petitecave.ch\/wp-content\/uploads\/2025\/10\/petitecavelogo-removebg-preview.png","contentUrl":"https:\/\/petitecave.ch\/wp-content\/uploads\/2025\/10\/petitecavelogo-removebg-preview.png","width":800,"height":200,"caption":"La Petite Cave du Chablais S\u00e0rl"},"image":{"@id":"https:\/\/petitecave.ch\/de\/#\/schema\/logo\/image\/"},"sameAs":["https:\/\/www.facebook.com\/LaPetiteCaveDuChablais","https:\/\/www.instagram.com\/lapetitecaveduchablais","https:\/\/www.linkedin.com\/company\/la-petite-cave-du-chablais"]}]}},"_links":{"self":[{"href":"https:\/\/petitecave.ch\/de\/wp-json\/wp\/v2\/product\/19633","targetHints":{"allow":["GET"]}}],"collection":[{"href":"https:\/\/petitecave.ch\/de\/wp-json\/wp\/v2\/product"}],"about":[{"href":"https:\/\/petitecave.ch\/de\/wp-json\/wp\/v2\/types\/product"}],"replies":[{"embeddable":true,"href":"https:\/\/petitecave.ch\/de\/wp-json\/wp\/v2\/comments?post=19633"}],"wp:featuredmedia":[{"embeddable":true,"href":"https:\/\/petitecave.ch\/de\/wp-json\/wp\/v2\/media\/19634"}],"wp:attachment":[{"href":"https:\/\/petitecave.ch\/de\/wp-json\/wp\/v2\/media?parent=19633"}],"wp:term":[{"taxonomy":"product_cat","embeddable":true,"href":"https:\/\/petitecave.ch\/de\/wp-json\/wp\/v2\/product_cat?post=19633"},{"taxonomy":"product_tag","embeddable":true,"href":"https:\/\/petitecave.ch\/de\/wp-json\/wp\/v2\/product_tag?post=19633"}],"curies":[{"name":"wp","href":"https:\/\/api.w.org\/{rel}","templated":true}]}}