{"id":19630,"date":"2026-05-12T15:58:34","date_gmt":"2026-05-12T13:58:34","guid":{"rendered":"https:\/\/petitecave.ch\/?post_type=product&#038;p=19630"},"modified":"2026-05-12T17:25:29","modified_gmt":"2026-05-12T15:25:29","slug":"viognier-igp-domaine-delhome-75cl","status":"publish","type":"product","link":"https:\/\/petitecave.ch\/de\/product\/viognier-igp-domaine-delhome-75cl\/","title":{"rendered":"Viognier IGP &#8211; Domaine Delhome 75cl"},"content":{"rendered":"<p><span style=\"color: #000000;\"><strong>Viognier IGP Collines Rhodaniennes <a style=\"color: #000000;\" href=\"https:\/\/domainedelhome.fr\/\">Domaine Delhome<\/a><\/strong><\/span><\/p>\n<p><span style=\"color: #000000;\">\u00c9labor\u00e9 exclusivement \u00e0 partir du c\u00e9page <a style=\"color: #000000;\" href=\"https:\/\/petitecave.ch\/de\/?s=viognier&amp;post_type=product\"><strong>Viognier<\/strong><\/a>, ce vin blanc d\u00e9voile toute l\u2019\u00e9l\u00e9gance et la gourmandise des terroirs rhodaniens.<\/span><\/p>\n<p><span style=\"color: #000000;\">Au nez, il s\u00e9duit par ses ar\u00f4mes intenses d\u2019abricot, de p\u00eache blanche et de fleurs blanches, relev\u00e9s par une d\u00e9licate touche exotique. En bouche, l\u2019attaque est ample et g\u00e9n\u00e9reuse, \u00e9quilibr\u00e9e par une belle fra\u00eecheur qui apporte finesse et longueur.<\/span><\/p>\n<p><span style=\"color: #000000;\">Accessible d\u00e8s aujourd\u2019hui, ce <strong>Viognier IGP Collines Rhodaniennes Domaine Delhome<\/strong> poss\u00e8de un <strong>potentiel de garde de 2 \u00e0 4 ans<\/strong>, durant lesquels il d\u00e9veloppera davantage de rondeur et de complexit\u00e9 aromatique.<\/span><\/p>\n<p><span style=\"color: #000000;\">Il accompagne parfaitement les <strong>ap\u00e9ritifs<\/strong>, les poissons grill\u00e9s, les volailles \u00e0 la cr\u00e8me, la cuisine asiatique l\u00e9g\u00e8rement \u00e9pic\u00e9e ou encore des fromages \u00e0 p\u00e2te molle.<\/span><\/p>\n<p><span style=\"color: #000000;\">Un Viognier charmeur et expressif, parfait pour ceux qui recherchent un blanc aromatique \u00e0 la fois frais et \u00e9l\u00e9gant.<\/span><\/p>","protected":false},"excerpt":{"rendered":"<p><span style=\"color: #000000;\">\u00c9labor\u00e9 exclusivement \u00e0 partir du c\u00e9page <strong>Viognier<\/strong>, ce vin blanc d\u00e9voile toute l\u2019\u00e9l\u00e9gance et la gourmandise des terroirs rhodaniens.<\/span><\/p>\n<p><span style=\"color: #000000;\">Au nez, il s\u00e9duit par ses ar\u00f4mes intenses d\u2019abricot, de p\u00eache blanche et de fleurs blanches, relev\u00e9s par une d\u00e9licate touche exotique. En bouche, l\u2019attaque est ample et g\u00e9n\u00e9reuse, \u00e9quilibr\u00e9e par une belle fra\u00eecheur qui apporte finesse et longueur.<\/span><\/p>","protected":false},"featured_media":19631,"comment_status":"open","ping_status":"closed","template":"","meta":[],"product_cat":[253],"product_tag":[1366],"class_list":{"0":"post-19630","1":"product","2":"type-product","3":"status-publish","4":"has-post-thumbnail","6":"product_cat-vins","7":"product_tag-offre-privee-speciale-vins","8":"pa_categorie-vins-blancs","9":"pa_country-france","10":"pa_volume-75-cl","11":"_wholesalex wsx-wholesalex-product","13":"first","14":"instock","15":"taxable","16":"shipping-taxable","17":"purchasable","18":"product-type-simple"},"yoast_head":"<!-- This site is optimized with the Yoast SEO plugin v27.6 - https:\/\/yoast.com\/product\/yoast-seo-wordpress\/ -->\n<title>Viognier IGP - Domaine Delhome 75cl | La Petite Cave du Chablais<\/title>\n<meta name=\"description\" content=\"Ce Viognier IGP Domaine Delhome est un vin blanc qui d\u00e9voile toute l\u2019\u00e9l\u00e9gance et la gourmandise des terroirs rhodaniens de la Vall\u00e9e du Rh\u00f4ne.\" \/>\n<meta name=\"robots\" content=\"noindex, follow\" \/>\n<meta property=\"og:locale\" content=\"de_DE\" \/>\n<meta property=\"og:type\" content=\"article\" \/>\n<meta property=\"og:title\" content=\"Viognier IGP - Domaine Delhome 75cl | La Petite Cave du Chablais\" \/>\n<meta property=\"og:description\" content=\"Ce Viognier IGP Domaine Delhome est un vin blanc qui d\u00e9voile toute l\u2019\u00e9l\u00e9gance et la gourmandise des terroirs rhodaniens de la Vall\u00e9e du Rh\u00f4ne.\" \/>\n<meta property=\"og:url\" content=\"https:\/\/petitecave.ch\/de\/product\/viognier-igp-domaine-delhome-75cl\/\" \/>\n<meta property=\"og:site_name\" content=\"La Petite Cave du Chablais\" \/>\n<meta property=\"article:publisher\" content=\"https:\/\/www.facebook.com\/LaPetiteCaveDuChablais\" \/>\n<meta property=\"article:modified_time\" content=\"2026-05-12T15:25:29+00:00\" \/>\n<meta property=\"og:image\" content=\"https:\/\/petitecave.ch\/wp-content\/uploads\/2026\/05\/Viognier-Domaine-Delhome-75cl.png\" \/>\n\t<meta property=\"og:image:width\" content=\"1000\" \/>\n\t<meta property=\"og:image:height\" content=\"1000\" \/>\n\t<meta property=\"og:image:type\" content=\"image\/png\" \/>\n<meta name=\"twitter:card\" content=\"summary_large_image\" \/>\n<meta name=\"twitter:label1\" content=\"Gesch\u00e4tzte Lesezeit\" \/>\n\t<meta name=\"twitter:data1\" content=\"1\u00a0Minute\" \/>\n<script type=\"application\/ld+json\" class=\"yoast-schema-graph\">{\"@context\":\"https:\\\/\\\/schema.org\",\"@graph\":[{\"@type\":\"WebPage\",\"@id\":\"https:\\\/\\\/petitecave.ch\\\/product\\\/viognier-igp-domaine-delhome-75cl\\\/\",\"url\":\"https:\\\/\\\/petitecave.ch\\\/product\\\/viognier-igp-domaine-delhome-75cl\\\/\",\"name\":\"Viognier IGP - Domaine Delhome 75cl | La Petite Cave du Chablais\",\"isPartOf\":{\"@id\":\"https:\\\/\\\/petitecave.ch\\\/de\\\/#website\"},\"primaryImageOfPage\":{\"@id\":\"https:\\\/\\\/petitecave.ch\\\/product\\\/viognier-igp-domaine-delhome-75cl\\\/#primaryimage\"},\"image\":{\"@id\":\"https:\\\/\\\/petitecave.ch\\\/product\\\/viognier-igp-domaine-delhome-75cl\\\/#primaryimage\"},\"thumbnailUrl\":\"https:\\\/\\\/petitecave.ch\\\/wp-content\\\/uploads\\\/2026\\\/05\\\/Viognier-Domaine-Delhome-75cl.png\",\"datePublished\":\"2026-05-12T13:58:34+00:00\",\"dateModified\":\"2026-05-12T15:25:29+00:00\",\"description\":\"Ce Viognier IGP Domaine Delhome est un vin blanc qui d\u00e9voile toute l\u2019\u00e9l\u00e9gance et la gourmandise des terroirs rhodaniens de la Vall\u00e9e du Rh\u00f4ne.\",\"breadcrumb\":{\"@id\":\"https:\\\/\\\/petitecave.ch\\\/product\\\/viognier-igp-domaine-delhome-75cl\\\/#breadcrumb\"},\"inLanguage\":\"de-CH\",\"potentialAction\":[{\"@type\":\"ReadAction\",\"target\":[\"https:\\\/\\\/petitecave.ch\\\/product\\\/viognier-igp-domaine-delhome-75cl\\\/\"]}]},{\"@type\":\"ImageObject\",\"inLanguage\":\"de-CH\",\"@id\":\"https:\\\/\\\/petitecave.ch\\\/product\\\/viognier-igp-domaine-delhome-75cl\\\/#primaryimage\",\"url\":\"https:\\\/\\\/petitecave.ch\\\/wp-content\\\/uploads\\\/2026\\\/05\\\/Viognier-Domaine-Delhome-75cl.png\",\"contentUrl\":\"https:\\\/\\\/petitecave.ch\\\/wp-content\\\/uploads\\\/2026\\\/05\\\/Viognier-Domaine-Delhome-75cl.png\",\"width\":1000,\"height\":1000,\"caption\":\"Viognier - Domaine Delhome 75cl\"},{\"@type\":\"BreadcrumbList\",\"@id\":\"https:\\\/\\\/petitecave.ch\\\/product\\\/viognier-igp-domaine-delhome-75cl\\\/#breadcrumb\",\"itemListElement\":[{\"@type\":\"ListItem\",\"position\":1,\"name\":\"Accueil\",\"item\":\"https:\\\/\\\/petitecave.ch\\\/\"},{\"@type\":\"ListItem\",\"position\":2,\"name\":\"Produkte\",\"item\":\"https:\\\/\\\/petitecave.ch\\\/de\\\/shop\\\/\"},{\"@type\":\"ListItem\",\"position\":3,\"name\":\"Viognier IGP &#8211; Domaine Delhome 75cl\"}]},{\"@type\":\"WebSite\",\"@id\":\"https:\\\/\\\/petitecave.ch\\\/de\\\/#website\",\"url\":\"https:\\\/\\\/petitecave.ch\\\/de\\\/\",\"name\":\"La Petite Cave du Chablais\",\"description\":\"Vins, bi\u00e8res et spiritueux en ligne !\",\"publisher\":{\"@id\":\"https:\\\/\\\/petitecave.ch\\\/de\\\/#organization\"},\"alternateName\":\"La Petite Cave\",\"potentialAction\":[{\"@type\":\"SearchAction\",\"target\":{\"@type\":\"EntryPoint\",\"urlTemplate\":\"https:\\\/\\\/petitecave.ch\\\/de\\\/?s={search_term_string}\"},\"query-input\":{\"@type\":\"PropertyValueSpecification\",\"valueRequired\":true,\"valueName\":\"search_term_string\"}}],\"inLanguage\":\"de-CH\"},{\"@type\":\"Organization\",\"@id\":\"https:\\\/\\\/petitecave.ch\\\/de\\\/#organization\",\"name\":\"La Petite Cave du Chablais S\u00e0rl\",\"url\":\"https:\\\/\\\/petitecave.ch\\\/de\\\/\",\"logo\":{\"@type\":\"ImageObject\",\"inLanguage\":\"de-CH\",\"@id\":\"https:\\\/\\\/petitecave.ch\\\/de\\\/#\\\/schema\\\/logo\\\/image\\\/\",\"url\":\"https:\\\/\\\/petitecave.ch\\\/wp-content\\\/uploads\\\/2025\\\/10\\\/petitecavelogo-removebg-preview.png\",\"contentUrl\":\"https:\\\/\\\/petitecave.ch\\\/wp-content\\\/uploads\\\/2025\\\/10\\\/petitecavelogo-removebg-preview.png\",\"width\":800,\"height\":200,\"caption\":\"La Petite Cave du Chablais S\u00e0rl\"},\"image\":{\"@id\":\"https:\\\/\\\/petitecave.ch\\\/de\\\/#\\\/schema\\\/logo\\\/image\\\/\"},\"sameAs\":[\"https:\\\/\\\/www.facebook.com\\\/LaPetiteCaveDuChablais\",\"https:\\\/\\\/www.instagram.com\\\/lapetitecaveduchablais\",\"https:\\\/\\\/www.linkedin.com\\\/company\\\/la-petite-cave-du-chablais\"]}]}<\/script>\n<!-- \/ Yoast SEO plugin. -->","yoast_head_json":{"title":"Viognier IGP - Domaine Delhome 75cl | La Petite Cave du Chablais","description":"Ce Viognier IGP Domaine Delhome est un vin blanc qui d\u00e9voile toute l\u2019\u00e9l\u00e9gance et la gourmandise des terroirs rhodaniens de la Vall\u00e9e du Rh\u00f4ne.","robots":{"index":"noindex","follow":"follow"},"og_locale":"de_DE","og_type":"article","og_title":"Viognier IGP - Domaine Delhome 75cl | La Petite Cave du Chablais","og_description":"Ce Viognier IGP Domaine Delhome est un vin blanc qui d\u00e9voile toute l\u2019\u00e9l\u00e9gance et la gourmandise des terroirs rhodaniens de la Vall\u00e9e du Rh\u00f4ne.","og_url":"https:\/\/petitecave.ch\/de\/product\/viognier-igp-domaine-delhome-75cl\/","og_site_name":"La Petite Cave du Chablais","article_publisher":"https:\/\/www.facebook.com\/LaPetiteCaveDuChablais","article_modified_time":"2026-05-12T15:25:29+00:00","og_image":[{"width":1000,"height":1000,"url":"https:\/\/petitecave.ch\/wp-content\/uploads\/2026\/05\/Viognier-Domaine-Delhome-75cl.png","type":"image\/png"}],"twitter_card":"summary_large_image","twitter_misc":{"Gesch\u00e4tzte Lesezeit":"1\u00a0Minute"},"schema":{"@context":"https:\/\/schema.org","@graph":[{"@type":"WebPage","@id":"https:\/\/petitecave.ch\/product\/viognier-igp-domaine-delhome-75cl\/","url":"https:\/\/petitecave.ch\/product\/viognier-igp-domaine-delhome-75cl\/","name":"Viognier IGP - Domaine Delhome 75cl | La Petite Cave du Chablais","isPartOf":{"@id":"https:\/\/petitecave.ch\/de\/#website"},"primaryImageOfPage":{"@id":"https:\/\/petitecave.ch\/product\/viognier-igp-domaine-delhome-75cl\/#primaryimage"},"image":{"@id":"https:\/\/petitecave.ch\/product\/viognier-igp-domaine-delhome-75cl\/#primaryimage"},"thumbnailUrl":"https:\/\/petitecave.ch\/wp-content\/uploads\/2026\/05\/Viognier-Domaine-Delhome-75cl.png","datePublished":"2026-05-12T13:58:34+00:00","dateModified":"2026-05-12T15:25:29+00:00","description":"Ce Viognier IGP Domaine Delhome est un vin blanc qui d\u00e9voile toute l\u2019\u00e9l\u00e9gance et la gourmandise des terroirs rhodaniens de la Vall\u00e9e du Rh\u00f4ne.","breadcrumb":{"@id":"https:\/\/petitecave.ch\/product\/viognier-igp-domaine-delhome-75cl\/#breadcrumb"},"inLanguage":"de-CH","potentialAction":[{"@type":"ReadAction","target":["https:\/\/petitecave.ch\/product\/viognier-igp-domaine-delhome-75cl\/"]}]},{"@type":"ImageObject","inLanguage":"de-CH","@id":"https:\/\/petitecave.ch\/product\/viognier-igp-domaine-delhome-75cl\/#primaryimage","url":"https:\/\/petitecave.ch\/wp-content\/uploads\/2026\/05\/Viognier-Domaine-Delhome-75cl.png","contentUrl":"https:\/\/petitecave.ch\/wp-content\/uploads\/2026\/05\/Viognier-Domaine-Delhome-75cl.png","width":1000,"height":1000,"caption":"Viognier - Domaine Delhome 75cl"},{"@type":"BreadcrumbList","@id":"https:\/\/petitecave.ch\/product\/viognier-igp-domaine-delhome-75cl\/#breadcrumb","itemListElement":[{"@type":"ListItem","position":1,"name":"Accueil","item":"https:\/\/petitecave.ch\/"},{"@type":"ListItem","position":2,"name":"Produkte","item":"https:\/\/petitecave.ch\/de\/shop\/"},{"@type":"ListItem","position":3,"name":"Viognier IGP &#8211; Domaine Delhome 75cl"}]},{"@type":"WebSite","@id":"https:\/\/petitecave.ch\/de\/#website","url":"https:\/\/petitecave.ch\/de\/","name":"Die kleine Keller des Chablais","description":"Vins, bi\u00e8res et spiritueux en ligne !","publisher":{"@id":"https:\/\/petitecave.ch\/de\/#organization"},"alternateName":"La Petite Cave","potentialAction":[{"@type":"SearchAction","target":{"@type":"EntryPoint","urlTemplate":"https:\/\/petitecave.ch\/de\/?s={search_term_string}"},"query-input":{"@type":"PropertyValueSpecification","valueRequired":true,"valueName":"search_term_string"}}],"inLanguage":"de-CH"},{"@type":"Organization","@id":"https:\/\/petitecave.ch\/de\/#organization","name":"La Petite Cave du Chablais S\u00e0rl","url":"https:\/\/petitecave.ch\/de\/","logo":{"@type":"ImageObject","inLanguage":"de-CH","@id":"https:\/\/petitecave.ch\/de\/#\/schema\/logo\/image\/","url":"https:\/\/petitecave.ch\/wp-content\/uploads\/2025\/10\/petitecavelogo-removebg-preview.png","contentUrl":"https:\/\/petitecave.ch\/wp-content\/uploads\/2025\/10\/petitecavelogo-removebg-preview.png","width":800,"height":200,"caption":"La Petite Cave du Chablais S\u00e0rl"},"image":{"@id":"https:\/\/petitecave.ch\/de\/#\/schema\/logo\/image\/"},"sameAs":["https:\/\/www.facebook.com\/LaPetiteCaveDuChablais","https:\/\/www.instagram.com\/lapetitecaveduchablais","https:\/\/www.linkedin.com\/company\/la-petite-cave-du-chablais"]}]}},"_links":{"self":[{"href":"https:\/\/petitecave.ch\/de\/wp-json\/wp\/v2\/product\/19630","targetHints":{"allow":["GET"]}}],"collection":[{"href":"https:\/\/petitecave.ch\/de\/wp-json\/wp\/v2\/product"}],"about":[{"href":"https:\/\/petitecave.ch\/de\/wp-json\/wp\/v2\/types\/product"}],"replies":[{"embeddable":true,"href":"https:\/\/petitecave.ch\/de\/wp-json\/wp\/v2\/comments?post=19630"}],"wp:featuredmedia":[{"embeddable":true,"href":"https:\/\/petitecave.ch\/de\/wp-json\/wp\/v2\/media\/19631"}],"wp:attachment":[{"href":"https:\/\/petitecave.ch\/de\/wp-json\/wp\/v2\/media?parent=19630"}],"wp:term":[{"taxonomy":"product_cat","embeddable":true,"href":"https:\/\/petitecave.ch\/de\/wp-json\/wp\/v2\/product_cat?post=19630"},{"taxonomy":"product_tag","embeddable":true,"href":"https:\/\/petitecave.ch\/de\/wp-json\/wp\/v2\/product_tag?post=19630"}],"curies":[{"name":"wp","href":"https:\/\/api.w.org\/{rel}","templated":true}]}}