{"id":19572,"date":"2026-05-06T18:30:37","date_gmt":"2026-05-06T16:30:37","guid":{"rendered":"https:\/\/petitecave.ch\/?post_type=product&#038;p=19572"},"modified":"2026-05-07T09:09:49","modified_gmt":"2026-05-07T07:09:49","slug":"gally-blanc-domaine-jean-rene-germanier-75cl","status":"publish","type":"product","link":"https:\/\/petitecave.ch\/de\/product\/gally-blanc-domaine-jean-rene-germanier-75cl\/","title":{"rendered":"Gally Blanc &#8211; Jean-Ren\u00e9 Germanier 75cl"},"content":{"rendered":"<section class=\"text-token-text-primary w-full focus:outline-none [--shadow-height:45px] has-data-writing-block:pointer-events-none has-data-writing-block:-mt-(--shadow-height) has-data-writing-block:pt-(--shadow-height) [&amp;:has([data-writing-block])&gt;*]:pointer-events-auto R6Vx5W_threadScrollVars scroll-mb-[calc(var(--scroll-root-safe-area-inset-bottom,0px)+var(--thread-response-height))] scroll-mt-(--header-height)\" dir=\"auto\" data-turn-id=\"73505e03-b472-4b32-bf4d-a290dcb9341f\" data-testid=\"conversation-turn-17\" data-scroll-anchor=\"false\" data-turn=\"user\"><\/section>\n<section class=\"text-token-text-primary w-full focus:outline-none [--shadow-height:45px] has-data-writing-block:pointer-events-none has-data-writing-block:-mt-(--shadow-height) has-data-writing-block:pt-(--shadow-height) [&amp;:has([data-writing-block])&gt;*]:pointer-events-auto [content-visibility:auto] supports-[content-visibility:auto]:[contain-intrinsic-size:auto_100lvh] R6Vx5W_threadScrollVars scroll-mb-[calc(var(--scroll-root-safe-area-inset-bottom,0px)+var(--thread-response-height))] scroll-mt-[calc(var(--header-height)+min(200px,max(70px,20svh)))]\" dir=\"auto\" data-turn-id=\"request-WEB:c6c5246e-5189-4b82-b9f2-8b872483ef2f-10\" data-testid=\"conversation-turn-18\" data-scroll-anchor=\"false\" data-turn=\"assistant\">\n<div class=\"text-base my-auto mx-auto pb-10 [--thread-content-margin:var(--thread-content-margin-xs,calc(var(--spacing)*4))] @w-sm\/main:[--thread-content-margin:var(--thread-content-margin-sm,calc(var(--spacing)*6))] @w-lg\/main:[--thread-content-margin:var(--thread-content-margin-lg,calc(var(--spacing)*16))] px-(--thread-content-margin)\">\n<div class=\"[--thread-content-max-width:40rem] @w-lg\/main:[--thread-content-max-width:48rem] mx-auto max-w-(--thread-content-max-width) flex-1 group\/turn-messages focus-visible:outline-hidden relative flex w-full min-w-0 flex-col agent-turn\">\n<div class=\"flex max-w-full flex-col gap-4 grow\">\n<div class=\"min-h-8 text-message relative flex w-full flex-col items-end gap-2 text-start break-words whitespace-normal outline-none keyboard-focused:focus-ring [.text-message+&amp;]:mt-1\" dir=\"auto\" tabindex=\"0\" data-message-author-role=\"assistant\" data-message-id=\"14c3b47b-f365-41e6-8eca-14a27d8865a5\" data-message-model-slug=\"gpt-5-3-mini\" data-turn-start-message=\"true\">\n<div class=\"flex w-full flex-col gap-1 empty:hidden\">\n<div class=\"markdown prose dark:prose-invert w-full wrap-break-word light markdown-new-styling\">\n<p data-start=\"0\" data-end=\"63\"><span style=\"color: #000000;\"><strong>Gally Blanc <span style=\"color: #000000;\"><a style=\"color: #000000;\" href=\"https:\/\/jrgermanier.ch\/\">Domaine Jean-Ren\u00e9 Germanier<\/a><\/span><\/strong><\/span><br \/>\n<span style=\"color: #000000;\"><em>AOC Valais\u00a0<\/em><\/span><\/p>\n<p data-start=\"65\" data-end=\"324\"><span style=\"color: #000000;\">Ce Gally Blanc sign\u00e9 du prestigieux <strong data-start=\"101\" data-end=\"132\">Domaine Jean-Ren\u00e9 Germanier<\/strong> incarne toute la pr\u00e9cision et l\u2019\u00e9l\u00e9gance des grands blancs valaisans. Il met en avant un style vif, accessible et parfaitement ma\u00eetris\u00e9, id\u00e9al pour les amateurs de fra\u00eecheur et d\u2019\u00e9quilibre.<\/span><\/p>\n<p data-start=\"326\" data-end=\"536\"><span style=\"color: #000000;\">Issu de <strong data-start=\"334\" data-end=\"375\"><span style=\"color: #000000;\"><a style=\"color: #000000;\" href=\"https:\/\/petitecave.ch\/product-category\/vins\/blanc\/?filter_cepages=assemblage-blanc\">c\u00e9pages blancs<\/a><\/span> valaisans s\u00e9lectionn\u00e9s<\/strong>, il\u00a0exprime un profil centr\u00e9 sur la <strong data-start=\"412\" data-end=\"450\">fra\u00eecheur et la finesse aromatique<\/strong>. Le nez r\u00e9v\u00e8le une expression d\u00e9licate et harmonieuse, port\u00e9e par une belle puret\u00e9. En bouche, le vin affiche une <strong data-start=\"568\" data-end=\"600\">attaque fra\u00eeche et dynamique<\/strong>, suivie d\u2019un bel \u00e9quilibre entre rondeur et tension. La structure reste fluide, avec une <strong data-start=\"690\" data-end=\"722\">finale nette et d\u00e9salt\u00e9rante<\/strong> qui donne envie d\u2019y revenir.<\/span><\/p>\n<p data-start=\"755\" data-end=\"875\"><span style=\"color: #000000;\">Tu peux le d\u00e9guster d\u00e8s maintenant pour profiter de son \u00e9clat aromatique, avec un <strong data-start=\"837\" data-end=\"872\">potentiel de garde de 2 \u00e0 3 ans<\/strong>.<\/span><\/p>\n<p data-start=\"877\" data-end=\"1025\"><span style=\"color: #000000;\">C\u00f4t\u00e9 accords, il s\u2019adapte facilement : parfait \u00e0 l\u2019<strong data-start=\"928\" data-end=\"940\">ap\u00e9ritif<\/strong>, avec des <strong data-start=\"951\" data-end=\"963\">poissons<\/strong>, des <strong data-start=\"969\" data-end=\"986\">fruits de mer<\/strong> ou des <strong data-start=\"994\" data-end=\"1022\">plats l\u00e9gers et estivaux<\/strong>.<\/span><\/p>\n<p data-start=\"1027\" data-end=\"1128\" data-is-last-node=\"\" data-is-only-node=\"\"><span style=\"color: #000000;\">Un blanc valaisan pr\u00e9cis et moderne, pens\u00e9 pour le plaisir imm\u00e9diat sans compromis sur l\u2019\u00e9l\u00e9gance.<\/span><\/p>\n<\/div>\n<\/div>\n<\/div>\n<\/div>\n<\/div>\n<\/div>\n<\/section>\n","protected":false},"excerpt":{"rendered":"<p data-start=\"65\" data-end=\"324\"><span style=\"color: #000000;\">Ce Gally Blanc sign\u00e9 du prestigieux <strong data-start=\"101\" data-end=\"132\">Domaine Jean-Ren\u00e9 Germanier<\/strong> incarne toute la pr\u00e9cision et l\u2019\u00e9l\u00e9gance des grands blancs valaisans. Il met en avant un style vif, accessible et parfaitement ma\u00eetris\u00e9, id\u00e9al pour les amateurs de fra\u00eecheur et d\u2019\u00e9quilibre.<\/span><\/p>\n<p data-start=\"1027\" data-end=\"1128\" data-is-last-node=\"\" data-is-only-node=\"\"><span style=\"color: #000000;\">Un blanc valaisan pr\u00e9cis et moderne, pens\u00e9 pour le plaisir imm\u00e9diat sans compromis sur l\u2019\u00e9l\u00e9gance.<\/span><\/p>","protected":false},"featured_media":19573,"comment_status":"open","ping_status":"closed","template":"","meta":[],"product_cat":[253,318],"product_tag":[],"class_list":{"0":"post-19572","1":"product","2":"type-product","3":"status-publish","4":"has-post-thumbnail","6":"product_cat-vins","7":"product_cat-vins-du-mois","8":"pa_categorie-vins-blancs","9":"pa_country-suisse","10":"pa_volume-75-cl","11":"_wholesalex wsx-wholesalex-product","13":"first","14":"instock","15":"sale","16":"taxable","17":"shipping-taxable","18":"purchasable","19":"product-type-simple"},"yoast_head":"<!-- This site is optimized with the Yoast SEO plugin v27.5 - https:\/\/yoast.com\/product\/yoast-seo-wordpress\/ -->\n<title>Gally Blanc - Jean-Ren\u00e9 Germanier 75cl | La Petite Cave du Chablais<\/title>\n<meta name=\"description\" content=\"Le Gally Blanc Domaine Jean-Ren\u00e9 Germanier exprime un profil port\u00e9 sur la fra\u00eecheur et la finesse aromatique avec une bonne structure et un bel \u00e9quilibre.\" \/>\n<meta name=\"robots\" content=\"index, follow, max-snippet:-1, max-image-preview:large, max-video-preview:-1\" \/>\n<link rel=\"canonical\" href=\"https:\/\/petitecave.ch\/de\/product\/gally-blanc-domaine-jean-rene-germanier-75cl\/\" \/>\n<meta property=\"og:locale\" content=\"de_DE\" \/>\n<meta property=\"og:type\" content=\"article\" \/>\n<meta property=\"og:title\" content=\"Gally Blanc - Jean-Ren\u00e9 Germanier 75cl | La Petite Cave du Chablais\" \/>\n<meta property=\"og:description\" content=\"Le Gally Blanc Domaine Jean-Ren\u00e9 Germanier exprime un profil port\u00e9 sur la fra\u00eecheur et la finesse aromatique avec une bonne structure et un bel \u00e9quilibre.\" \/>\n<meta property=\"og:url\" content=\"https:\/\/petitecave.ch\/de\/product\/gally-blanc-domaine-jean-rene-germanier-75cl\/\" \/>\n<meta property=\"og:site_name\" content=\"La Petite Cave du Chablais\" \/>\n<meta property=\"article:publisher\" content=\"https:\/\/www.facebook.com\/LaPetiteCaveDuChablais\" \/>\n<meta property=\"article:modified_time\" content=\"2026-05-07T07:09:49+00:00\" \/>\n<meta property=\"og:image\" content=\"https:\/\/petitecave.ch\/wp-content\/uploads\/2026\/05\/Gally-Blanc-Domaine-Jean-Rene-Germanier-75cl.png\" \/>\n\t<meta property=\"og:image:width\" content=\"1000\" \/>\n\t<meta property=\"og:image:height\" content=\"1000\" \/>\n\t<meta property=\"og:image:type\" content=\"image\/png\" \/>\n<meta name=\"twitter:card\" content=\"summary_large_image\" \/>\n<meta name=\"twitter:label1\" content=\"Gesch\u00e4tzte Lesezeit\" \/>\n\t<meta name=\"twitter:data1\" content=\"2\u00a0Minuten\" \/>\n<script type=\"application\/ld+json\" class=\"yoast-schema-graph\">{\"@context\":\"https:\\\/\\\/schema.org\",\"@graph\":[{\"@type\":\"WebPage\",\"@id\":\"https:\\\/\\\/petitecave.ch\\\/product\\\/gally-blanc-domaine-jean-rene-germanier-75cl\\\/\",\"url\":\"https:\\\/\\\/petitecave.ch\\\/product\\\/gally-blanc-domaine-jean-rene-germanier-75cl\\\/\",\"name\":\"Gally Blanc - Jean-Ren\u00e9 Germanier 75cl | La Petite Cave du Chablais\",\"isPartOf\":{\"@id\":\"https:\\\/\\\/petitecave.ch\\\/de\\\/#website\"},\"primaryImageOfPage\":{\"@id\":\"https:\\\/\\\/petitecave.ch\\\/product\\\/gally-blanc-domaine-jean-rene-germanier-75cl\\\/#primaryimage\"},\"image\":{\"@id\":\"https:\\\/\\\/petitecave.ch\\\/product\\\/gally-blanc-domaine-jean-rene-germanier-75cl\\\/#primaryimage\"},\"thumbnailUrl\":\"https:\\\/\\\/petitecave.ch\\\/wp-content\\\/uploads\\\/2026\\\/05\\\/Gally-Blanc-Domaine-Jean-Rene-Germanier-75cl.png\",\"datePublished\":\"2026-05-06T16:30:37+00:00\",\"dateModified\":\"2026-05-07T07:09:49+00:00\",\"description\":\"Le Gally Blanc Domaine Jean-Ren\u00e9 Germanier exprime un profil port\u00e9 sur la fra\u00eecheur et la finesse aromatique avec une bonne structure et un bel \u00e9quilibre.\",\"breadcrumb\":{\"@id\":\"https:\\\/\\\/petitecave.ch\\\/product\\\/gally-blanc-domaine-jean-rene-germanier-75cl\\\/#breadcrumb\"},\"inLanguage\":\"de-CH\",\"potentialAction\":[{\"@type\":\"ReadAction\",\"target\":[\"https:\\\/\\\/petitecave.ch\\\/product\\\/gally-blanc-domaine-jean-rene-germanier-75cl\\\/\"]}]},{\"@type\":\"ImageObject\",\"inLanguage\":\"de-CH\",\"@id\":\"https:\\\/\\\/petitecave.ch\\\/product\\\/gally-blanc-domaine-jean-rene-germanier-75cl\\\/#primaryimage\",\"url\":\"https:\\\/\\\/petitecave.ch\\\/wp-content\\\/uploads\\\/2026\\\/05\\\/Gally-Blanc-Domaine-Jean-Rene-Germanier-75cl.png\",\"contentUrl\":\"https:\\\/\\\/petitecave.ch\\\/wp-content\\\/uploads\\\/2026\\\/05\\\/Gally-Blanc-Domaine-Jean-Rene-Germanier-75cl.png\",\"width\":1000,\"height\":1000,\"caption\":\"Gally Blanc - Domaine Jean-Ren\u00e9 Germanier 75cl\"},{\"@type\":\"BreadcrumbList\",\"@id\":\"https:\\\/\\\/petitecave.ch\\\/product\\\/gally-blanc-domaine-jean-rene-germanier-75cl\\\/#breadcrumb\",\"itemListElement\":[{\"@type\":\"ListItem\",\"position\":1,\"name\":\"Accueil\",\"item\":\"https:\\\/\\\/petitecave.ch\\\/\"},{\"@type\":\"ListItem\",\"position\":2,\"name\":\"Produkte\",\"item\":\"https:\\\/\\\/petitecave.ch\\\/de\\\/shop\\\/\"},{\"@type\":\"ListItem\",\"position\":3,\"name\":\"Gally Blanc &#8211; Jean-Ren\u00e9 Germanier 75cl\"}]},{\"@type\":\"WebSite\",\"@id\":\"https:\\\/\\\/petitecave.ch\\\/de\\\/#website\",\"url\":\"https:\\\/\\\/petitecave.ch\\\/de\\\/\",\"name\":\"La Petite Cave du Chablais\",\"description\":\"Vins, bi\u00e8res et spiritueux en ligne !\",\"publisher\":{\"@id\":\"https:\\\/\\\/petitecave.ch\\\/de\\\/#organization\"},\"alternateName\":\"La Petite Cave\",\"potentialAction\":[{\"@type\":\"SearchAction\",\"target\":{\"@type\":\"EntryPoint\",\"urlTemplate\":\"https:\\\/\\\/petitecave.ch\\\/de\\\/?s={search_term_string}\"},\"query-input\":{\"@type\":\"PropertyValueSpecification\",\"valueRequired\":true,\"valueName\":\"search_term_string\"}}],\"inLanguage\":\"de-CH\"},{\"@type\":\"Organization\",\"@id\":\"https:\\\/\\\/petitecave.ch\\\/de\\\/#organization\",\"name\":\"La Petite Cave du Chablais S\u00e0rl\",\"url\":\"https:\\\/\\\/petitecave.ch\\\/de\\\/\",\"logo\":{\"@type\":\"ImageObject\",\"inLanguage\":\"de-CH\",\"@id\":\"https:\\\/\\\/petitecave.ch\\\/de\\\/#\\\/schema\\\/logo\\\/image\\\/\",\"url\":\"https:\\\/\\\/petitecave.ch\\\/wp-content\\\/uploads\\\/2025\\\/10\\\/petitecavelogo-removebg-preview.png\",\"contentUrl\":\"https:\\\/\\\/petitecave.ch\\\/wp-content\\\/uploads\\\/2025\\\/10\\\/petitecavelogo-removebg-preview.png\",\"width\":800,\"height\":200,\"caption\":\"La Petite Cave du Chablais S\u00e0rl\"},\"image\":{\"@id\":\"https:\\\/\\\/petitecave.ch\\\/de\\\/#\\\/schema\\\/logo\\\/image\\\/\"},\"sameAs\":[\"https:\\\/\\\/www.facebook.com\\\/LaPetiteCaveDuChablais\",\"https:\\\/\\\/www.instagram.com\\\/lapetitecaveduchablais\",\"https:\\\/\\\/www.linkedin.com\\\/company\\\/la-petite-cave-du-chablais\"]}]}<\/script>\n<!-- \/ Yoast SEO plugin. -->","yoast_head_json":{"title":"Gally Blanc - Jean-Ren\u00e9 Germanier 75cl | La Petite Cave du Chablais","description":"Le Gally Blanc Domaine Jean-Ren\u00e9 Germanier exprime un profil port\u00e9 sur la fra\u00eecheur et la finesse aromatique avec une bonne structure et un bel \u00e9quilibre.","robots":{"index":"index","follow":"follow","max-snippet":"max-snippet:-1","max-image-preview":"max-image-preview:large","max-video-preview":"max-video-preview:-1"},"canonical":"https:\/\/petitecave.ch\/de\/product\/gally-blanc-domaine-jean-rene-germanier-75cl\/","og_locale":"de_DE","og_type":"article","og_title":"Gally Blanc - Jean-Ren\u00e9 Germanier 75cl | La Petite Cave du Chablais","og_description":"Le Gally Blanc Domaine Jean-Ren\u00e9 Germanier exprime un profil port\u00e9 sur la fra\u00eecheur et la finesse aromatique avec une bonne structure et un bel \u00e9quilibre.","og_url":"https:\/\/petitecave.ch\/de\/product\/gally-blanc-domaine-jean-rene-germanier-75cl\/","og_site_name":"La Petite Cave du Chablais","article_publisher":"https:\/\/www.facebook.com\/LaPetiteCaveDuChablais","article_modified_time":"2026-05-07T07:09:49+00:00","og_image":[{"width":1000,"height":1000,"url":"https:\/\/petitecave.ch\/wp-content\/uploads\/2026\/05\/Gally-Blanc-Domaine-Jean-Rene-Germanier-75cl.png","type":"image\/png"}],"twitter_card":"summary_large_image","twitter_misc":{"Gesch\u00e4tzte Lesezeit":"2\u00a0Minuten"},"schema":{"@context":"https:\/\/schema.org","@graph":[{"@type":"WebPage","@id":"https:\/\/petitecave.ch\/product\/gally-blanc-domaine-jean-rene-germanier-75cl\/","url":"https:\/\/petitecave.ch\/product\/gally-blanc-domaine-jean-rene-germanier-75cl\/","name":"Gally Blanc - Jean-Ren\u00e9 Germanier 75cl | La Petite Cave du Chablais","isPartOf":{"@id":"https:\/\/petitecave.ch\/de\/#website"},"primaryImageOfPage":{"@id":"https:\/\/petitecave.ch\/product\/gally-blanc-domaine-jean-rene-germanier-75cl\/#primaryimage"},"image":{"@id":"https:\/\/petitecave.ch\/product\/gally-blanc-domaine-jean-rene-germanier-75cl\/#primaryimage"},"thumbnailUrl":"https:\/\/petitecave.ch\/wp-content\/uploads\/2026\/05\/Gally-Blanc-Domaine-Jean-Rene-Germanier-75cl.png","datePublished":"2026-05-06T16:30:37+00:00","dateModified":"2026-05-07T07:09:49+00:00","description":"Le Gally Blanc Domaine Jean-Ren\u00e9 Germanier exprime un profil port\u00e9 sur la fra\u00eecheur et la finesse aromatique avec une bonne structure et un bel \u00e9quilibre.","breadcrumb":{"@id":"https:\/\/petitecave.ch\/product\/gally-blanc-domaine-jean-rene-germanier-75cl\/#breadcrumb"},"inLanguage":"de-CH","potentialAction":[{"@type":"ReadAction","target":["https:\/\/petitecave.ch\/product\/gally-blanc-domaine-jean-rene-germanier-75cl\/"]}]},{"@type":"ImageObject","inLanguage":"de-CH","@id":"https:\/\/petitecave.ch\/product\/gally-blanc-domaine-jean-rene-germanier-75cl\/#primaryimage","url":"https:\/\/petitecave.ch\/wp-content\/uploads\/2026\/05\/Gally-Blanc-Domaine-Jean-Rene-Germanier-75cl.png","contentUrl":"https:\/\/petitecave.ch\/wp-content\/uploads\/2026\/05\/Gally-Blanc-Domaine-Jean-Rene-Germanier-75cl.png","width":1000,"height":1000,"caption":"Gally Blanc - Domaine Jean-Ren\u00e9 Germanier 75cl"},{"@type":"BreadcrumbList","@id":"https:\/\/petitecave.ch\/product\/gally-blanc-domaine-jean-rene-germanier-75cl\/#breadcrumb","itemListElement":[{"@type":"ListItem","position":1,"name":"Accueil","item":"https:\/\/petitecave.ch\/"},{"@type":"ListItem","position":2,"name":"Produkte","item":"https:\/\/petitecave.ch\/de\/shop\/"},{"@type":"ListItem","position":3,"name":"Gally Blanc &#8211; Jean-Ren\u00e9 Germanier 75cl"}]},{"@type":"WebSite","@id":"https:\/\/petitecave.ch\/de\/#website","url":"https:\/\/petitecave.ch\/de\/","name":"Die kleine Keller des Chablais","description":"Vins, bi\u00e8res et spiritueux en ligne !","publisher":{"@id":"https:\/\/petitecave.ch\/de\/#organization"},"alternateName":"La Petite Cave","potentialAction":[{"@type":"SearchAction","target":{"@type":"EntryPoint","urlTemplate":"https:\/\/petitecave.ch\/de\/?s={search_term_string}"},"query-input":{"@type":"PropertyValueSpecification","valueRequired":true,"valueName":"search_term_string"}}],"inLanguage":"de-CH"},{"@type":"Organization","@id":"https:\/\/petitecave.ch\/de\/#organization","name":"La Petite Cave du Chablais S\u00e0rl","url":"https:\/\/petitecave.ch\/de\/","logo":{"@type":"ImageObject","inLanguage":"de-CH","@id":"https:\/\/petitecave.ch\/de\/#\/schema\/logo\/image\/","url":"https:\/\/petitecave.ch\/wp-content\/uploads\/2025\/10\/petitecavelogo-removebg-preview.png","contentUrl":"https:\/\/petitecave.ch\/wp-content\/uploads\/2025\/10\/petitecavelogo-removebg-preview.png","width":800,"height":200,"caption":"La Petite Cave du Chablais S\u00e0rl"},"image":{"@id":"https:\/\/petitecave.ch\/de\/#\/schema\/logo\/image\/"},"sameAs":["https:\/\/www.facebook.com\/LaPetiteCaveDuChablais","https:\/\/www.instagram.com\/lapetitecaveduchablais","https:\/\/www.linkedin.com\/company\/la-petite-cave-du-chablais"]}]}},"_links":{"self":[{"href":"https:\/\/petitecave.ch\/de\/wp-json\/wp\/v2\/product\/19572","targetHints":{"allow":["GET"]}}],"collection":[{"href":"https:\/\/petitecave.ch\/de\/wp-json\/wp\/v2\/product"}],"about":[{"href":"https:\/\/petitecave.ch\/de\/wp-json\/wp\/v2\/types\/product"}],"replies":[{"embeddable":true,"href":"https:\/\/petitecave.ch\/de\/wp-json\/wp\/v2\/comments?post=19572"}],"wp:featuredmedia":[{"embeddable":true,"href":"https:\/\/petitecave.ch\/de\/wp-json\/wp\/v2\/media\/19573"}],"wp:attachment":[{"href":"https:\/\/petitecave.ch\/de\/wp-json\/wp\/v2\/media?parent=19572"}],"wp:term":[{"taxonomy":"product_cat","embeddable":true,"href":"https:\/\/petitecave.ch\/de\/wp-json\/wp\/v2\/product_cat?post=19572"},{"taxonomy":"product_tag","embeddable":true,"href":"https:\/\/petitecave.ch\/de\/wp-json\/wp\/v2\/product_tag?post=19572"}],"curies":[{"name":"wp","href":"https:\/\/api.w.org\/{rel}","templated":true}]}}