{"id":19556,"date":"2026-05-06T17:24:02","date_gmt":"2026-05-06T15:24:02","guid":{"rendered":"https:\/\/petitecave.ch\/?post_type=product&#038;p=19556"},"modified":"2026-05-07T09:10:44","modified_gmt":"2026-05-07T07:10:44","slug":"heida-chai-du-baron-75cl","status":"publish","type":"product","link":"https:\/\/petitecave.ch\/de\/product\/heida-chai-du-baron-75cl\/","title":{"rendered":"Heida &#8211; Chai du Baron 75cl"},"content":{"rendered":"<section class=\"text-token-text-primary w-full focus:outline-none [--shadow-height:45px] has-data-writing-block:pointer-events-none has-data-writing-block:-mt-(--shadow-height) has-data-writing-block:pt-(--shadow-height) [&amp;:has([data-writing-block])&gt;*]:pointer-events-auto [content-visibility:auto] supports-[content-visibility:auto]:[contain-intrinsic-size:auto_100lvh] R6Vx5W_threadScrollVars scroll-mb-[calc(var(--scroll-root-safe-area-inset-bottom,0px)+var(--thread-response-height))] scroll-mt-[calc(var(--header-height)+min(200px,max(70px,20svh)))]\" dir=\"auto\" data-turn-id=\"request-WEB:c6c5246e-5189-4b82-b9f2-8b872483ef2f-4\" data-testid=\"conversation-turn-8\" data-scroll-anchor=\"false\" data-turn=\"assistant\">\n<div class=\"text-base my-auto mx-auto pb-10 [--thread-content-margin:var(--thread-content-margin-xs,calc(var(--spacing)*4))] @w-sm\/main:[--thread-content-margin:var(--thread-content-margin-sm,calc(var(--spacing)*6))] @w-lg\/main:[--thread-content-margin:var(--thread-content-margin-lg,calc(var(--spacing)*16))] px-(--thread-content-margin)\">\n<div class=\"[--thread-content-max-width:40rem] @w-lg\/main:[--thread-content-max-width:48rem] mx-auto max-w-(--thread-content-max-width) flex-1 group\/turn-messages focus-visible:outline-hidden relative flex w-full min-w-0 flex-col agent-turn\">\n<div class=\"flex max-w-full flex-col gap-4 grow\">\n<div class=\"min-h-8 text-message relative flex w-full flex-col items-end gap-2 text-start break-words whitespace-normal outline-none keyboard-focused:focus-ring [.text-message+&amp;]:mt-1\" dir=\"auto\" tabindex=\"0\" data-message-author-role=\"assistant\" data-message-id=\"f5645bc4-433e-4591-8efc-341a4cc70b75\" data-message-model-slug=\"gpt-5-3\" data-turn-start-message=\"true\">\n<div class=\"flex w-full flex-col gap-1 empty:hidden\">\n<div class=\"markdown prose dark:prose-invert w-full wrap-break-word light markdown-new-styling\">\n<p data-start=\"32\" data-end=\"378\"><span style=\"color: #000000;\"><strong>Heida <span style=\"color: #000000;\"><a style=\"color: #000000;\" href=\"https:\/\/www.chaidubaron.ch\/fr\/\">Chai du Baron<\/a><\/span><\/strong><br \/>\n<em>AOC Valais<\/em><br \/>\n<\/span><\/p>\n<p data-start=\"32\" data-end=\"378\"><span style=\"color: #000000;\">Rare et embl\u00e9matique, l\u2019Heida (aussi appel\u00e9 Pa\u00efen) ne s\u2019\u00e9panouit qu\u2019au <strong data-start=\"103\" data-end=\"113\">Valais<\/strong> et dans le <strong data-start=\"125\" data-end=\"133\">Jura<\/strong>, avec une expression particuli\u00e8rement intense en altitude. Issu de vignes perch\u00e9es \u00e0 <strong data-start=\"219\" data-end=\"255\">850 m sur les coteaux de Conthey<\/strong>, ce vin est le fruit d\u2019un travail manuel exigeant, fa\u00e7onn\u00e9 par un terroir spectaculaire et une viticulture de pr\u00e9cision.<\/span><\/p>\n<p data-start=\"380\" data-end=\"755\"><span style=\"color: #000000;\">\u00c9labor\u00e9 \u00e0 partir du c\u00e9page <strong data-start=\"407\" data-end=\"424\"><span style=\"color: #000000;\"><a style=\"color: #000000;\" href=\"https:\/\/petitecave.ch\/product-category\/vins\/blanc\/?filter_cepages=heida-paien\">Heida<\/a><\/span> (Pa\u00efen)<\/strong>, il d\u00e9voile une robe <strong data-start=\"446\" data-end=\"486\">jaune aux reflets dor\u00e9s scintillants<\/strong>. Le nez s\u2019ouvre sur des <strong data-start=\"511\" data-end=\"530\">notes exotiques<\/strong>, subtilement rafra\u00eechies par une touche iod\u00e9e. En bouche, l\u2019attaque est <strong data-start=\"603\" data-end=\"630\">puissante et structur\u00e9e<\/strong>, suivie d\u2019une belle tension : une finale l\u00e9g\u00e8rement aust\u00e8re mais dot\u00e9e d\u2019un <strong data-start=\"707\" data-end=\"726\">mordant \u00e9l\u00e9gant<\/strong> qui affirme son caract\u00e8re.<\/span><\/p>\n<p data-start=\"757\" data-end=\"922\"><span style=\"color: #000000;\">L&rsquo;Heida Chai du Baron peut \u00eatre appr\u00e9ci\u00e9e dans sa jeunesse pour sa vivacit\u00e9, mais offre un <strong data-start=\"847\" data-end=\"882\">potentiel de garde de 3 \u00e0 5 ans<\/strong>, gagnant en complexit\u00e9 avec le temps.<\/span><\/p>\n<p data-start=\"924\" data-end=\"1059\"><span style=\"color: #000000;\"><strong>C\u00f4t\u00e9 accords<\/strong>, il joue dans la cour des grands : parfait avec les <strong data-start=\"989\" data-end=\"1006\">fruits de mer<\/strong>, les <strong data-start=\"1012\" data-end=\"1025\">crustac\u00e9s<\/strong>, ou encore des poissons nobles.<\/span><\/p>\n<p data-start=\"1061\" data-end=\"1151\" data-is-last-node=\"\" data-is-only-node=\"\"><span style=\"color: #000000;\">L&rsquo;Heida Chai du Baron est pleine de caract\u00e8re, taill\u00e9e pour les amateurs de vins de montagne puissants et rac\u00e9s.<\/span><\/p>\n<\/div>\n<\/div>\n<\/div>\n<\/div>\n<\/div>\n<\/div>\n<\/section>\n","protected":false},"excerpt":{"rendered":"<p><span style=\"color: #000000;\">Rare et embl\u00e9matique, l\u2019Heida (aussi appel\u00e9 Pa\u00efen) ne s\u2019\u00e9panouit qu\u2019au <strong data-start=\"103\" data-end=\"113\">Valais<\/strong> et dans le <strong data-start=\"125\" data-end=\"133\">Jura<\/strong>, avec une expression particuli\u00e8rement intense en altitude. Issu de vignes perch\u00e9es \u00e0 <strong data-start=\"219\" data-end=\"255\">850 m sur les coteaux de Conthey<\/strong>, ce vin est le fruit d\u2019un travail manuel exigeant, fa\u00e7onn\u00e9 par un terroir spectaculaire et une viticulture de pr\u00e9cision.<\/span><\/p>","protected":false},"featured_media":19557,"comment_status":"open","ping_status":"closed","template":"","meta":[],"product_cat":[253,318],"product_tag":[],"class_list":{"0":"post-19556","1":"product","2":"type-product","3":"status-publish","4":"has-post-thumbnail","6":"product_cat-vins","7":"product_cat-vins-du-mois","8":"pa_categorie-vins-blancs","9":"pa_country-suisse","10":"pa_volume-75-cl","11":"_wholesalex wsx-wholesalex-product","13":"first","14":"instock","15":"sale","16":"taxable","17":"shipping-taxable","18":"purchasable","19":"product-type-simple"},"yoast_head":"<!-- This site is optimized with the Yoast SEO plugin v27.5 - https:\/\/yoast.com\/product\/yoast-seo-wordpress\/ -->\n<title>Heida - Chai du Baron 75cl | La Petite Cave du Chablais<\/title>\n<meta name=\"description\" content=\"L&#039;Heida - Chai du Baron d\u00e9voile un nez sur des notes exotiques, subtilement rafra\u00eechies par une touche iod\u00e9e. L\u2019attaque est puissante et structur\u00e9e.\" \/>\n<meta name=\"robots\" content=\"index, follow, max-snippet:-1, max-image-preview:large, max-video-preview:-1\" \/>\n<link rel=\"canonical\" href=\"https:\/\/petitecave.ch\/de\/product\/heida-chai-du-baron-75cl\/\" \/>\n<meta property=\"og:locale\" content=\"de_DE\" \/>\n<meta property=\"og:type\" content=\"article\" \/>\n<meta property=\"og:title\" content=\"Heida - Chai du Baron 75cl | La Petite Cave du Chablais\" \/>\n<meta property=\"og:description\" content=\"L&#039;Heida - Chai du Baron d\u00e9voile un nez sur des notes exotiques, subtilement rafra\u00eechies par une touche iod\u00e9e. L\u2019attaque est puissante et structur\u00e9e.\" \/>\n<meta property=\"og:url\" content=\"https:\/\/petitecave.ch\/de\/product\/heida-chai-du-baron-75cl\/\" \/>\n<meta property=\"og:site_name\" content=\"La Petite Cave du Chablais\" \/>\n<meta property=\"article:publisher\" content=\"https:\/\/www.facebook.com\/LaPetiteCaveDuChablais\" \/>\n<meta property=\"article:modified_time\" content=\"2026-05-07T07:10:44+00:00\" \/>\n<meta property=\"og:image\" content=\"https:\/\/petitecave.ch\/wp-content\/uploads\/2026\/05\/Heida-Chai-du-Baron-75cl.png\" \/>\n\t<meta property=\"og:image:width\" content=\"1000\" \/>\n\t<meta property=\"og:image:height\" content=\"1000\" \/>\n\t<meta property=\"og:image:type\" content=\"image\/png\" \/>\n<meta name=\"twitter:card\" content=\"summary_large_image\" \/>\n<meta name=\"twitter:label1\" content=\"Gesch\u00e4tzte Lesezeit\" \/>\n\t<meta name=\"twitter:data1\" content=\"2\u00a0Minuten\" \/>\n<script type=\"application\/ld+json\" class=\"yoast-schema-graph\">{\"@context\":\"https:\\\/\\\/schema.org\",\"@graph\":[{\"@type\":\"WebPage\",\"@id\":\"https:\\\/\\\/petitecave.ch\\\/product\\\/heida-chai-du-baron-75cl\\\/\",\"url\":\"https:\\\/\\\/petitecave.ch\\\/product\\\/heida-chai-du-baron-75cl\\\/\",\"name\":\"Heida - Chai du Baron 75cl | La Petite Cave du Chablais\",\"isPartOf\":{\"@id\":\"https:\\\/\\\/petitecave.ch\\\/de\\\/#website\"},\"primaryImageOfPage\":{\"@id\":\"https:\\\/\\\/petitecave.ch\\\/product\\\/heida-chai-du-baron-75cl\\\/#primaryimage\"},\"image\":{\"@id\":\"https:\\\/\\\/petitecave.ch\\\/product\\\/heida-chai-du-baron-75cl\\\/#primaryimage\"},\"thumbnailUrl\":\"https:\\\/\\\/petitecave.ch\\\/wp-content\\\/uploads\\\/2026\\\/05\\\/Heida-Chai-du-Baron-75cl.png\",\"datePublished\":\"2026-05-06T15:24:02+00:00\",\"dateModified\":\"2026-05-07T07:10:44+00:00\",\"description\":\"L'Heida - Chai du Baron d\u00e9voile un nez sur des notes exotiques, subtilement rafra\u00eechies par une touche iod\u00e9e. L\u2019attaque est puissante et structur\u00e9e.\",\"breadcrumb\":{\"@id\":\"https:\\\/\\\/petitecave.ch\\\/product\\\/heida-chai-du-baron-75cl\\\/#breadcrumb\"},\"inLanguage\":\"de-CH\",\"potentialAction\":[{\"@type\":\"ReadAction\",\"target\":[\"https:\\\/\\\/petitecave.ch\\\/product\\\/heida-chai-du-baron-75cl\\\/\"]}]},{\"@type\":\"ImageObject\",\"inLanguage\":\"de-CH\",\"@id\":\"https:\\\/\\\/petitecave.ch\\\/product\\\/heida-chai-du-baron-75cl\\\/#primaryimage\",\"url\":\"https:\\\/\\\/petitecave.ch\\\/wp-content\\\/uploads\\\/2026\\\/05\\\/Heida-Chai-du-Baron-75cl.png\",\"contentUrl\":\"https:\\\/\\\/petitecave.ch\\\/wp-content\\\/uploads\\\/2026\\\/05\\\/Heida-Chai-du-Baron-75cl.png\",\"width\":1000,\"height\":1000,\"caption\":\"Heida - Chai du Baron 75cl\"},{\"@type\":\"BreadcrumbList\",\"@id\":\"https:\\\/\\\/petitecave.ch\\\/product\\\/heida-chai-du-baron-75cl\\\/#breadcrumb\",\"itemListElement\":[{\"@type\":\"ListItem\",\"position\":1,\"name\":\"Accueil\",\"item\":\"https:\\\/\\\/petitecave.ch\\\/\"},{\"@type\":\"ListItem\",\"position\":2,\"name\":\"Produkte\",\"item\":\"https:\\\/\\\/petitecave.ch\\\/de\\\/shop\\\/\"},{\"@type\":\"ListItem\",\"position\":3,\"name\":\"Heida &#8211; Chai du Baron 75cl\"}]},{\"@type\":\"WebSite\",\"@id\":\"https:\\\/\\\/petitecave.ch\\\/de\\\/#website\",\"url\":\"https:\\\/\\\/petitecave.ch\\\/de\\\/\",\"name\":\"La Petite Cave du Chablais\",\"description\":\"Vins, bi\u00e8res et spiritueux en ligne !\",\"publisher\":{\"@id\":\"https:\\\/\\\/petitecave.ch\\\/de\\\/#organization\"},\"alternateName\":\"La Petite Cave\",\"potentialAction\":[{\"@type\":\"SearchAction\",\"target\":{\"@type\":\"EntryPoint\",\"urlTemplate\":\"https:\\\/\\\/petitecave.ch\\\/de\\\/?s={search_term_string}\"},\"query-input\":{\"@type\":\"PropertyValueSpecification\",\"valueRequired\":true,\"valueName\":\"search_term_string\"}}],\"inLanguage\":\"de-CH\"},{\"@type\":\"Organization\",\"@id\":\"https:\\\/\\\/petitecave.ch\\\/de\\\/#organization\",\"name\":\"La Petite Cave du Chablais S\u00e0rl\",\"url\":\"https:\\\/\\\/petitecave.ch\\\/de\\\/\",\"logo\":{\"@type\":\"ImageObject\",\"inLanguage\":\"de-CH\",\"@id\":\"https:\\\/\\\/petitecave.ch\\\/de\\\/#\\\/schema\\\/logo\\\/image\\\/\",\"url\":\"https:\\\/\\\/petitecave.ch\\\/wp-content\\\/uploads\\\/2025\\\/10\\\/petitecavelogo-removebg-preview.png\",\"contentUrl\":\"https:\\\/\\\/petitecave.ch\\\/wp-content\\\/uploads\\\/2025\\\/10\\\/petitecavelogo-removebg-preview.png\",\"width\":800,\"height\":200,\"caption\":\"La Petite Cave du Chablais S\u00e0rl\"},\"image\":{\"@id\":\"https:\\\/\\\/petitecave.ch\\\/de\\\/#\\\/schema\\\/logo\\\/image\\\/\"},\"sameAs\":[\"https:\\\/\\\/www.facebook.com\\\/LaPetiteCaveDuChablais\",\"https:\\\/\\\/www.instagram.com\\\/lapetitecaveduchablais\",\"https:\\\/\\\/www.linkedin.com\\\/company\\\/la-petite-cave-du-chablais\"]}]}<\/script>\n<!-- \/ Yoast SEO plugin. -->","yoast_head_json":{"title":"Heida - Chai du Baron 75cl | La Petite Cave du Chablais","description":"L'Heida - Chai du Baron d\u00e9voile un nez sur des notes exotiques, subtilement rafra\u00eechies par une touche iod\u00e9e. L\u2019attaque est puissante et structur\u00e9e.","robots":{"index":"index","follow":"follow","max-snippet":"max-snippet:-1","max-image-preview":"max-image-preview:large","max-video-preview":"max-video-preview:-1"},"canonical":"https:\/\/petitecave.ch\/de\/product\/heida-chai-du-baron-75cl\/","og_locale":"de_DE","og_type":"article","og_title":"Heida - Chai du Baron 75cl | La Petite Cave du Chablais","og_description":"L'Heida - Chai du Baron d\u00e9voile un nez sur des notes exotiques, subtilement rafra\u00eechies par une touche iod\u00e9e. L\u2019attaque est puissante et structur\u00e9e.","og_url":"https:\/\/petitecave.ch\/de\/product\/heida-chai-du-baron-75cl\/","og_site_name":"La Petite Cave du Chablais","article_publisher":"https:\/\/www.facebook.com\/LaPetiteCaveDuChablais","article_modified_time":"2026-05-07T07:10:44+00:00","og_image":[{"width":1000,"height":1000,"url":"https:\/\/petitecave.ch\/wp-content\/uploads\/2026\/05\/Heida-Chai-du-Baron-75cl.png","type":"image\/png"}],"twitter_card":"summary_large_image","twitter_misc":{"Gesch\u00e4tzte Lesezeit":"2\u00a0Minuten"},"schema":{"@context":"https:\/\/schema.org","@graph":[{"@type":"WebPage","@id":"https:\/\/petitecave.ch\/product\/heida-chai-du-baron-75cl\/","url":"https:\/\/petitecave.ch\/product\/heida-chai-du-baron-75cl\/","name":"Heida - Chai du Baron 75cl | La Petite Cave du Chablais","isPartOf":{"@id":"https:\/\/petitecave.ch\/de\/#website"},"primaryImageOfPage":{"@id":"https:\/\/petitecave.ch\/product\/heida-chai-du-baron-75cl\/#primaryimage"},"image":{"@id":"https:\/\/petitecave.ch\/product\/heida-chai-du-baron-75cl\/#primaryimage"},"thumbnailUrl":"https:\/\/petitecave.ch\/wp-content\/uploads\/2026\/05\/Heida-Chai-du-Baron-75cl.png","datePublished":"2026-05-06T15:24:02+00:00","dateModified":"2026-05-07T07:10:44+00:00","description":"L'Heida - Chai du Baron d\u00e9voile un nez sur des notes exotiques, subtilement rafra\u00eechies par une touche iod\u00e9e. L\u2019attaque est puissante et structur\u00e9e.","breadcrumb":{"@id":"https:\/\/petitecave.ch\/product\/heida-chai-du-baron-75cl\/#breadcrumb"},"inLanguage":"de-CH","potentialAction":[{"@type":"ReadAction","target":["https:\/\/petitecave.ch\/product\/heida-chai-du-baron-75cl\/"]}]},{"@type":"ImageObject","inLanguage":"de-CH","@id":"https:\/\/petitecave.ch\/product\/heida-chai-du-baron-75cl\/#primaryimage","url":"https:\/\/petitecave.ch\/wp-content\/uploads\/2026\/05\/Heida-Chai-du-Baron-75cl.png","contentUrl":"https:\/\/petitecave.ch\/wp-content\/uploads\/2026\/05\/Heida-Chai-du-Baron-75cl.png","width":1000,"height":1000,"caption":"Heida - Chai du Baron 75cl"},{"@type":"BreadcrumbList","@id":"https:\/\/petitecave.ch\/product\/heida-chai-du-baron-75cl\/#breadcrumb","itemListElement":[{"@type":"ListItem","position":1,"name":"Accueil","item":"https:\/\/petitecave.ch\/"},{"@type":"ListItem","position":2,"name":"Produkte","item":"https:\/\/petitecave.ch\/de\/shop\/"},{"@type":"ListItem","position":3,"name":"Heida &#8211; Chai du Baron 75cl"}]},{"@type":"WebSite","@id":"https:\/\/petitecave.ch\/de\/#website","url":"https:\/\/petitecave.ch\/de\/","name":"Die kleine Keller des Chablais","description":"Vins, bi\u00e8res et spiritueux en ligne !","publisher":{"@id":"https:\/\/petitecave.ch\/de\/#organization"},"alternateName":"La Petite Cave","potentialAction":[{"@type":"SearchAction","target":{"@type":"EntryPoint","urlTemplate":"https:\/\/petitecave.ch\/de\/?s={search_term_string}"},"query-input":{"@type":"PropertyValueSpecification","valueRequired":true,"valueName":"search_term_string"}}],"inLanguage":"de-CH"},{"@type":"Organization","@id":"https:\/\/petitecave.ch\/de\/#organization","name":"La Petite Cave du Chablais S\u00e0rl","url":"https:\/\/petitecave.ch\/de\/","logo":{"@type":"ImageObject","inLanguage":"de-CH","@id":"https:\/\/petitecave.ch\/de\/#\/schema\/logo\/image\/","url":"https:\/\/petitecave.ch\/wp-content\/uploads\/2025\/10\/petitecavelogo-removebg-preview.png","contentUrl":"https:\/\/petitecave.ch\/wp-content\/uploads\/2025\/10\/petitecavelogo-removebg-preview.png","width":800,"height":200,"caption":"La Petite Cave du Chablais S\u00e0rl"},"image":{"@id":"https:\/\/petitecave.ch\/de\/#\/schema\/logo\/image\/"},"sameAs":["https:\/\/www.facebook.com\/LaPetiteCaveDuChablais","https:\/\/www.instagram.com\/lapetitecaveduchablais","https:\/\/www.linkedin.com\/company\/la-petite-cave-du-chablais"]}]}},"_links":{"self":[{"href":"https:\/\/petitecave.ch\/de\/wp-json\/wp\/v2\/product\/19556","targetHints":{"allow":["GET"]}}],"collection":[{"href":"https:\/\/petitecave.ch\/de\/wp-json\/wp\/v2\/product"}],"about":[{"href":"https:\/\/petitecave.ch\/de\/wp-json\/wp\/v2\/types\/product"}],"replies":[{"embeddable":true,"href":"https:\/\/petitecave.ch\/de\/wp-json\/wp\/v2\/comments?post=19556"}],"wp:featuredmedia":[{"embeddable":true,"href":"https:\/\/petitecave.ch\/de\/wp-json\/wp\/v2\/media\/19557"}],"wp:attachment":[{"href":"https:\/\/petitecave.ch\/de\/wp-json\/wp\/v2\/media?parent=19556"}],"wp:term":[{"taxonomy":"product_cat","embeddable":true,"href":"https:\/\/petitecave.ch\/de\/wp-json\/wp\/v2\/product_cat?post=19556"},{"taxonomy":"product_tag","embeddable":true,"href":"https:\/\/petitecave.ch\/de\/wp-json\/wp\/v2\/product_tag?post=19556"}],"curies":[{"name":"wp","href":"https:\/\/api.w.org\/{rel}","templated":true}]}}