{"id":19549,"date":"2026-05-06T16:28:50","date_gmt":"2026-05-06T14:28:50","guid":{"rendered":"https:\/\/petitecave.ch\/?post_type=product&#038;p=19549"},"modified":"2026-05-07T09:06:37","modified_gmt":"2026-05-07T07:06:37","slug":"fendant-pierrafeu-cuvee-80-ans-provins-75cl","status":"publish","type":"product","link":"https:\/\/petitecave.ch\/de\/product\/fendant-pierrafeu-cuvee-80-ans-provins-75cl\/","title":{"rendered":"Fendant Pierrafeu Cuv\u00e9e 80 ans &#8211; Provins 75cl"},"content":{"rendered":"<p data-start=\"128\" data-end=\"230\"><span style=\"color: #000000;\"><strong>Fendant <span style=\"color: #000000;\"><a style=\"color: #000000;\" href=\"https:\/\/www.provins.ch\/fr\/\">Pierrafeu Cuv\u00e9e 80 ans<\/a><\/span><\/strong><br \/>\n<em>AOC Valais<\/em><\/span><\/p>\n<p><span style=\"color: #000000;\">Issu du c\u00e9page <a style=\"color: #000000;\" href=\"https:\/\/petitecave.ch\/de\/product-category\/vins\/?filter_cepages=fendant-chasselas\"><strong data-start=\"143\" data-end=\"156\">Chasselas<\/strong><\/a>, ce Fendant d\u2019exception c\u00e9l\u00e8bre le savoir-faire valaisan avec \u00e9l\u00e9gance.<\/span><\/p>\n<p data-start=\"232\" data-end=\"511\"><span style=\"color: #000000;\">Au nez, il d\u00e9voile des <strong>ar\u00f4mes subtils de fleurs blanches<\/strong> et de <strong>fruits \u00e0 chair jaune<\/strong>, accompagn\u00e9s d\u2019une <strong>fine min\u00e9ralit\u00e9<\/strong>. En bouche, l\u2019<strong>attaque est fra\u00eeche<\/strong> <strong>et vive<\/strong>, suivie d\u2019une <strong>belle rondeur<\/strong> et d\u2019une <strong>finale harmonieuse l\u00e9g\u00e8rement saline<\/strong>, typique des grands terroirs de Pierrafeu.<\/span><\/p>\n<p data-start=\"682\" data-end=\"855\"><span style=\"color: #000000;\"><strong data-start=\"873\" data-end=\"898\">Accords mets &amp; vins :<br \/>\n<\/strong>Ce Fendant Pierrafeu Cuv\u00e9e 80 ans est parfait avec une <strong data-start=\"749\" data-end=\"761\">raclette<\/strong>, une <strong data-start=\"767\" data-end=\"777\">fondue<\/strong>, des poissons du lac, des fruits de mer ou encore des fromages \u00e0 p\u00e2te dure.<\/span><\/p>\n<p data-start=\"682\" data-end=\"855\"><span style=\"color: #000000;\"><strong data-start=\"600\" data-end=\"635\">Potentiel de garde :<br \/>\n<\/strong>Ce vin peut se d\u00e9guster d\u00e8s aujourd\u2019hui pour profiter de sa fra\u00eecheur, et jusqu&rsquo;\u00e0<strong data-start=\"600\" data-end=\"635\">\u00a02 \u00e0 4 ans<\/strong>, durant lesquels il gagnera en complexit\u00e9.<\/span><\/p>","protected":false},"excerpt":{"rendered":"<p data-start=\"128\" data-end=\"230\"><span style=\"color: #000000;\">Ce Fendant d\u2019exception c\u00e9l\u00e8bre le savoir-faire valaisan avec \u00e9l\u00e9gance.<\/span><\/p>\n<p data-start=\"232\" data-end=\"511\"><span style=\"color: #000000;\">Au nez, il d\u00e9voile des <strong>ar\u00f4mes subtils de fleurs blanches<\/strong> et de <strong>fruits \u00e0 chair jaune<\/strong>, accompagn\u00e9s d\u2019une <strong>fine min\u00e9ralit\u00e9<\/strong>. En bouche, l\u2019<strong>attaque est fra\u00eeche<\/strong> <strong>et vive<\/strong>, suivie d\u2019une <strong>belle rondeur<\/strong> et d\u2019une <strong>finale harmonieuse l\u00e9g\u00e8rement saline<\/strong>, typique des grands terroirs de Pierrafeu.<\/span><\/p>","protected":false},"featured_media":19550,"comment_status":"open","ping_status":"closed","template":"","meta":[],"product_cat":[253,318],"product_tag":[],"class_list":{"0":"post-19549","1":"product","2":"type-product","3":"status-publish","4":"has-post-thumbnail","6":"product_cat-vins","7":"product_cat-vins-du-mois","8":"pa_categorie-vins-blancs","9":"pa_country-suisse","10":"pa_volume-75-cl","11":"_wholesalex wsx-wholesalex-product","13":"first","14":"instock","15":"sale","16":"taxable","17":"shipping-taxable","18":"purchasable","19":"product-type-simple"},"yoast_head":"<!-- This site is optimized with the Yoast SEO plugin v27.5 - https:\/\/yoast.com\/product\/yoast-seo-wordpress\/ -->\n<title>Fendant Pierrafeu Cuv\u00e9e 80 ans - Provins 75cl | La Petite Cave du Chablais<\/title>\n<meta name=\"description\" content=\"Le Fendant Pierrafeu Cuv\u00e9e 80 ans d\u00e9voile des ar\u00f4mes subtils de fleurs blanches accompagn\u00e9s d\u2019une fine min\u00e9ralit\u00e9. L&#039;attaque est fra\u00eeche et vive.\" \/>\n<meta name=\"robots\" content=\"index, follow, max-snippet:-1, max-image-preview:large, max-video-preview:-1\" \/>\n<link rel=\"canonical\" href=\"https:\/\/petitecave.ch\/de\/product\/fendant-pierrafeu-cuvee-80-ans-provins-75cl\/\" \/>\n<meta property=\"og:locale\" content=\"de_DE\" \/>\n<meta property=\"og:type\" content=\"article\" \/>\n<meta property=\"og:title\" content=\"Fendant Pierrafeu Cuv\u00e9e 80 ans - Provins 75cl | La Petite Cave du Chablais\" \/>\n<meta property=\"og:description\" content=\"Le Fendant Pierrafeu Cuv\u00e9e 80 ans d\u00e9voile des ar\u00f4mes subtils de fleurs blanches accompagn\u00e9s d\u2019une fine min\u00e9ralit\u00e9. L&#039;attaque est fra\u00eeche et vive.\" \/>\n<meta property=\"og:url\" content=\"https:\/\/petitecave.ch\/de\/product\/fendant-pierrafeu-cuvee-80-ans-provins-75cl\/\" \/>\n<meta property=\"og:site_name\" content=\"La Petite Cave du Chablais\" \/>\n<meta property=\"article:publisher\" content=\"https:\/\/www.facebook.com\/LaPetiteCaveDuChablais\" \/>\n<meta property=\"article:modified_time\" content=\"2026-05-07T07:06:37+00:00\" \/>\n<meta property=\"og:image\" content=\"https:\/\/petitecave.ch\/wp-content\/uploads\/2026\/05\/Fendant-Pierrafeu-Cuvee-80-ans-Provins-75cl.png\" \/>\n\t<meta property=\"og:image:width\" content=\"1000\" \/>\n\t<meta property=\"og:image:height\" content=\"1000\" \/>\n\t<meta property=\"og:image:type\" content=\"image\/png\" \/>\n<meta name=\"twitter:card\" content=\"summary_large_image\" \/>\n<meta name=\"twitter:label1\" content=\"Gesch\u00e4tzte Lesezeit\" \/>\n\t<meta name=\"twitter:data1\" content=\"1\u00a0Minute\" \/>\n<script type=\"application\/ld+json\" class=\"yoast-schema-graph\">{\"@context\":\"https:\\\/\\\/schema.org\",\"@graph\":[{\"@type\":\"WebPage\",\"@id\":\"https:\\\/\\\/petitecave.ch\\\/product\\\/fendant-pierrafeu-cuvee-80-ans-provins-75cl\\\/\",\"url\":\"https:\\\/\\\/petitecave.ch\\\/product\\\/fendant-pierrafeu-cuvee-80-ans-provins-75cl\\\/\",\"name\":\"Fendant Pierrafeu Cuv\u00e9e 80 ans - Provins 75cl | La Petite Cave du Chablais\",\"isPartOf\":{\"@id\":\"https:\\\/\\\/petitecave.ch\\\/de\\\/#website\"},\"primaryImageOfPage\":{\"@id\":\"https:\\\/\\\/petitecave.ch\\\/product\\\/fendant-pierrafeu-cuvee-80-ans-provins-75cl\\\/#primaryimage\"},\"image\":{\"@id\":\"https:\\\/\\\/petitecave.ch\\\/product\\\/fendant-pierrafeu-cuvee-80-ans-provins-75cl\\\/#primaryimage\"},\"thumbnailUrl\":\"https:\\\/\\\/petitecave.ch\\\/wp-content\\\/uploads\\\/2026\\\/05\\\/Fendant-Pierrafeu-Cuvee-80-ans-Provins-75cl.png\",\"datePublished\":\"2026-05-06T14:28:50+00:00\",\"dateModified\":\"2026-05-07T07:06:37+00:00\",\"description\":\"Le Fendant Pierrafeu Cuv\u00e9e 80 ans d\u00e9voile des ar\u00f4mes subtils de fleurs blanches accompagn\u00e9s d\u2019une fine min\u00e9ralit\u00e9. L'attaque est fra\u00eeche et vive.\",\"breadcrumb\":{\"@id\":\"https:\\\/\\\/petitecave.ch\\\/product\\\/fendant-pierrafeu-cuvee-80-ans-provins-75cl\\\/#breadcrumb\"},\"inLanguage\":\"de-CH\",\"potentialAction\":[{\"@type\":\"ReadAction\",\"target\":[\"https:\\\/\\\/petitecave.ch\\\/product\\\/fendant-pierrafeu-cuvee-80-ans-provins-75cl\\\/\"]}]},{\"@type\":\"ImageObject\",\"inLanguage\":\"de-CH\",\"@id\":\"https:\\\/\\\/petitecave.ch\\\/product\\\/fendant-pierrafeu-cuvee-80-ans-provins-75cl\\\/#primaryimage\",\"url\":\"https:\\\/\\\/petitecave.ch\\\/wp-content\\\/uploads\\\/2026\\\/05\\\/Fendant-Pierrafeu-Cuvee-80-ans-Provins-75cl.png\",\"contentUrl\":\"https:\\\/\\\/petitecave.ch\\\/wp-content\\\/uploads\\\/2026\\\/05\\\/Fendant-Pierrafeu-Cuvee-80-ans-Provins-75cl.png\",\"width\":1000,\"height\":1000,\"caption\":\"Fendant Pierrafeu Cuv\u00e9e 80 ans - Provins 75cl\"},{\"@type\":\"BreadcrumbList\",\"@id\":\"https:\\\/\\\/petitecave.ch\\\/product\\\/fendant-pierrafeu-cuvee-80-ans-provins-75cl\\\/#breadcrumb\",\"itemListElement\":[{\"@type\":\"ListItem\",\"position\":1,\"name\":\"Accueil\",\"item\":\"https:\\\/\\\/petitecave.ch\\\/\"},{\"@type\":\"ListItem\",\"position\":2,\"name\":\"Produkte\",\"item\":\"https:\\\/\\\/petitecave.ch\\\/de\\\/shop\\\/\"},{\"@type\":\"ListItem\",\"position\":3,\"name\":\"Fendant Pierrafeu Cuv\u00e9e 80 ans &#8211; Provins 75cl\"}]},{\"@type\":\"WebSite\",\"@id\":\"https:\\\/\\\/petitecave.ch\\\/de\\\/#website\",\"url\":\"https:\\\/\\\/petitecave.ch\\\/de\\\/\",\"name\":\"La Petite Cave du Chablais\",\"description\":\"Vins, bi\u00e8res et spiritueux en ligne !\",\"publisher\":{\"@id\":\"https:\\\/\\\/petitecave.ch\\\/de\\\/#organization\"},\"alternateName\":\"La Petite Cave\",\"potentialAction\":[{\"@type\":\"SearchAction\",\"target\":{\"@type\":\"EntryPoint\",\"urlTemplate\":\"https:\\\/\\\/petitecave.ch\\\/de\\\/?s={search_term_string}\"},\"query-input\":{\"@type\":\"PropertyValueSpecification\",\"valueRequired\":true,\"valueName\":\"search_term_string\"}}],\"inLanguage\":\"de-CH\"},{\"@type\":\"Organization\",\"@id\":\"https:\\\/\\\/petitecave.ch\\\/de\\\/#organization\",\"name\":\"La Petite Cave du Chablais S\u00e0rl\",\"url\":\"https:\\\/\\\/petitecave.ch\\\/de\\\/\",\"logo\":{\"@type\":\"ImageObject\",\"inLanguage\":\"de-CH\",\"@id\":\"https:\\\/\\\/petitecave.ch\\\/de\\\/#\\\/schema\\\/logo\\\/image\\\/\",\"url\":\"https:\\\/\\\/petitecave.ch\\\/wp-content\\\/uploads\\\/2025\\\/10\\\/petitecavelogo-removebg-preview.png\",\"contentUrl\":\"https:\\\/\\\/petitecave.ch\\\/wp-content\\\/uploads\\\/2025\\\/10\\\/petitecavelogo-removebg-preview.png\",\"width\":800,\"height\":200,\"caption\":\"La Petite Cave du Chablais S\u00e0rl\"},\"image\":{\"@id\":\"https:\\\/\\\/petitecave.ch\\\/de\\\/#\\\/schema\\\/logo\\\/image\\\/\"},\"sameAs\":[\"https:\\\/\\\/www.facebook.com\\\/LaPetiteCaveDuChablais\",\"https:\\\/\\\/www.instagram.com\\\/lapetitecaveduchablais\",\"https:\\\/\\\/www.linkedin.com\\\/company\\\/la-petite-cave-du-chablais\"]}]}<\/script>\n<!-- \/ Yoast SEO plugin. -->","yoast_head_json":{"title":"Fendant Pierrafeu Cuv\u00e9e 80 ans - Provins 75cl | La Petite Cave du Chablais","description":"Le Fendant Pierrafeu Cuv\u00e9e 80 ans d\u00e9voile des ar\u00f4mes subtils de fleurs blanches accompagn\u00e9s d\u2019une fine min\u00e9ralit\u00e9. L'attaque est fra\u00eeche et vive.","robots":{"index":"index","follow":"follow","max-snippet":"max-snippet:-1","max-image-preview":"max-image-preview:large","max-video-preview":"max-video-preview:-1"},"canonical":"https:\/\/petitecave.ch\/de\/product\/fendant-pierrafeu-cuvee-80-ans-provins-75cl\/","og_locale":"de_DE","og_type":"article","og_title":"Fendant Pierrafeu Cuv\u00e9e 80 ans - Provins 75cl | La Petite Cave du Chablais","og_description":"Le Fendant Pierrafeu Cuv\u00e9e 80 ans d\u00e9voile des ar\u00f4mes subtils de fleurs blanches accompagn\u00e9s d\u2019une fine min\u00e9ralit\u00e9. L'attaque est fra\u00eeche et vive.","og_url":"https:\/\/petitecave.ch\/de\/product\/fendant-pierrafeu-cuvee-80-ans-provins-75cl\/","og_site_name":"La Petite Cave du Chablais","article_publisher":"https:\/\/www.facebook.com\/LaPetiteCaveDuChablais","article_modified_time":"2026-05-07T07:06:37+00:00","og_image":[{"width":1000,"height":1000,"url":"https:\/\/petitecave.ch\/wp-content\/uploads\/2026\/05\/Fendant-Pierrafeu-Cuvee-80-ans-Provins-75cl.png","type":"image\/png"}],"twitter_card":"summary_large_image","twitter_misc":{"Gesch\u00e4tzte Lesezeit":"1\u00a0Minute"},"schema":{"@context":"https:\/\/schema.org","@graph":[{"@type":"WebPage","@id":"https:\/\/petitecave.ch\/product\/fendant-pierrafeu-cuvee-80-ans-provins-75cl\/","url":"https:\/\/petitecave.ch\/product\/fendant-pierrafeu-cuvee-80-ans-provins-75cl\/","name":"Fendant Pierrafeu Cuv\u00e9e 80 ans - Provins 75cl | La Petite Cave du Chablais","isPartOf":{"@id":"https:\/\/petitecave.ch\/de\/#website"},"primaryImageOfPage":{"@id":"https:\/\/petitecave.ch\/product\/fendant-pierrafeu-cuvee-80-ans-provins-75cl\/#primaryimage"},"image":{"@id":"https:\/\/petitecave.ch\/product\/fendant-pierrafeu-cuvee-80-ans-provins-75cl\/#primaryimage"},"thumbnailUrl":"https:\/\/petitecave.ch\/wp-content\/uploads\/2026\/05\/Fendant-Pierrafeu-Cuvee-80-ans-Provins-75cl.png","datePublished":"2026-05-06T14:28:50+00:00","dateModified":"2026-05-07T07:06:37+00:00","description":"Le Fendant Pierrafeu Cuv\u00e9e 80 ans d\u00e9voile des ar\u00f4mes subtils de fleurs blanches accompagn\u00e9s d\u2019une fine min\u00e9ralit\u00e9. L'attaque est fra\u00eeche et vive.","breadcrumb":{"@id":"https:\/\/petitecave.ch\/product\/fendant-pierrafeu-cuvee-80-ans-provins-75cl\/#breadcrumb"},"inLanguage":"de-CH","potentialAction":[{"@type":"ReadAction","target":["https:\/\/petitecave.ch\/product\/fendant-pierrafeu-cuvee-80-ans-provins-75cl\/"]}]},{"@type":"ImageObject","inLanguage":"de-CH","@id":"https:\/\/petitecave.ch\/product\/fendant-pierrafeu-cuvee-80-ans-provins-75cl\/#primaryimage","url":"https:\/\/petitecave.ch\/wp-content\/uploads\/2026\/05\/Fendant-Pierrafeu-Cuvee-80-ans-Provins-75cl.png","contentUrl":"https:\/\/petitecave.ch\/wp-content\/uploads\/2026\/05\/Fendant-Pierrafeu-Cuvee-80-ans-Provins-75cl.png","width":1000,"height":1000,"caption":"Fendant Pierrafeu Cuv\u00e9e 80 ans - Provins 75cl"},{"@type":"BreadcrumbList","@id":"https:\/\/petitecave.ch\/product\/fendant-pierrafeu-cuvee-80-ans-provins-75cl\/#breadcrumb","itemListElement":[{"@type":"ListItem","position":1,"name":"Accueil","item":"https:\/\/petitecave.ch\/"},{"@type":"ListItem","position":2,"name":"Produkte","item":"https:\/\/petitecave.ch\/de\/shop\/"},{"@type":"ListItem","position":3,"name":"Fendant Pierrafeu Cuv\u00e9e 80 ans &#8211; Provins 75cl"}]},{"@type":"WebSite","@id":"https:\/\/petitecave.ch\/de\/#website","url":"https:\/\/petitecave.ch\/de\/","name":"Die kleine Keller des Chablais","description":"Vins, bi\u00e8res et spiritueux en ligne !","publisher":{"@id":"https:\/\/petitecave.ch\/de\/#organization"},"alternateName":"La Petite Cave","potentialAction":[{"@type":"SearchAction","target":{"@type":"EntryPoint","urlTemplate":"https:\/\/petitecave.ch\/de\/?s={search_term_string}"},"query-input":{"@type":"PropertyValueSpecification","valueRequired":true,"valueName":"search_term_string"}}],"inLanguage":"de-CH"},{"@type":"Organization","@id":"https:\/\/petitecave.ch\/de\/#organization","name":"La Petite Cave du Chablais S\u00e0rl","url":"https:\/\/petitecave.ch\/de\/","logo":{"@type":"ImageObject","inLanguage":"de-CH","@id":"https:\/\/petitecave.ch\/de\/#\/schema\/logo\/image\/","url":"https:\/\/petitecave.ch\/wp-content\/uploads\/2025\/10\/petitecavelogo-removebg-preview.png","contentUrl":"https:\/\/petitecave.ch\/wp-content\/uploads\/2025\/10\/petitecavelogo-removebg-preview.png","width":800,"height":200,"caption":"La Petite Cave du Chablais S\u00e0rl"},"image":{"@id":"https:\/\/petitecave.ch\/de\/#\/schema\/logo\/image\/"},"sameAs":["https:\/\/www.facebook.com\/LaPetiteCaveDuChablais","https:\/\/www.instagram.com\/lapetitecaveduchablais","https:\/\/www.linkedin.com\/company\/la-petite-cave-du-chablais"]}]}},"_links":{"self":[{"href":"https:\/\/petitecave.ch\/de\/wp-json\/wp\/v2\/product\/19549","targetHints":{"allow":["GET"]}}],"collection":[{"href":"https:\/\/petitecave.ch\/de\/wp-json\/wp\/v2\/product"}],"about":[{"href":"https:\/\/petitecave.ch\/de\/wp-json\/wp\/v2\/types\/product"}],"replies":[{"embeddable":true,"href":"https:\/\/petitecave.ch\/de\/wp-json\/wp\/v2\/comments?post=19549"}],"wp:featuredmedia":[{"embeddable":true,"href":"https:\/\/petitecave.ch\/de\/wp-json\/wp\/v2\/media\/19550"}],"wp:attachment":[{"href":"https:\/\/petitecave.ch\/de\/wp-json\/wp\/v2\/media?parent=19549"}],"wp:term":[{"taxonomy":"product_cat","embeddable":true,"href":"https:\/\/petitecave.ch\/de\/wp-json\/wp\/v2\/product_cat?post=19549"},{"taxonomy":"product_tag","embeddable":true,"href":"https:\/\/petitecave.ch\/de\/wp-json\/wp\/v2\/product_tag?post=19549"}],"curies":[{"name":"wp","href":"https:\/\/api.w.org\/{rel}","templated":true}]}}