{"id":19438,"date":"2026-04-17T18:10:52","date_gmt":"2026-04-17T16:10:52","guid":{"rendered":"https:\/\/petitecave.ch\/?post_type=product&#038;p=19438"},"modified":"2026-04-17T18:12:17","modified_gmt":"2026-04-17T16:12:17","slug":"paloma-sir-james-101","status":"publish","type":"product","link":"https:\/\/petitecave.ch\/de\/product\/paloma-sir-james-101\/","title":{"rendered":"Paloma &#8211; Sir. James 101"},"content":{"rendered":"<p><span style=\"color: #000000;\">D\u00e8s le premier nez,<strong> le pamplemousse s\u2019exprime avec intensit\u00e9<\/strong>. Ses <strong>notes fra\u00eeches et l\u00e9g\u00e8rement acidul\u00e9es<\/strong> \u00e9veillent les sens. En bouche, <strong>l\u2019attaque reste vive et d\u00e9salt\u00e9rante<\/strong>. Une fine amertume structure l\u2019ensemble et apporte du caract\u00e8re.<\/span><\/p>","protected":false},"excerpt":{"rendered":"<p data-start=\"0\" data-end=\"246\"><span style=\"color: #000000;\">Apporte une touche d\u2019originalit\u00e9 \u00e0 tes ap\u00e9ritifs avec le Paloma \u2013 Sir. James 101. Cette version sans alcool revisite un grand classique mexicain avec fra\u00eecheur et modernit\u00e9. Tu retrouves imm\u00e9diatement l\u2019\u00e9quilibre entre agrumes et l\u00e9g\u00e8re amertume.<\/span><\/p>\n<p data-start=\"248\" data-end=\"485\"><span style=\"color: #000000;\">D\u00e8s le premier nez, le pamplemousse s\u2019exprime avec intensit\u00e9. Ses notes fra\u00eeches et l\u00e9g\u00e8rement acidul\u00e9es \u00e9veillent les sens. En bouche, l\u2019attaque reste vive et d\u00e9salt\u00e9rante. Une fine amertume structure l\u2019ensemble et apporte du caract\u00e8re.<\/span><\/p>\n<p data-start=\"487\" data-end=\"746\"><span style=\"color: #000000;\">Chaque gorg\u00e9e offre une sensation rafra\u00eechissante et tonique. L\u2019\u00e9quilibre entre douceur et vivacit\u00e9 fonctionne parfaitement. Tu proposes un ap\u00e9ritif sans alcool qui sort des sentiers battus. Ce Paloma r\u00e9pond aux attentes d\u2019une client\u00e8le curieuse et exigeante.<\/span><\/p>\n<p data-start=\"748\" data-end=\"982\"><span style=\"color: #000000;\">Serre-le bien frais avec des gla\u00e7ons et une tranche de pamplemousse. Ajoute une pinc\u00e9e de sel sur le verre pour une exp\u00e9rience encore plus authentique. La pr\u00e9sentation attire imm\u00e9diatement le regard et renforce l\u2019envie de d\u00e9gustation.<\/span><\/p>\n<p data-start=\"984\" data-end=\"1270\" data-is-last-node=\"\" data-is-only-node=\"\"><span style=\"color: #000000;\">C\u00f4t\u00e9 accords, il accompagne parfaitement des tapas, des plats \u00e9pic\u00e9s ou des grillades. Sa fra\u00eecheur \u00e9quilibre les saveurs intenses sans les masquer.<\/span><\/p>","protected":false},"featured_media":19440,"comment_status":"open","ping_status":"closed","template":"","meta":[],"product_cat":[1267],"product_tag":[],"class_list":{"0":"post-19438","1":"product","2":"type-product","3":"status-publish","4":"has-post-thumbnail","6":"product_cat-aperitif-sans-alcool","7":"pa_categorie-600-spiritueux-sans-alcool","8":"pa_country-pays-bas","9":"pa_type-ready-to-drink-rtd","10":"pa_volume-25-cl-2","11":"_wholesalex wsx-wholesalex-product","13":"first","14":"instock","15":"taxable","16":"shipping-taxable","17":"purchasable","18":"product-type-simple"},"yoast_head":"<!-- This site is optimized with the Yoast SEO plugin v27.4 - https:\/\/yoast.com\/product\/yoast-seo-wordpress\/ -->\n<title>Paloma - Sir. James 101 | La Petite Cave du Chablais<\/title>\n<meta name=\"description\" content=\"Apporte une touche d\u2019originalit\u00e9 \u00e0 tes ap\u00e9ritifs. Cette version sans alcool revisite un grand classique mexicain avec fra\u00eecheur et modernit\u00e9.\" \/>\n<meta name=\"robots\" content=\"index, follow, max-snippet:-1, max-image-preview:large, max-video-preview:-1\" \/>\n<link rel=\"canonical\" href=\"https:\/\/petitecave.ch\/de\/product\/paloma-sir-james-101\/\" \/>\n<meta property=\"og:locale\" content=\"de_DE\" \/>\n<meta property=\"og:type\" content=\"article\" \/>\n<meta property=\"og:title\" content=\"Paloma - Sir. James 101 | La Petite Cave du Chablais\" \/>\n<meta property=\"og:description\" content=\"Apporte une touche d\u2019originalit\u00e9 \u00e0 tes ap\u00e9ritifs. Cette version sans alcool revisite un grand classique mexicain avec fra\u00eecheur et modernit\u00e9.\" \/>\n<meta property=\"og:url\" content=\"https:\/\/petitecave.ch\/de\/product\/paloma-sir-james-101\/\" \/>\n<meta property=\"og:site_name\" content=\"La Petite Cave du Chablais\" \/>\n<meta property=\"article:publisher\" content=\"https:\/\/www.facebook.com\/LaPetiteCaveDuChablais\" \/>\n<meta property=\"article:modified_time\" content=\"2026-04-17T16:12:17+00:00\" \/>\n<meta property=\"og:image\" content=\"https:\/\/petitecave.ch\/wp-content\/uploads\/2026\/04\/Paloma-Sir.-James-101.png\" \/>\n\t<meta property=\"og:image:width\" content=\"1000\" \/>\n\t<meta property=\"og:image:height\" content=\"1000\" \/>\n\t<meta property=\"og:image:type\" content=\"image\/png\" \/>\n<meta name=\"twitter:card\" content=\"summary_large_image\" \/>\n<meta name=\"twitter:label1\" content=\"Gesch\u00e4tzte Lesezeit\" \/>\n\t<meta name=\"twitter:data1\" content=\"1\u00a0Minute\" \/>\n<script type=\"application\/ld+json\" class=\"yoast-schema-graph\">{\"@context\":\"https:\\\/\\\/schema.org\",\"@graph\":[{\"@type\":\"WebPage\",\"@id\":\"https:\\\/\\\/petitecave.ch\\\/product\\\/paloma-sir-james-101\\\/\",\"url\":\"https:\\\/\\\/petitecave.ch\\\/product\\\/paloma-sir-james-101\\\/\",\"name\":\"Paloma - Sir. James 101 | La Petite Cave du Chablais\",\"isPartOf\":{\"@id\":\"https:\\\/\\\/petitecave.ch\\\/de\\\/#website\"},\"primaryImageOfPage\":{\"@id\":\"https:\\\/\\\/petitecave.ch\\\/product\\\/paloma-sir-james-101\\\/#primaryimage\"},\"image\":{\"@id\":\"https:\\\/\\\/petitecave.ch\\\/product\\\/paloma-sir-james-101\\\/#primaryimage\"},\"thumbnailUrl\":\"https:\\\/\\\/petitecave.ch\\\/wp-content\\\/uploads\\\/2026\\\/04\\\/Paloma-Sir.-James-101.png\",\"datePublished\":\"2026-04-17T16:10:52+00:00\",\"dateModified\":\"2026-04-17T16:12:17+00:00\",\"description\":\"Apporte une touche d\u2019originalit\u00e9 \u00e0 tes ap\u00e9ritifs. Cette version sans alcool revisite un grand classique mexicain avec fra\u00eecheur et modernit\u00e9.\",\"breadcrumb\":{\"@id\":\"https:\\\/\\\/petitecave.ch\\\/product\\\/paloma-sir-james-101\\\/#breadcrumb\"},\"inLanguage\":\"de-CH\",\"potentialAction\":[{\"@type\":\"ReadAction\",\"target\":[\"https:\\\/\\\/petitecave.ch\\\/product\\\/paloma-sir-james-101\\\/\"]}]},{\"@type\":\"ImageObject\",\"inLanguage\":\"de-CH\",\"@id\":\"https:\\\/\\\/petitecave.ch\\\/product\\\/paloma-sir-james-101\\\/#primaryimage\",\"url\":\"https:\\\/\\\/petitecave.ch\\\/wp-content\\\/uploads\\\/2026\\\/04\\\/Paloma-Sir.-James-101.png\",\"contentUrl\":\"https:\\\/\\\/petitecave.ch\\\/wp-content\\\/uploads\\\/2026\\\/04\\\/Paloma-Sir.-James-101.png\",\"width\":1000,\"height\":1000},{\"@type\":\"BreadcrumbList\",\"@id\":\"https:\\\/\\\/petitecave.ch\\\/product\\\/paloma-sir-james-101\\\/#breadcrumb\",\"itemListElement\":[{\"@type\":\"ListItem\",\"position\":1,\"name\":\"Accueil\",\"item\":\"https:\\\/\\\/petitecave.ch\\\/de\\\/\"},{\"@type\":\"ListItem\",\"position\":2,\"name\":\"Produkte\",\"item\":\"https:\\\/\\\/petitecave.ch\\\/de\\\/shop\\\/\"},{\"@type\":\"ListItem\",\"position\":3,\"name\":\"Paloma &#8211; Sir. James 101\"}]},{\"@type\":\"WebSite\",\"@id\":\"https:\\\/\\\/petitecave.ch\\\/de\\\/#website\",\"url\":\"https:\\\/\\\/petitecave.ch\\\/de\\\/\",\"name\":\"La Petite Cave du Chablais\",\"description\":\"Vins, bi\u00e8res et spiritueux en ligne !\",\"publisher\":{\"@id\":\"https:\\\/\\\/petitecave.ch\\\/de\\\/#organization\"},\"alternateName\":\"La Petite Cave\",\"potentialAction\":[{\"@type\":\"SearchAction\",\"target\":{\"@type\":\"EntryPoint\",\"urlTemplate\":\"https:\\\/\\\/petitecave.ch\\\/de\\\/?s={search_term_string}\"},\"query-input\":{\"@type\":\"PropertyValueSpecification\",\"valueRequired\":true,\"valueName\":\"search_term_string\"}}],\"inLanguage\":\"de-CH\"},{\"@type\":\"Organization\",\"@id\":\"https:\\\/\\\/petitecave.ch\\\/de\\\/#organization\",\"name\":\"La Petite Cave du Chablais S\u00e0rl\",\"url\":\"https:\\\/\\\/petitecave.ch\\\/de\\\/\",\"logo\":{\"@type\":\"ImageObject\",\"inLanguage\":\"de-CH\",\"@id\":\"https:\\\/\\\/petitecave.ch\\\/de\\\/#\\\/schema\\\/logo\\\/image\\\/\",\"url\":\"https:\\\/\\\/petitecave.ch\\\/wp-content\\\/uploads\\\/2025\\\/10\\\/petitecavelogo-removebg-preview.png\",\"contentUrl\":\"https:\\\/\\\/petitecave.ch\\\/wp-content\\\/uploads\\\/2025\\\/10\\\/petitecavelogo-removebg-preview.png\",\"width\":800,\"height\":200,\"caption\":\"La Petite Cave du Chablais S\u00e0rl\"},\"image\":{\"@id\":\"https:\\\/\\\/petitecave.ch\\\/de\\\/#\\\/schema\\\/logo\\\/image\\\/\"},\"sameAs\":[\"https:\\\/\\\/www.facebook.com\\\/LaPetiteCaveDuChablais\",\"https:\\\/\\\/www.instagram.com\\\/lapetitecaveduchablais\",\"https:\\\/\\\/www.linkedin.com\\\/company\\\/la-petite-cave-du-chablais\"]}]}<\/script>\n<!-- \/ Yoast SEO plugin. -->","yoast_head_json":{"title":"Paloma - Sir. James 101 | La Petite Cave du Chablais","description":"Apporte une touche d\u2019originalit\u00e9 \u00e0 tes ap\u00e9ritifs. Cette version sans alcool revisite un grand classique mexicain avec fra\u00eecheur et modernit\u00e9.","robots":{"index":"index","follow":"follow","max-snippet":"max-snippet:-1","max-image-preview":"max-image-preview:large","max-video-preview":"max-video-preview:-1"},"canonical":"https:\/\/petitecave.ch\/de\/product\/paloma-sir-james-101\/","og_locale":"de_DE","og_type":"article","og_title":"Paloma - Sir. James 101 | La Petite Cave du Chablais","og_description":"Apporte une touche d\u2019originalit\u00e9 \u00e0 tes ap\u00e9ritifs. Cette version sans alcool revisite un grand classique mexicain avec fra\u00eecheur et modernit\u00e9.","og_url":"https:\/\/petitecave.ch\/de\/product\/paloma-sir-james-101\/","og_site_name":"La Petite Cave du Chablais","article_publisher":"https:\/\/www.facebook.com\/LaPetiteCaveDuChablais","article_modified_time":"2026-04-17T16:12:17+00:00","og_image":[{"width":1000,"height":1000,"url":"https:\/\/petitecave.ch\/wp-content\/uploads\/2026\/04\/Paloma-Sir.-James-101.png","type":"image\/png"}],"twitter_card":"summary_large_image","twitter_misc":{"Gesch\u00e4tzte Lesezeit":"1\u00a0Minute"},"schema":{"@context":"https:\/\/schema.org","@graph":[{"@type":"WebPage","@id":"https:\/\/petitecave.ch\/product\/paloma-sir-james-101\/","url":"https:\/\/petitecave.ch\/product\/paloma-sir-james-101\/","name":"Paloma - Sir. James 101 | La Petite Cave du Chablais","isPartOf":{"@id":"https:\/\/petitecave.ch\/de\/#website"},"primaryImageOfPage":{"@id":"https:\/\/petitecave.ch\/product\/paloma-sir-james-101\/#primaryimage"},"image":{"@id":"https:\/\/petitecave.ch\/product\/paloma-sir-james-101\/#primaryimage"},"thumbnailUrl":"https:\/\/petitecave.ch\/wp-content\/uploads\/2026\/04\/Paloma-Sir.-James-101.png","datePublished":"2026-04-17T16:10:52+00:00","dateModified":"2026-04-17T16:12:17+00:00","description":"Apporte une touche d\u2019originalit\u00e9 \u00e0 tes ap\u00e9ritifs. Cette version sans alcool revisite un grand classique mexicain avec fra\u00eecheur et modernit\u00e9.","breadcrumb":{"@id":"https:\/\/petitecave.ch\/product\/paloma-sir-james-101\/#breadcrumb"},"inLanguage":"de-CH","potentialAction":[{"@type":"ReadAction","target":["https:\/\/petitecave.ch\/product\/paloma-sir-james-101\/"]}]},{"@type":"ImageObject","inLanguage":"de-CH","@id":"https:\/\/petitecave.ch\/product\/paloma-sir-james-101\/#primaryimage","url":"https:\/\/petitecave.ch\/wp-content\/uploads\/2026\/04\/Paloma-Sir.-James-101.png","contentUrl":"https:\/\/petitecave.ch\/wp-content\/uploads\/2026\/04\/Paloma-Sir.-James-101.png","width":1000,"height":1000},{"@type":"BreadcrumbList","@id":"https:\/\/petitecave.ch\/product\/paloma-sir-james-101\/#breadcrumb","itemListElement":[{"@type":"ListItem","position":1,"name":"Accueil","item":"https:\/\/petitecave.ch\/de\/"},{"@type":"ListItem","position":2,"name":"Produkte","item":"https:\/\/petitecave.ch\/de\/shop\/"},{"@type":"ListItem","position":3,"name":"Paloma &#8211; Sir. James 101"}]},{"@type":"WebSite","@id":"https:\/\/petitecave.ch\/de\/#website","url":"https:\/\/petitecave.ch\/de\/","name":"Die kleine Keller des Chablais","description":"Vins, bi\u00e8res et spiritueux en ligne !","publisher":{"@id":"https:\/\/petitecave.ch\/de\/#organization"},"alternateName":"La Petite Cave","potentialAction":[{"@type":"SearchAction","target":{"@type":"EntryPoint","urlTemplate":"https:\/\/petitecave.ch\/de\/?s={search_term_string}"},"query-input":{"@type":"PropertyValueSpecification","valueRequired":true,"valueName":"search_term_string"}}],"inLanguage":"de-CH"},{"@type":"Organization","@id":"https:\/\/petitecave.ch\/de\/#organization","name":"La Petite Cave du Chablais S\u00e0rl","url":"https:\/\/petitecave.ch\/de\/","logo":{"@type":"ImageObject","inLanguage":"de-CH","@id":"https:\/\/petitecave.ch\/de\/#\/schema\/logo\/image\/","url":"https:\/\/petitecave.ch\/wp-content\/uploads\/2025\/10\/petitecavelogo-removebg-preview.png","contentUrl":"https:\/\/petitecave.ch\/wp-content\/uploads\/2025\/10\/petitecavelogo-removebg-preview.png","width":800,"height":200,"caption":"La Petite Cave du Chablais S\u00e0rl"},"image":{"@id":"https:\/\/petitecave.ch\/de\/#\/schema\/logo\/image\/"},"sameAs":["https:\/\/www.facebook.com\/LaPetiteCaveDuChablais","https:\/\/www.instagram.com\/lapetitecaveduchablais","https:\/\/www.linkedin.com\/company\/la-petite-cave-du-chablais"]}]}},"_links":{"self":[{"href":"https:\/\/petitecave.ch\/de\/wp-json\/wp\/v2\/product\/19438","targetHints":{"allow":["GET"]}}],"collection":[{"href":"https:\/\/petitecave.ch\/de\/wp-json\/wp\/v2\/product"}],"about":[{"href":"https:\/\/petitecave.ch\/de\/wp-json\/wp\/v2\/types\/product"}],"replies":[{"embeddable":true,"href":"https:\/\/petitecave.ch\/de\/wp-json\/wp\/v2\/comments?post=19438"}],"wp:featuredmedia":[{"embeddable":true,"href":"https:\/\/petitecave.ch\/de\/wp-json\/wp\/v2\/media\/19440"}],"wp:attachment":[{"href":"https:\/\/petitecave.ch\/de\/wp-json\/wp\/v2\/media?parent=19438"}],"wp:term":[{"taxonomy":"product_cat","embeddable":true,"href":"https:\/\/petitecave.ch\/de\/wp-json\/wp\/v2\/product_cat?post=19438"},{"taxonomy":"product_tag","embeddable":true,"href":"https:\/\/petitecave.ch\/de\/wp-json\/wp\/v2\/product_tag?post=19438"}],"curies":[{"name":"wp","href":"https:\/\/api.w.org\/{rel}","templated":true}]}}