{"id":19434,"date":"2026-04-17T18:06:38","date_gmt":"2026-04-17T16:06:38","guid":{"rendered":"https:\/\/petitecave.ch\/?post_type=product&#038;p=19434"},"modified":"2026-04-17T18:13:29","modified_gmt":"2026-04-17T16:13:29","slug":"mojito-sir-james-101","status":"publish","type":"product","link":"https:\/\/petitecave.ch\/de\/product\/mojito-sir-james-101\/","title":{"rendered":"Mojito &#8211; Sir. James 101"},"content":{"rendered":"<p><span style=\"color: #000000;\">D\u00e8s le premier nez, <strong>la menthe fra\u00eeche s\u2019impose avec intensit\u00e9<\/strong>. <strong>Les notes de citron vert apportent une vivacit\u00e9 imm\u00e9diate<\/strong>. En bouche, <strong>l\u2019attaque reste fra\u00eeche et tonique.<\/strong> La fine effervescence dynamise l\u2019ensemble et prolonge la d\u00e9gustation.<\/span><\/p>","protected":false},"excerpt":{"rendered":"<p data-start=\"0\" data-end=\"238\"><span style=\"color: #000000;\">Apporte une vague de fra\u00eecheur \u00e0 tes ap\u00e9ritifs avec le Mojito \u2013 Sir. James 101. Cette version sans alcool revisite le c\u00e9l\u00e8bre cocktail cubain avec pr\u00e9cision. Tu retrouves l\u2019\u00e9quilibre iconique entre menthe, citron vert et l\u00e9g\u00e8re sucrosit\u00e9.<\/span><\/p>\n<p data-start=\"240\" data-end=\"478\"><span style=\"color: #000000;\">D\u00e8s le premier nez, la menthe fra\u00eeche s\u2019impose avec intensit\u00e9. Les notes de citron vert apportent une vivacit\u00e9 imm\u00e9diate. En bouche, l\u2019attaque reste fra\u00eeche et tonique. La fine effervescence dynamise l\u2019ensemble et prolonge la d\u00e9gustation.<\/span><\/p>\n<p data-start=\"480\" data-end=\"770\"><span style=\"color: #000000;\">Chaque gorg\u00e9e offre une sensation d\u00e9salt\u00e9rante et l\u00e9g\u00e8re. L\u2019\u00e9quilibre entre acidit\u00e9 et douceur reste parfaitement ma\u00eetris\u00e9. Tu proposes un mocktail rafra\u00eechissant, id\u00e9al pour toutes les occasions. Ce Mojito sans alcool r\u00e9pond aux attentes d\u2019une client\u00e8le en qu\u00eate de plaisir sans compromis.<\/span><\/p>\n<p data-start=\"772\" data-end=\"1031\"><span style=\"color: #000000;\">Serre-le bien frais avec des gla\u00e7ons, quelques feuilles de menthe et un quartier de citron vert. La pr\u00e9sentation renforce l\u2019exp\u00e9rience et attire imm\u00e9diatement le regard. Il devient rapidement un incontournable des moments conviviaux, en terrasse ou en soir\u00e9e.<\/span><\/p>\n<p data-start=\"1033\" data-end=\"1320\" data-is-last-node=\"\" data-is-only-node=\"\"><span style=\"color: #000000;\">C\u00f4t\u00e9 accords, il accompagne parfaitement des tapas, des grillades ou des plats estivaux. Sa fra\u00eecheur met en valeur les saveurs sans les alourdir.<\/span><\/p>","protected":false},"featured_media":19435,"comment_status":"open","ping_status":"closed","template":"","meta":[],"product_cat":[1267],"product_tag":[],"class_list":{"0":"post-19434","1":"product","2":"type-product","3":"status-publish","4":"has-post-thumbnail","6":"product_cat-aperitif-sans-alcool","7":"pa_categorie-600-spiritueux-sans-alcool","8":"pa_country-pays-bas","9":"pa_type-ready-to-drink-rtd","10":"pa_volume-25-cl-2","11":"_wholesalex wsx-wholesalex-product","13":"first","14":"instock","15":"taxable","16":"shipping-taxable","17":"purchasable","18":"product-type-simple"},"yoast_head":"<!-- This site is optimized with the Yoast SEO plugin v27.4 - https:\/\/yoast.com\/product\/yoast-seo-wordpress\/ -->\n<title>Mojito - Sir. James 101 | La Petite Cave du Chablais<\/title>\n<meta name=\"description\" content=\"Cette version sans alcool revisite le c\u00e9l\u00e8bre cocktail cubain avec pr\u00e9cision. Tu retrouves l\u2019\u00e9quilibre id\u00e9al entre menthe, citron vert et petite sucrosit\u00e9.\" \/>\n<meta name=\"robots\" content=\"index, follow, max-snippet:-1, max-image-preview:large, max-video-preview:-1\" \/>\n<link rel=\"canonical\" href=\"https:\/\/petitecave.ch\/de\/product\/mojito-sir-james-101\/\" \/>\n<meta property=\"og:locale\" content=\"de_DE\" \/>\n<meta property=\"og:type\" content=\"article\" \/>\n<meta property=\"og:title\" content=\"Mojito - Sir. James 101 | La Petite Cave du Chablais\" \/>\n<meta property=\"og:description\" content=\"Cette version sans alcool revisite le c\u00e9l\u00e8bre cocktail cubain avec pr\u00e9cision. Tu retrouves l\u2019\u00e9quilibre id\u00e9al entre menthe, citron vert et petite sucrosit\u00e9.\" \/>\n<meta property=\"og:url\" content=\"https:\/\/petitecave.ch\/de\/product\/mojito-sir-james-101\/\" \/>\n<meta property=\"og:site_name\" content=\"La Petite Cave du Chablais\" \/>\n<meta property=\"article:publisher\" content=\"https:\/\/www.facebook.com\/LaPetiteCaveDuChablais\" \/>\n<meta property=\"article:modified_time\" content=\"2026-04-17T16:13:29+00:00\" \/>\n<meta property=\"og:image\" content=\"https:\/\/petitecave.ch\/wp-content\/uploads\/2026\/04\/Mojito-Sir.-James-101.png\" \/>\n\t<meta property=\"og:image:width\" content=\"1000\" \/>\n\t<meta property=\"og:image:height\" content=\"1000\" \/>\n\t<meta property=\"og:image:type\" content=\"image\/png\" \/>\n<meta name=\"twitter:card\" content=\"summary_large_image\" \/>\n<meta name=\"twitter:label1\" content=\"Gesch\u00e4tzte Lesezeit\" \/>\n\t<meta name=\"twitter:data1\" content=\"1\u00a0Minute\" \/>\n<script type=\"application\/ld+json\" class=\"yoast-schema-graph\">{\"@context\":\"https:\\\/\\\/schema.org\",\"@graph\":[{\"@type\":\"WebPage\",\"@id\":\"https:\\\/\\\/petitecave.ch\\\/product\\\/mojito-sir-james-101\\\/\",\"url\":\"https:\\\/\\\/petitecave.ch\\\/product\\\/mojito-sir-james-101\\\/\",\"name\":\"Mojito - Sir. James 101 | La Petite Cave du Chablais\",\"isPartOf\":{\"@id\":\"https:\\\/\\\/petitecave.ch\\\/de\\\/#website\"},\"primaryImageOfPage\":{\"@id\":\"https:\\\/\\\/petitecave.ch\\\/product\\\/mojito-sir-james-101\\\/#primaryimage\"},\"image\":{\"@id\":\"https:\\\/\\\/petitecave.ch\\\/product\\\/mojito-sir-james-101\\\/#primaryimage\"},\"thumbnailUrl\":\"https:\\\/\\\/petitecave.ch\\\/wp-content\\\/uploads\\\/2026\\\/04\\\/Mojito-Sir.-James-101.png\",\"datePublished\":\"2026-04-17T16:06:38+00:00\",\"dateModified\":\"2026-04-17T16:13:29+00:00\",\"description\":\"Cette version sans alcool revisite le c\u00e9l\u00e8bre cocktail cubain avec pr\u00e9cision. Tu retrouves l\u2019\u00e9quilibre id\u00e9al entre menthe, citron vert et petite sucrosit\u00e9.\",\"breadcrumb\":{\"@id\":\"https:\\\/\\\/petitecave.ch\\\/product\\\/mojito-sir-james-101\\\/#breadcrumb\"},\"inLanguage\":\"de-CH\",\"potentialAction\":[{\"@type\":\"ReadAction\",\"target\":[\"https:\\\/\\\/petitecave.ch\\\/product\\\/mojito-sir-james-101\\\/\"]}]},{\"@type\":\"ImageObject\",\"inLanguage\":\"de-CH\",\"@id\":\"https:\\\/\\\/petitecave.ch\\\/product\\\/mojito-sir-james-101\\\/#primaryimage\",\"url\":\"https:\\\/\\\/petitecave.ch\\\/wp-content\\\/uploads\\\/2026\\\/04\\\/Mojito-Sir.-James-101.png\",\"contentUrl\":\"https:\\\/\\\/petitecave.ch\\\/wp-content\\\/uploads\\\/2026\\\/04\\\/Mojito-Sir.-James-101.png\",\"width\":1000,\"height\":1000},{\"@type\":\"BreadcrumbList\",\"@id\":\"https:\\\/\\\/petitecave.ch\\\/product\\\/mojito-sir-james-101\\\/#breadcrumb\",\"itemListElement\":[{\"@type\":\"ListItem\",\"position\":1,\"name\":\"Accueil\",\"item\":\"https:\\\/\\\/petitecave.ch\\\/\"},{\"@type\":\"ListItem\",\"position\":2,\"name\":\"Produkte\",\"item\":\"https:\\\/\\\/petitecave.ch\\\/de\\\/shop\\\/\"},{\"@type\":\"ListItem\",\"position\":3,\"name\":\"Mojito &#8211; Sir. James 101\"}]},{\"@type\":\"WebSite\",\"@id\":\"https:\\\/\\\/petitecave.ch\\\/de\\\/#website\",\"url\":\"https:\\\/\\\/petitecave.ch\\\/de\\\/\",\"name\":\"La Petite Cave du Chablais\",\"description\":\"Vins, bi\u00e8res et spiritueux en ligne !\",\"publisher\":{\"@id\":\"https:\\\/\\\/petitecave.ch\\\/de\\\/#organization\"},\"alternateName\":\"La Petite Cave\",\"potentialAction\":[{\"@type\":\"SearchAction\",\"target\":{\"@type\":\"EntryPoint\",\"urlTemplate\":\"https:\\\/\\\/petitecave.ch\\\/de\\\/?s={search_term_string}\"},\"query-input\":{\"@type\":\"PropertyValueSpecification\",\"valueRequired\":true,\"valueName\":\"search_term_string\"}}],\"inLanguage\":\"de-CH\"},{\"@type\":\"Organization\",\"@id\":\"https:\\\/\\\/petitecave.ch\\\/de\\\/#organization\",\"name\":\"La Petite Cave du Chablais S\u00e0rl\",\"url\":\"https:\\\/\\\/petitecave.ch\\\/de\\\/\",\"logo\":{\"@type\":\"ImageObject\",\"inLanguage\":\"de-CH\",\"@id\":\"https:\\\/\\\/petitecave.ch\\\/de\\\/#\\\/schema\\\/logo\\\/image\\\/\",\"url\":\"https:\\\/\\\/petitecave.ch\\\/wp-content\\\/uploads\\\/2025\\\/10\\\/petitecavelogo-removebg-preview.png\",\"contentUrl\":\"https:\\\/\\\/petitecave.ch\\\/wp-content\\\/uploads\\\/2025\\\/10\\\/petitecavelogo-removebg-preview.png\",\"width\":800,\"height\":200,\"caption\":\"La Petite Cave du Chablais S\u00e0rl\"},\"image\":{\"@id\":\"https:\\\/\\\/petitecave.ch\\\/de\\\/#\\\/schema\\\/logo\\\/image\\\/\"},\"sameAs\":[\"https:\\\/\\\/www.facebook.com\\\/LaPetiteCaveDuChablais\",\"https:\\\/\\\/www.instagram.com\\\/lapetitecaveduchablais\",\"https:\\\/\\\/www.linkedin.com\\\/company\\\/la-petite-cave-du-chablais\"]}]}<\/script>\n<!-- \/ Yoast SEO plugin. -->","yoast_head_json":{"title":"Mojito - Sir. James 101 | La Petite Cave du Chablais","description":"Cette version sans alcool revisite le c\u00e9l\u00e8bre cocktail cubain avec pr\u00e9cision. Tu retrouves l\u2019\u00e9quilibre id\u00e9al entre menthe, citron vert et petite sucrosit\u00e9.","robots":{"index":"index","follow":"follow","max-snippet":"max-snippet:-1","max-image-preview":"max-image-preview:large","max-video-preview":"max-video-preview:-1"},"canonical":"https:\/\/petitecave.ch\/de\/product\/mojito-sir-james-101\/","og_locale":"de_DE","og_type":"article","og_title":"Mojito - Sir. James 101 | La Petite Cave du Chablais","og_description":"Cette version sans alcool revisite le c\u00e9l\u00e8bre cocktail cubain avec pr\u00e9cision. Tu retrouves l\u2019\u00e9quilibre id\u00e9al entre menthe, citron vert et petite sucrosit\u00e9.","og_url":"https:\/\/petitecave.ch\/de\/product\/mojito-sir-james-101\/","og_site_name":"La Petite Cave du Chablais","article_publisher":"https:\/\/www.facebook.com\/LaPetiteCaveDuChablais","article_modified_time":"2026-04-17T16:13:29+00:00","og_image":[{"width":1000,"height":1000,"url":"https:\/\/petitecave.ch\/wp-content\/uploads\/2026\/04\/Mojito-Sir.-James-101.png","type":"image\/png"}],"twitter_card":"summary_large_image","twitter_misc":{"Gesch\u00e4tzte Lesezeit":"1\u00a0Minute"},"schema":{"@context":"https:\/\/schema.org","@graph":[{"@type":"WebPage","@id":"https:\/\/petitecave.ch\/product\/mojito-sir-james-101\/","url":"https:\/\/petitecave.ch\/product\/mojito-sir-james-101\/","name":"Mojito - Sir. James 101 | La Petite Cave du Chablais","isPartOf":{"@id":"https:\/\/petitecave.ch\/de\/#website"},"primaryImageOfPage":{"@id":"https:\/\/petitecave.ch\/product\/mojito-sir-james-101\/#primaryimage"},"image":{"@id":"https:\/\/petitecave.ch\/product\/mojito-sir-james-101\/#primaryimage"},"thumbnailUrl":"https:\/\/petitecave.ch\/wp-content\/uploads\/2026\/04\/Mojito-Sir.-James-101.png","datePublished":"2026-04-17T16:06:38+00:00","dateModified":"2026-04-17T16:13:29+00:00","description":"Cette version sans alcool revisite le c\u00e9l\u00e8bre cocktail cubain avec pr\u00e9cision. Tu retrouves l\u2019\u00e9quilibre id\u00e9al entre menthe, citron vert et petite sucrosit\u00e9.","breadcrumb":{"@id":"https:\/\/petitecave.ch\/product\/mojito-sir-james-101\/#breadcrumb"},"inLanguage":"de-CH","potentialAction":[{"@type":"ReadAction","target":["https:\/\/petitecave.ch\/product\/mojito-sir-james-101\/"]}]},{"@type":"ImageObject","inLanguage":"de-CH","@id":"https:\/\/petitecave.ch\/product\/mojito-sir-james-101\/#primaryimage","url":"https:\/\/petitecave.ch\/wp-content\/uploads\/2026\/04\/Mojito-Sir.-James-101.png","contentUrl":"https:\/\/petitecave.ch\/wp-content\/uploads\/2026\/04\/Mojito-Sir.-James-101.png","width":1000,"height":1000},{"@type":"BreadcrumbList","@id":"https:\/\/petitecave.ch\/product\/mojito-sir-james-101\/#breadcrumb","itemListElement":[{"@type":"ListItem","position":1,"name":"Accueil","item":"https:\/\/petitecave.ch\/"},{"@type":"ListItem","position":2,"name":"Produkte","item":"https:\/\/petitecave.ch\/de\/shop\/"},{"@type":"ListItem","position":3,"name":"Mojito &#8211; Sir. James 101"}]},{"@type":"WebSite","@id":"https:\/\/petitecave.ch\/de\/#website","url":"https:\/\/petitecave.ch\/de\/","name":"Die kleine Keller des Chablais","description":"Vins, bi\u00e8res et spiritueux en ligne !","publisher":{"@id":"https:\/\/petitecave.ch\/de\/#organization"},"alternateName":"La Petite Cave","potentialAction":[{"@type":"SearchAction","target":{"@type":"EntryPoint","urlTemplate":"https:\/\/petitecave.ch\/de\/?s={search_term_string}"},"query-input":{"@type":"PropertyValueSpecification","valueRequired":true,"valueName":"search_term_string"}}],"inLanguage":"de-CH"},{"@type":"Organization","@id":"https:\/\/petitecave.ch\/de\/#organization","name":"La Petite Cave du Chablais S\u00e0rl","url":"https:\/\/petitecave.ch\/de\/","logo":{"@type":"ImageObject","inLanguage":"de-CH","@id":"https:\/\/petitecave.ch\/de\/#\/schema\/logo\/image\/","url":"https:\/\/petitecave.ch\/wp-content\/uploads\/2025\/10\/petitecavelogo-removebg-preview.png","contentUrl":"https:\/\/petitecave.ch\/wp-content\/uploads\/2025\/10\/petitecavelogo-removebg-preview.png","width":800,"height":200,"caption":"La Petite Cave du Chablais S\u00e0rl"},"image":{"@id":"https:\/\/petitecave.ch\/de\/#\/schema\/logo\/image\/"},"sameAs":["https:\/\/www.facebook.com\/LaPetiteCaveDuChablais","https:\/\/www.instagram.com\/lapetitecaveduchablais","https:\/\/www.linkedin.com\/company\/la-petite-cave-du-chablais"]}]}},"_links":{"self":[{"href":"https:\/\/petitecave.ch\/de\/wp-json\/wp\/v2\/product\/19434","targetHints":{"allow":["GET"]}}],"collection":[{"href":"https:\/\/petitecave.ch\/de\/wp-json\/wp\/v2\/product"}],"about":[{"href":"https:\/\/petitecave.ch\/de\/wp-json\/wp\/v2\/types\/product"}],"replies":[{"embeddable":true,"href":"https:\/\/petitecave.ch\/de\/wp-json\/wp\/v2\/comments?post=19434"}],"wp:featuredmedia":[{"embeddable":true,"href":"https:\/\/petitecave.ch\/de\/wp-json\/wp\/v2\/media\/19435"}],"wp:attachment":[{"href":"https:\/\/petitecave.ch\/de\/wp-json\/wp\/v2\/media?parent=19434"}],"wp:term":[{"taxonomy":"product_cat","embeddable":true,"href":"https:\/\/petitecave.ch\/de\/wp-json\/wp\/v2\/product_cat?post=19434"},{"taxonomy":"product_tag","embeddable":true,"href":"https:\/\/petitecave.ch\/de\/wp-json\/wp\/v2\/product_tag?post=19434"}],"curies":[{"name":"wp","href":"https:\/\/api.w.org\/{rel}","templated":true}]}}