{"id":19429,"date":"2026-04-17T17:59:24","date_gmt":"2026-04-17T15:59:24","guid":{"rendered":"https:\/\/petitecave.ch\/?post_type=product&#038;p=19429"},"modified":"2026-04-17T18:14:06","modified_gmt":"2026-04-17T16:14:06","slug":"passionfruit-martini-sir-james-101","status":"publish","type":"product","link":"https:\/\/petitecave.ch\/de\/product\/passionfruit-martini-sir-james-101\/","title":{"rendered":"Passionfruit Martini &#8211; Sir. James 101"},"content":{"rendered":"<p><span style=\"color: #000000;\">D\u00e8s le premier nez, <strong>les ar\u00f4mes tropicaux s\u2019expriment avec \u00e9clat<\/strong>. <strong>Le fruit de la passion domine, accompagn\u00e9 de notes l\u00e9g\u00e8rement acidul\u00e9es<\/strong>. En bouche, l\u2019<strong>\u00e9quilibre entre douceur et vivacit\u00e9<\/strong> cr\u00e9e une sensation parfaitement ma\u00eetris\u00e9e. La<strong> texture est ronde, agr\u00e9able et facile \u00e0 appr\u00e9cier.<\/strong><\/span><\/p>","protected":false},"excerpt":{"rendered":"<p data-start=\"0\" data-end=\"287\"><span style=\"color: #000000;\">Apporte une touche exotique et sans alcool \u00e0 tes ap\u00e9ritifs avec le Passionfruit Martini \u2013 Sir. James 101. Cette revisite audacieuse du c\u00e9l\u00e8bre cocktail s\u00e9duit par son intensit\u00e9 aromatique. Tu retrouves imm\u00e9diatement la gourmandise du fruit de la passion, relev\u00e9e par une belle fra\u00eecheur.<\/span><\/p>\n<p data-start=\"289\" data-end=\"572\"><span style=\"color: #000000;\">D\u00e8s le premier nez, les ar\u00f4mes tropicaux s\u2019expriment avec \u00e9clat. Le fruit de la passion domine, accompagn\u00e9 de notes l\u00e9g\u00e8rement acidul\u00e9es. En bouche, l\u2019\u00e9quilibre entre douceur et vivacit\u00e9 cr\u00e9e une sensation parfaitement ma\u00eetris\u00e9e. La texture est ronde, agr\u00e9able et facile \u00e0 appr\u00e9cier.<\/span><\/p>\n<p data-start=\"574\" data-end=\"859\"><span style=\"color: #000000;\">Chaque gorg\u00e9e offre une exp\u00e9rience fruit\u00e9e et rafra\u00eechissante. Ce mocktail apporte du peps \u00e0 tes moments conviviaux. Il r\u00e9pond parfaitement aux nouvelles attentes de consommation, sans alcool mais avec du caract\u00e8re.<\/span><\/p>\n<p data-start=\"861\" data-end=\"1086\"><span style=\"color: #000000;\">Serre-le bien frais dans un verre \u00e0 cocktail pour une pr\u00e9sentation \u00e9l\u00e9gante. Ajoute une demi-passion ou un zeste d\u2019agrume pour sublimer le visuel. Il devient rapidement la pi\u00e8ce ma\u00eetresse de tes ap\u00e9ritifs ou soir\u00e9es festives.<\/span><\/p>\n<p data-start=\"1088\" data-end=\"1415\" data-is-last-node=\"\" data-is-only-node=\"\"><span style=\"color: #000000;\">C\u00f4t\u00e9 accords, il accompagne parfaitement des desserts fruit\u00e9s ou des amuse-bouches l\u00e9gers. Il se marie aussi avec des saveurs exotiques et sucr\u00e9es-sal\u00e9es. Le Passionfruit Martini \u2013 Sir. James 101 s\u2019impose comme un incontournable pour dynamiser ton offre sans alcool. Une explosion de saveurs qui ne laisse personne indiff\u00e9rent.<\/span><\/p>","protected":false},"featured_media":19432,"comment_status":"open","ping_status":"closed","template":"","meta":[],"product_cat":[1267],"product_tag":[],"class_list":{"0":"post-19429","1":"product","2":"type-product","3":"status-publish","4":"has-post-thumbnail","6":"product_cat-aperitif-sans-alcool","7":"pa_categorie-600-spiritueux-sans-alcool","8":"pa_country-pays-bas","9":"pa_type-ready-to-drink-rtd","10":"pa_volume-25-cl-2","11":"_wholesalex wsx-wholesalex-product","13":"first","14":"instock","15":"taxable","16":"shipping-taxable","17":"purchasable","18":"product-type-simple"},"yoast_head":"<!-- This site is optimized with the Yoast SEO plugin v27.4 - https:\/\/yoast.com\/product\/yoast-seo-wordpress\/ -->\n<title>Passionfruit Martini - Sir. James 101 | La Petite Cave du Chablais<\/title>\n<meta name=\"description\" content=\"Cette revisite audacieuse du c\u00e9l\u00e8bre cocktail s\u00e9duit par son intensit\u00e9 aromatique. Tu retrouves imm\u00e9diatement la gourmandise du fruit de la passion.\" \/>\n<meta name=\"robots\" content=\"index, follow, max-snippet:-1, max-image-preview:large, max-video-preview:-1\" \/>\n<link rel=\"canonical\" href=\"https:\/\/petitecave.ch\/de\/product\/passionfruit-martini-sir-james-101\/\" \/>\n<meta property=\"og:locale\" content=\"de_DE\" \/>\n<meta property=\"og:type\" content=\"article\" \/>\n<meta property=\"og:title\" content=\"Passionfruit Martini - Sir. James 101 | La Petite Cave du Chablais\" \/>\n<meta property=\"og:description\" content=\"Cette revisite audacieuse du c\u00e9l\u00e8bre cocktail s\u00e9duit par son intensit\u00e9 aromatique. Tu retrouves imm\u00e9diatement la gourmandise du fruit de la passion.\" \/>\n<meta property=\"og:url\" content=\"https:\/\/petitecave.ch\/de\/product\/passionfruit-martini-sir-james-101\/\" \/>\n<meta property=\"og:site_name\" content=\"La Petite Cave du Chablais\" \/>\n<meta property=\"article:publisher\" content=\"https:\/\/www.facebook.com\/LaPetiteCaveDuChablais\" \/>\n<meta property=\"article:modified_time\" content=\"2026-04-17T16:14:06+00:00\" \/>\n<meta property=\"og:image\" content=\"https:\/\/petitecave.ch\/wp-content\/uploads\/2026\/04\/Passionfruit-Martini-Sir.-James-101.png\" \/>\n\t<meta property=\"og:image:width\" content=\"1000\" \/>\n\t<meta property=\"og:image:height\" content=\"1000\" \/>\n\t<meta property=\"og:image:type\" content=\"image\/png\" \/>\n<meta name=\"twitter:card\" content=\"summary_large_image\" \/>\n<meta name=\"twitter:label1\" content=\"Gesch\u00e4tzte Lesezeit\" \/>\n\t<meta name=\"twitter:data1\" content=\"1\u00a0Minute\" \/>\n<script type=\"application\/ld+json\" class=\"yoast-schema-graph\">{\"@context\":\"https:\\\/\\\/schema.org\",\"@graph\":[{\"@type\":\"WebPage\",\"@id\":\"https:\\\/\\\/petitecave.ch\\\/product\\\/passionfruit-martini-sir-james-101\\\/\",\"url\":\"https:\\\/\\\/petitecave.ch\\\/product\\\/passionfruit-martini-sir-james-101\\\/\",\"name\":\"Passionfruit Martini - Sir. James 101 | La Petite Cave du Chablais\",\"isPartOf\":{\"@id\":\"https:\\\/\\\/petitecave.ch\\\/de\\\/#website\"},\"primaryImageOfPage\":{\"@id\":\"https:\\\/\\\/petitecave.ch\\\/product\\\/passionfruit-martini-sir-james-101\\\/#primaryimage\"},\"image\":{\"@id\":\"https:\\\/\\\/petitecave.ch\\\/product\\\/passionfruit-martini-sir-james-101\\\/#primaryimage\"},\"thumbnailUrl\":\"https:\\\/\\\/petitecave.ch\\\/wp-content\\\/uploads\\\/2026\\\/04\\\/Passionfruit-Martini-Sir.-James-101.png\",\"datePublished\":\"2026-04-17T15:59:24+00:00\",\"dateModified\":\"2026-04-17T16:14:06+00:00\",\"description\":\"Cette revisite audacieuse du c\u00e9l\u00e8bre cocktail s\u00e9duit par son intensit\u00e9 aromatique. Tu retrouves imm\u00e9diatement la gourmandise du fruit de la passion.\",\"breadcrumb\":{\"@id\":\"https:\\\/\\\/petitecave.ch\\\/product\\\/passionfruit-martini-sir-james-101\\\/#breadcrumb\"},\"inLanguage\":\"de-CH\",\"potentialAction\":[{\"@type\":\"ReadAction\",\"target\":[\"https:\\\/\\\/petitecave.ch\\\/product\\\/passionfruit-martini-sir-james-101\\\/\"]}]},{\"@type\":\"ImageObject\",\"inLanguage\":\"de-CH\",\"@id\":\"https:\\\/\\\/petitecave.ch\\\/product\\\/passionfruit-martini-sir-james-101\\\/#primaryimage\",\"url\":\"https:\\\/\\\/petitecave.ch\\\/wp-content\\\/uploads\\\/2026\\\/04\\\/Passionfruit-Martini-Sir.-James-101.png\",\"contentUrl\":\"https:\\\/\\\/petitecave.ch\\\/wp-content\\\/uploads\\\/2026\\\/04\\\/Passionfruit-Martini-Sir.-James-101.png\",\"width\":1000,\"height\":1000},{\"@type\":\"BreadcrumbList\",\"@id\":\"https:\\\/\\\/petitecave.ch\\\/product\\\/passionfruit-martini-sir-james-101\\\/#breadcrumb\",\"itemListElement\":[{\"@type\":\"ListItem\",\"position\":1,\"name\":\"Accueil\",\"item\":\"https:\\\/\\\/petitecave.ch\\\/de\\\/\"},{\"@type\":\"ListItem\",\"position\":2,\"name\":\"Produkte\",\"item\":\"https:\\\/\\\/petitecave.ch\\\/de\\\/shop\\\/\"},{\"@type\":\"ListItem\",\"position\":3,\"name\":\"Passionfruit Martini &#8211; Sir. James 101\"}]},{\"@type\":\"WebSite\",\"@id\":\"https:\\\/\\\/petitecave.ch\\\/de\\\/#website\",\"url\":\"https:\\\/\\\/petitecave.ch\\\/de\\\/\",\"name\":\"La Petite Cave du Chablais\",\"description\":\"Vins, bi\u00e8res et spiritueux en ligne !\",\"publisher\":{\"@id\":\"https:\\\/\\\/petitecave.ch\\\/de\\\/#organization\"},\"alternateName\":\"La Petite Cave\",\"potentialAction\":[{\"@type\":\"SearchAction\",\"target\":{\"@type\":\"EntryPoint\",\"urlTemplate\":\"https:\\\/\\\/petitecave.ch\\\/de\\\/?s={search_term_string}\"},\"query-input\":{\"@type\":\"PropertyValueSpecification\",\"valueRequired\":true,\"valueName\":\"search_term_string\"}}],\"inLanguage\":\"de-CH\"},{\"@type\":\"Organization\",\"@id\":\"https:\\\/\\\/petitecave.ch\\\/de\\\/#organization\",\"name\":\"La Petite Cave du Chablais S\u00e0rl\",\"url\":\"https:\\\/\\\/petitecave.ch\\\/de\\\/\",\"logo\":{\"@type\":\"ImageObject\",\"inLanguage\":\"de-CH\",\"@id\":\"https:\\\/\\\/petitecave.ch\\\/de\\\/#\\\/schema\\\/logo\\\/image\\\/\",\"url\":\"https:\\\/\\\/petitecave.ch\\\/wp-content\\\/uploads\\\/2025\\\/10\\\/petitecavelogo-removebg-preview.png\",\"contentUrl\":\"https:\\\/\\\/petitecave.ch\\\/wp-content\\\/uploads\\\/2025\\\/10\\\/petitecavelogo-removebg-preview.png\",\"width\":800,\"height\":200,\"caption\":\"La Petite Cave du Chablais S\u00e0rl\"},\"image\":{\"@id\":\"https:\\\/\\\/petitecave.ch\\\/de\\\/#\\\/schema\\\/logo\\\/image\\\/\"},\"sameAs\":[\"https:\\\/\\\/www.facebook.com\\\/LaPetiteCaveDuChablais\",\"https:\\\/\\\/www.instagram.com\\\/lapetitecaveduchablais\",\"https:\\\/\\\/www.linkedin.com\\\/company\\\/la-petite-cave-du-chablais\"]}]}<\/script>\n<!-- \/ Yoast SEO plugin. -->","yoast_head_json":{"title":"Passionfruit Martini - Sir. James 101 | La Petite Cave du Chablais","description":"Cette revisite audacieuse du c\u00e9l\u00e8bre cocktail s\u00e9duit par son intensit\u00e9 aromatique. Tu retrouves imm\u00e9diatement la gourmandise du fruit de la passion.","robots":{"index":"index","follow":"follow","max-snippet":"max-snippet:-1","max-image-preview":"max-image-preview:large","max-video-preview":"max-video-preview:-1"},"canonical":"https:\/\/petitecave.ch\/de\/product\/passionfruit-martini-sir-james-101\/","og_locale":"de_DE","og_type":"article","og_title":"Passionfruit Martini - Sir. James 101 | La Petite Cave du Chablais","og_description":"Cette revisite audacieuse du c\u00e9l\u00e8bre cocktail s\u00e9duit par son intensit\u00e9 aromatique. Tu retrouves imm\u00e9diatement la gourmandise du fruit de la passion.","og_url":"https:\/\/petitecave.ch\/de\/product\/passionfruit-martini-sir-james-101\/","og_site_name":"La Petite Cave du Chablais","article_publisher":"https:\/\/www.facebook.com\/LaPetiteCaveDuChablais","article_modified_time":"2026-04-17T16:14:06+00:00","og_image":[{"width":1000,"height":1000,"url":"https:\/\/petitecave.ch\/wp-content\/uploads\/2026\/04\/Passionfruit-Martini-Sir.-James-101.png","type":"image\/png"}],"twitter_card":"summary_large_image","twitter_misc":{"Gesch\u00e4tzte Lesezeit":"1\u00a0Minute"},"schema":{"@context":"https:\/\/schema.org","@graph":[{"@type":"WebPage","@id":"https:\/\/petitecave.ch\/product\/passionfruit-martini-sir-james-101\/","url":"https:\/\/petitecave.ch\/product\/passionfruit-martini-sir-james-101\/","name":"Passionfruit Martini - Sir. James 101 | La Petite Cave du Chablais","isPartOf":{"@id":"https:\/\/petitecave.ch\/de\/#website"},"primaryImageOfPage":{"@id":"https:\/\/petitecave.ch\/product\/passionfruit-martini-sir-james-101\/#primaryimage"},"image":{"@id":"https:\/\/petitecave.ch\/product\/passionfruit-martini-sir-james-101\/#primaryimage"},"thumbnailUrl":"https:\/\/petitecave.ch\/wp-content\/uploads\/2026\/04\/Passionfruit-Martini-Sir.-James-101.png","datePublished":"2026-04-17T15:59:24+00:00","dateModified":"2026-04-17T16:14:06+00:00","description":"Cette revisite audacieuse du c\u00e9l\u00e8bre cocktail s\u00e9duit par son intensit\u00e9 aromatique. Tu retrouves imm\u00e9diatement la gourmandise du fruit de la passion.","breadcrumb":{"@id":"https:\/\/petitecave.ch\/product\/passionfruit-martini-sir-james-101\/#breadcrumb"},"inLanguage":"de-CH","potentialAction":[{"@type":"ReadAction","target":["https:\/\/petitecave.ch\/product\/passionfruit-martini-sir-james-101\/"]}]},{"@type":"ImageObject","inLanguage":"de-CH","@id":"https:\/\/petitecave.ch\/product\/passionfruit-martini-sir-james-101\/#primaryimage","url":"https:\/\/petitecave.ch\/wp-content\/uploads\/2026\/04\/Passionfruit-Martini-Sir.-James-101.png","contentUrl":"https:\/\/petitecave.ch\/wp-content\/uploads\/2026\/04\/Passionfruit-Martini-Sir.-James-101.png","width":1000,"height":1000},{"@type":"BreadcrumbList","@id":"https:\/\/petitecave.ch\/product\/passionfruit-martini-sir-james-101\/#breadcrumb","itemListElement":[{"@type":"ListItem","position":1,"name":"Accueil","item":"https:\/\/petitecave.ch\/de\/"},{"@type":"ListItem","position":2,"name":"Produkte","item":"https:\/\/petitecave.ch\/de\/shop\/"},{"@type":"ListItem","position":3,"name":"Passionfruit Martini &#8211; Sir. James 101"}]},{"@type":"WebSite","@id":"https:\/\/petitecave.ch\/de\/#website","url":"https:\/\/petitecave.ch\/de\/","name":"Die kleine Keller des Chablais","description":"Vins, bi\u00e8res et spiritueux en ligne !","publisher":{"@id":"https:\/\/petitecave.ch\/de\/#organization"},"alternateName":"La Petite Cave","potentialAction":[{"@type":"SearchAction","target":{"@type":"EntryPoint","urlTemplate":"https:\/\/petitecave.ch\/de\/?s={search_term_string}"},"query-input":{"@type":"PropertyValueSpecification","valueRequired":true,"valueName":"search_term_string"}}],"inLanguage":"de-CH"},{"@type":"Organization","@id":"https:\/\/petitecave.ch\/de\/#organization","name":"La Petite Cave du Chablais S\u00e0rl","url":"https:\/\/petitecave.ch\/de\/","logo":{"@type":"ImageObject","inLanguage":"de-CH","@id":"https:\/\/petitecave.ch\/de\/#\/schema\/logo\/image\/","url":"https:\/\/petitecave.ch\/wp-content\/uploads\/2025\/10\/petitecavelogo-removebg-preview.png","contentUrl":"https:\/\/petitecave.ch\/wp-content\/uploads\/2025\/10\/petitecavelogo-removebg-preview.png","width":800,"height":200,"caption":"La Petite Cave du Chablais S\u00e0rl"},"image":{"@id":"https:\/\/petitecave.ch\/de\/#\/schema\/logo\/image\/"},"sameAs":["https:\/\/www.facebook.com\/LaPetiteCaveDuChablais","https:\/\/www.instagram.com\/lapetitecaveduchablais","https:\/\/www.linkedin.com\/company\/la-petite-cave-du-chablais"]}]}},"_links":{"self":[{"href":"https:\/\/petitecave.ch\/de\/wp-json\/wp\/v2\/product\/19429","targetHints":{"allow":["GET"]}}],"collection":[{"href":"https:\/\/petitecave.ch\/de\/wp-json\/wp\/v2\/product"}],"about":[{"href":"https:\/\/petitecave.ch\/de\/wp-json\/wp\/v2\/types\/product"}],"replies":[{"embeddable":true,"href":"https:\/\/petitecave.ch\/de\/wp-json\/wp\/v2\/comments?post=19429"}],"wp:featuredmedia":[{"embeddable":true,"href":"https:\/\/petitecave.ch\/de\/wp-json\/wp\/v2\/media\/19432"}],"wp:attachment":[{"href":"https:\/\/petitecave.ch\/de\/wp-json\/wp\/v2\/media?parent=19429"}],"wp:term":[{"taxonomy":"product_cat","embeddable":true,"href":"https:\/\/petitecave.ch\/de\/wp-json\/wp\/v2\/product_cat?post=19429"},{"taxonomy":"product_tag","embeddable":true,"href":"https:\/\/petitecave.ch\/de\/wp-json\/wp\/v2\/product_tag?post=19429"}],"curies":[{"name":"wp","href":"https:\/\/api.w.org\/{rel}","templated":true}]}}