{"id":19421,"date":"2026-04-17T17:42:04","date_gmt":"2026-04-17T15:42:04","guid":{"rendered":"https:\/\/petitecave.ch\/?post_type=product&#038;p=19421"},"modified":"2026-04-17T18:13:41","modified_gmt":"2026-04-17T16:13:41","slug":"spritz-aperitif-sir-james-101","status":"publish","type":"product","link":"https:\/\/petitecave.ch\/de\/product\/spritz-aperitif-sir-james-101\/","title":{"rendered":"Spritz Ap\u00e9ritif &#8211; Sir. James 101"},"content":{"rendered":"<p><span style=\"color: #000000;\">D\u00e8s la premi\u00e8re gorg\u00e9e, <strong>le profil aromatique s\u00e9duit par sa finesse<\/strong>. <strong>L\u2019orange am\u00e8re domine, accompagn\u00e9e de nuances l\u00e9g\u00e8rement herbac\u00e9es.<\/strong> La <strong>bulle l\u00e9g\u00e8re<\/strong> renforce la<strong> sensation de fra\u00eecheur en bouche<\/strong>. Tu profites d\u2019une <strong>exp\u00e9rience ap\u00e9ritive compl\u00e8te<\/strong>, sans compromis sur le go\u00fbt.<\/span><\/p>","protected":false},"excerpt":{"rendered":"<p data-start=\"0\" data-end=\"356\"><span style=\"color: #000000;\">Apporte une touche d\u2019\u00e9l\u00e9gance sans alcool \u00e0 tes ap\u00e9ritifs avec le Spritz Ap\u00e9ritif \u2013 Sir. James 101. Cette alternative moderne revisite le c\u00e9l\u00e8bre spritz avec fra\u00eecheur et caract\u00e8re. Tu retrouves imm\u00e9diatement cette belle amertume subtile, signature des ap\u00e9ritifs italiens. Les notes d\u2019agrumes apportent une vivacit\u00e9 d\u00e9salt\u00e9rante et parfaitement \u00e9quilibr\u00e9e.<\/span><\/p>\n<p data-start=\"358\" data-end=\"632\"><span style=\"color: #000000;\">D\u00e8s la premi\u00e8re gorg\u00e9e, le profil aromatique s\u00e9duit par sa finesse. L\u2019orange am\u00e8re domine, accompagn\u00e9e de nuances l\u00e9g\u00e8rement herbac\u00e9es. La bulle l\u00e9g\u00e8re renforce la sensation de fra\u00eecheur en bouche. Tu profites d\u2019une exp\u00e9rience ap\u00e9ritive compl\u00e8te, sans compromis sur le go\u00fbt.<\/span><\/p>\n<p data-start=\"634\" data-end=\"914\"><span style=\"color: #000000;\">Ce Spritz sans alcool s\u2019int\u00e8gre parfaitement dans un mode de vie actuel. Il r\u00e9pond aux attentes des consommateurs en qu\u00eate de plaisir et de mod\u00e9ration. Tu peux le servir tr\u00e8s frais, avec des gla\u00e7ons et une tranche d\u2019orange. Il devient rapidement la star de tes moments conviviaux.<\/span><\/p>\n<p data-start=\"916\" data-end=\"1127\"><span style=\"color: #000000;\">C\u00f4t\u00e9 accords, il accompagne id\u00e9alement des tapas, des olives ou des antipasti. Il sublime aussi des amuse-bouches \u00e0 base de l\u00e9gumes grill\u00e9s. Sa structure l\u00e9g\u00e8re \u00e9vite de saturer le palais et invite \u00e0 la d\u00e9tente.<\/span><\/p>","protected":false},"featured_media":19424,"comment_status":"open","ping_status":"closed","template":"","meta":[],"product_cat":[1267],"product_tag":[],"class_list":{"0":"post-19421","1":"product","2":"type-product","3":"status-publish","4":"has-post-thumbnail","6":"product_cat-aperitif-sans-alcool","7":"pa_categorie-600-spiritueux-sans-alcool","8":"pa_country-pays-bas","9":"pa_type-ready-to-drink-rtd","10":"pa_volume-25-cl-2","11":"_wholesalex wsx-wholesalex-product","13":"first","14":"instock","15":"taxable","16":"shipping-taxable","17":"purchasable","18":"product-type-simple"},"yoast_head":"<!-- This site is optimized with the Yoast SEO plugin v27.4 - https:\/\/yoast.com\/product\/yoast-seo-wordpress\/ -->\n<title>Spritz Ap\u00e9ritif - Sir. James 101 | La Petite Cave du Chablais<\/title>\n<meta name=\"description\" content=\"Le Spritz Ap\u00e9ritif \u2013 Sir. James 101 coche toutes les cases. Go\u00fbt, \u00e9l\u00e9gance et modernit\u00e9 se rencontrent dans chaque verre.\" \/>\n<meta name=\"robots\" content=\"index, follow, max-snippet:-1, max-image-preview:large, max-video-preview:-1\" \/>\n<link rel=\"canonical\" href=\"https:\/\/petitecave.ch\/de\/product\/spritz-aperitif-sir-james-101\/\" \/>\n<meta property=\"og:locale\" content=\"de_DE\" \/>\n<meta property=\"og:type\" content=\"article\" \/>\n<meta property=\"og:title\" content=\"Spritz Ap\u00e9ritif - Sir. James 101 | La Petite Cave du Chablais\" \/>\n<meta property=\"og:description\" content=\"Le Spritz Ap\u00e9ritif \u2013 Sir. James 101 coche toutes les cases. Go\u00fbt, \u00e9l\u00e9gance et modernit\u00e9 se rencontrent dans chaque verre.\" \/>\n<meta property=\"og:url\" content=\"https:\/\/petitecave.ch\/de\/product\/spritz-aperitif-sir-james-101\/\" \/>\n<meta property=\"og:site_name\" content=\"La Petite Cave du Chablais\" \/>\n<meta property=\"article:publisher\" content=\"https:\/\/www.facebook.com\/LaPetiteCaveDuChablais\" \/>\n<meta property=\"article:modified_time\" content=\"2026-04-17T16:13:41+00:00\" \/>\n<meta property=\"og:image\" content=\"https:\/\/petitecave.ch\/wp-content\/uploads\/2026\/04\/Spritz-Aperitif-Sir.-James-101.png\" \/>\n\t<meta property=\"og:image:width\" content=\"1000\" \/>\n\t<meta property=\"og:image:height\" content=\"1000\" \/>\n\t<meta property=\"og:image:type\" content=\"image\/png\" \/>\n<meta name=\"twitter:card\" content=\"summary_large_image\" \/>\n<meta name=\"twitter:label1\" content=\"Gesch\u00e4tzte Lesezeit\" \/>\n\t<meta name=\"twitter:data1\" content=\"1\u00a0Minute\" \/>\n<script type=\"application\/ld+json\" class=\"yoast-schema-graph\">{\"@context\":\"https:\\\/\\\/schema.org\",\"@graph\":[{\"@type\":\"WebPage\",\"@id\":\"https:\\\/\\\/petitecave.ch\\\/product\\\/spritz-aperitif-sir-james-101\\\/\",\"url\":\"https:\\\/\\\/petitecave.ch\\\/product\\\/spritz-aperitif-sir-james-101\\\/\",\"name\":\"Spritz Ap\u00e9ritif - Sir. James 101 | La Petite Cave du Chablais\",\"isPartOf\":{\"@id\":\"https:\\\/\\\/petitecave.ch\\\/de\\\/#website\"},\"primaryImageOfPage\":{\"@id\":\"https:\\\/\\\/petitecave.ch\\\/product\\\/spritz-aperitif-sir-james-101\\\/#primaryimage\"},\"image\":{\"@id\":\"https:\\\/\\\/petitecave.ch\\\/product\\\/spritz-aperitif-sir-james-101\\\/#primaryimage\"},\"thumbnailUrl\":\"https:\\\/\\\/petitecave.ch\\\/wp-content\\\/uploads\\\/2026\\\/04\\\/Spritz-Aperitif-Sir.-James-101.png\",\"datePublished\":\"2026-04-17T15:42:04+00:00\",\"dateModified\":\"2026-04-17T16:13:41+00:00\",\"description\":\"Le Spritz Ap\u00e9ritif \u2013 Sir. James 101 coche toutes les cases. Go\u00fbt, \u00e9l\u00e9gance et modernit\u00e9 se rencontrent dans chaque verre.\",\"breadcrumb\":{\"@id\":\"https:\\\/\\\/petitecave.ch\\\/product\\\/spritz-aperitif-sir-james-101\\\/#breadcrumb\"},\"inLanguage\":\"de-CH\",\"potentialAction\":[{\"@type\":\"ReadAction\",\"target\":[\"https:\\\/\\\/petitecave.ch\\\/product\\\/spritz-aperitif-sir-james-101\\\/\"]}]},{\"@type\":\"ImageObject\",\"inLanguage\":\"de-CH\",\"@id\":\"https:\\\/\\\/petitecave.ch\\\/product\\\/spritz-aperitif-sir-james-101\\\/#primaryimage\",\"url\":\"https:\\\/\\\/petitecave.ch\\\/wp-content\\\/uploads\\\/2026\\\/04\\\/Spritz-Aperitif-Sir.-James-101.png\",\"contentUrl\":\"https:\\\/\\\/petitecave.ch\\\/wp-content\\\/uploads\\\/2026\\\/04\\\/Spritz-Aperitif-Sir.-James-101.png\",\"width\":1000,\"height\":1000},{\"@type\":\"BreadcrumbList\",\"@id\":\"https:\\\/\\\/petitecave.ch\\\/product\\\/spritz-aperitif-sir-james-101\\\/#breadcrumb\",\"itemListElement\":[{\"@type\":\"ListItem\",\"position\":1,\"name\":\"Accueil\",\"item\":\"https:\\\/\\\/petitecave.ch\\\/de\\\/\"},{\"@type\":\"ListItem\",\"position\":2,\"name\":\"Produkte\",\"item\":\"https:\\\/\\\/petitecave.ch\\\/de\\\/shop\\\/\"},{\"@type\":\"ListItem\",\"position\":3,\"name\":\"Spritz Ap\u00e9ritif &#8211; Sir. James 101\"}]},{\"@type\":\"WebSite\",\"@id\":\"https:\\\/\\\/petitecave.ch\\\/de\\\/#website\",\"url\":\"https:\\\/\\\/petitecave.ch\\\/de\\\/\",\"name\":\"La Petite Cave du Chablais\",\"description\":\"Vins, bi\u00e8res et spiritueux en ligne !\",\"publisher\":{\"@id\":\"https:\\\/\\\/petitecave.ch\\\/de\\\/#organization\"},\"alternateName\":\"La Petite Cave\",\"potentialAction\":[{\"@type\":\"SearchAction\",\"target\":{\"@type\":\"EntryPoint\",\"urlTemplate\":\"https:\\\/\\\/petitecave.ch\\\/de\\\/?s={search_term_string}\"},\"query-input\":{\"@type\":\"PropertyValueSpecification\",\"valueRequired\":true,\"valueName\":\"search_term_string\"}}],\"inLanguage\":\"de-CH\"},{\"@type\":\"Organization\",\"@id\":\"https:\\\/\\\/petitecave.ch\\\/de\\\/#organization\",\"name\":\"La Petite Cave du Chablais S\u00e0rl\",\"url\":\"https:\\\/\\\/petitecave.ch\\\/de\\\/\",\"logo\":{\"@type\":\"ImageObject\",\"inLanguage\":\"de-CH\",\"@id\":\"https:\\\/\\\/petitecave.ch\\\/de\\\/#\\\/schema\\\/logo\\\/image\\\/\",\"url\":\"https:\\\/\\\/petitecave.ch\\\/wp-content\\\/uploads\\\/2025\\\/10\\\/petitecavelogo-removebg-preview.png\",\"contentUrl\":\"https:\\\/\\\/petitecave.ch\\\/wp-content\\\/uploads\\\/2025\\\/10\\\/petitecavelogo-removebg-preview.png\",\"width\":800,\"height\":200,\"caption\":\"La Petite Cave du Chablais S\u00e0rl\"},\"image\":{\"@id\":\"https:\\\/\\\/petitecave.ch\\\/de\\\/#\\\/schema\\\/logo\\\/image\\\/\"},\"sameAs\":[\"https:\\\/\\\/www.facebook.com\\\/LaPetiteCaveDuChablais\",\"https:\\\/\\\/www.instagram.com\\\/lapetitecaveduchablais\",\"https:\\\/\\\/www.linkedin.com\\\/company\\\/la-petite-cave-du-chablais\"]}]}<\/script>\n<!-- \/ Yoast SEO plugin. -->","yoast_head_json":{"title":"Spritz Ap\u00e9ritif - Sir. James 101 | La Petite Cave du Chablais","description":"Le Spritz Ap\u00e9ritif \u2013 Sir. James 101 coche toutes les cases. Go\u00fbt, \u00e9l\u00e9gance et modernit\u00e9 se rencontrent dans chaque verre.","robots":{"index":"index","follow":"follow","max-snippet":"max-snippet:-1","max-image-preview":"max-image-preview:large","max-video-preview":"max-video-preview:-1"},"canonical":"https:\/\/petitecave.ch\/de\/product\/spritz-aperitif-sir-james-101\/","og_locale":"de_DE","og_type":"article","og_title":"Spritz Ap\u00e9ritif - Sir. James 101 | La Petite Cave du Chablais","og_description":"Le Spritz Ap\u00e9ritif \u2013 Sir. James 101 coche toutes les cases. Go\u00fbt, \u00e9l\u00e9gance et modernit\u00e9 se rencontrent dans chaque verre.","og_url":"https:\/\/petitecave.ch\/de\/product\/spritz-aperitif-sir-james-101\/","og_site_name":"La Petite Cave du Chablais","article_publisher":"https:\/\/www.facebook.com\/LaPetiteCaveDuChablais","article_modified_time":"2026-04-17T16:13:41+00:00","og_image":[{"width":1000,"height":1000,"url":"https:\/\/petitecave.ch\/wp-content\/uploads\/2026\/04\/Spritz-Aperitif-Sir.-James-101.png","type":"image\/png"}],"twitter_card":"summary_large_image","twitter_misc":{"Gesch\u00e4tzte Lesezeit":"1\u00a0Minute"},"schema":{"@context":"https:\/\/schema.org","@graph":[{"@type":"WebPage","@id":"https:\/\/petitecave.ch\/product\/spritz-aperitif-sir-james-101\/","url":"https:\/\/petitecave.ch\/product\/spritz-aperitif-sir-james-101\/","name":"Spritz Ap\u00e9ritif - Sir. James 101 | La Petite Cave du Chablais","isPartOf":{"@id":"https:\/\/petitecave.ch\/de\/#website"},"primaryImageOfPage":{"@id":"https:\/\/petitecave.ch\/product\/spritz-aperitif-sir-james-101\/#primaryimage"},"image":{"@id":"https:\/\/petitecave.ch\/product\/spritz-aperitif-sir-james-101\/#primaryimage"},"thumbnailUrl":"https:\/\/petitecave.ch\/wp-content\/uploads\/2026\/04\/Spritz-Aperitif-Sir.-James-101.png","datePublished":"2026-04-17T15:42:04+00:00","dateModified":"2026-04-17T16:13:41+00:00","description":"Le Spritz Ap\u00e9ritif \u2013 Sir. James 101 coche toutes les cases. Go\u00fbt, \u00e9l\u00e9gance et modernit\u00e9 se rencontrent dans chaque verre.","breadcrumb":{"@id":"https:\/\/petitecave.ch\/product\/spritz-aperitif-sir-james-101\/#breadcrumb"},"inLanguage":"de-CH","potentialAction":[{"@type":"ReadAction","target":["https:\/\/petitecave.ch\/product\/spritz-aperitif-sir-james-101\/"]}]},{"@type":"ImageObject","inLanguage":"de-CH","@id":"https:\/\/petitecave.ch\/product\/spritz-aperitif-sir-james-101\/#primaryimage","url":"https:\/\/petitecave.ch\/wp-content\/uploads\/2026\/04\/Spritz-Aperitif-Sir.-James-101.png","contentUrl":"https:\/\/petitecave.ch\/wp-content\/uploads\/2026\/04\/Spritz-Aperitif-Sir.-James-101.png","width":1000,"height":1000},{"@type":"BreadcrumbList","@id":"https:\/\/petitecave.ch\/product\/spritz-aperitif-sir-james-101\/#breadcrumb","itemListElement":[{"@type":"ListItem","position":1,"name":"Accueil","item":"https:\/\/petitecave.ch\/de\/"},{"@type":"ListItem","position":2,"name":"Produkte","item":"https:\/\/petitecave.ch\/de\/shop\/"},{"@type":"ListItem","position":3,"name":"Spritz Ap\u00e9ritif &#8211; Sir. James 101"}]},{"@type":"WebSite","@id":"https:\/\/petitecave.ch\/de\/#website","url":"https:\/\/petitecave.ch\/de\/","name":"Die kleine Keller des Chablais","description":"Vins, bi\u00e8res et spiritueux en ligne !","publisher":{"@id":"https:\/\/petitecave.ch\/de\/#organization"},"alternateName":"La Petite Cave","potentialAction":[{"@type":"SearchAction","target":{"@type":"EntryPoint","urlTemplate":"https:\/\/petitecave.ch\/de\/?s={search_term_string}"},"query-input":{"@type":"PropertyValueSpecification","valueRequired":true,"valueName":"search_term_string"}}],"inLanguage":"de-CH"},{"@type":"Organization","@id":"https:\/\/petitecave.ch\/de\/#organization","name":"La Petite Cave du Chablais S\u00e0rl","url":"https:\/\/petitecave.ch\/de\/","logo":{"@type":"ImageObject","inLanguage":"de-CH","@id":"https:\/\/petitecave.ch\/de\/#\/schema\/logo\/image\/","url":"https:\/\/petitecave.ch\/wp-content\/uploads\/2025\/10\/petitecavelogo-removebg-preview.png","contentUrl":"https:\/\/petitecave.ch\/wp-content\/uploads\/2025\/10\/petitecavelogo-removebg-preview.png","width":800,"height":200,"caption":"La Petite Cave du Chablais S\u00e0rl"},"image":{"@id":"https:\/\/petitecave.ch\/de\/#\/schema\/logo\/image\/"},"sameAs":["https:\/\/www.facebook.com\/LaPetiteCaveDuChablais","https:\/\/www.instagram.com\/lapetitecaveduchablais","https:\/\/www.linkedin.com\/company\/la-petite-cave-du-chablais"]}]}},"_links":{"self":[{"href":"https:\/\/petitecave.ch\/de\/wp-json\/wp\/v2\/product\/19421","targetHints":{"allow":["GET"]}}],"collection":[{"href":"https:\/\/petitecave.ch\/de\/wp-json\/wp\/v2\/product"}],"about":[{"href":"https:\/\/petitecave.ch\/de\/wp-json\/wp\/v2\/types\/product"}],"replies":[{"embeddable":true,"href":"https:\/\/petitecave.ch\/de\/wp-json\/wp\/v2\/comments?post=19421"}],"wp:featuredmedia":[{"embeddable":true,"href":"https:\/\/petitecave.ch\/de\/wp-json\/wp\/v2\/media\/19424"}],"wp:attachment":[{"href":"https:\/\/petitecave.ch\/de\/wp-json\/wp\/v2\/media?parent=19421"}],"wp:term":[{"taxonomy":"product_cat","embeddable":true,"href":"https:\/\/petitecave.ch\/de\/wp-json\/wp\/v2\/product_cat?post=19421"},{"taxonomy":"product_tag","embeddable":true,"href":"https:\/\/petitecave.ch\/de\/wp-json\/wp\/v2\/product_tag?post=19421"}],"curies":[{"name":"wp","href":"https:\/\/api.w.org\/{rel}","templated":true}]}}