{"id":19390,"date":"2026-04-14T09:15:44","date_gmt":"2026-04-14T07:15:44","guid":{"rendered":"https:\/\/petitecave.ch\/?post_type=product&#038;p=19390"},"modified":"2026-04-14T09:15:44","modified_gmt":"2026-04-14T07:15:44","slug":"speakeasy-session-ipa-la-nebuleuse-33cl","status":"publish","type":"product","link":"https:\/\/petitecave.ch\/de\/product\/speakeasy-session-ipa-la-nebuleuse-33cl\/","title":{"rendered":"Speakeasy Session IPA &#8211; La N\u00e9buleuse 33cl"},"content":{"rendered":"","protected":false},"excerpt":{"rendered":"<p><span style=\"color: #000000;\">Cette <strong>Session IPA<\/strong> est <strong>riche en ar\u00f4mes<\/strong> avec un go\u00fbt prononc\u00e9 sur la <strong>mangue et le fruit de la passion<\/strong>. <strong>Facile \u00e0 boire,<\/strong> elle convient parfaitement pour se d\u00e9salt\u00e9rer lors de l&rsquo;ap\u00e9ritif, pour \u00e9quilibrer un plat relev\u00e9 ou encore pour accompagner un poisson l\u00e9ger.\u00a0<\/span><\/p>","protected":false},"featured_media":19391,"comment_status":"open","ping_status":"closed","template":"","meta":[],"product_cat":[250],"product_tag":[],"class_list":{"0":"post-19390","1":"product","2":"type-product","3":"status-publish","4":"has-post-thumbnail","6":"product_cat-bieres","7":"pa_categorie-bieres-blondes","8":"pa_country-suisse","9":"pa_style-session-ipa","10":"pa_type-biere-artisanale","11":"pa_volume-33-cl-3","12":"_wholesalex wsx-wholesalex-product","14":"first","15":"instock","16":"taxable","17":"shipping-taxable","18":"purchasable","19":"product-type-simple"},"_links":{"self":[{"href":"https:\/\/petitecave.ch\/de\/wp-json\/wp\/v2\/product\/19390","targetHints":{"allow":["GET"]}}],"collection":[{"href":"https:\/\/petitecave.ch\/de\/wp-json\/wp\/v2\/product"}],"about":[{"href":"https:\/\/petitecave.ch\/de\/wp-json\/wp\/v2\/types\/product"}],"replies":[{"embeddable":true,"href":"https:\/\/petitecave.ch\/de\/wp-json\/wp\/v2\/comments?post=19390"}],"wp:featuredmedia":[{"embeddable":true,"href":"https:\/\/petitecave.ch\/de\/wp-json\/wp\/v2\/media\/19391"}],"wp:attachment":[{"href":"https:\/\/petitecave.ch\/de\/wp-json\/wp\/v2\/media?parent=19390"}],"wp:term":[{"taxonomy":"product_cat","embeddable":true,"href":"https:\/\/petitecave.ch\/de\/wp-json\/wp\/v2\/product_cat?post=19390"},{"taxonomy":"product_tag","embeddable":true,"href":"https:\/\/petitecave.ch\/de\/wp-json\/wp\/v2\/product_tag?post=19390"}],"curies":[{"name":"wp","href":"https:\/\/api.w.org\/{rel}","templated":true}]}}