{"id":18457,"date":"2026-01-13T16:55:59","date_gmt":"2026-01-13T15:55:59","guid":{"rendered":"https:\/\/petitecave.ch\/?post_type=product&#038;p=18457"},"modified":"2026-03-15T19:23:52","modified_gmt":"2026-03-15T18:23:52","slug":"chamarel-vanilla-liqueur-50cl","status":"publish","type":"product","link":"https:\/\/petitecave.ch\/de\/product\/chamarel-vanilla-liqueur-50cl\/","title":{"rendered":"Chamarel Vanilla Liqueur 50cl"},"content":{"rendered":"<p><span style=\"color: #000000;\">Sa mac\u00e9ration lente et ma\u00eetris\u00e9e, d\u2019au moins trois mois, r\u00e9v\u00e8le un \u00e9quilibre subtil et une belle longueur en bouche.<\/span><\/p>","protected":false},"excerpt":{"rendered":"<p><span style=\"color: #000000;\"><strong>Distillerie Chamarel &#8211; Ile Maurice<\/strong><\/span><\/p>\n<p><span style=\"color: #000000;\"><em>La liqueur de Chamarel marie avec \u00e9l\u00e9gance un rhum premium \u00e0 des gousses de vanille naturelles soigneusement s\u00e9lectionn\u00e9es.<br data-start=\"123\" data-end=\"126\" \/><\/em><\/span><\/p>","protected":false},"featured_media":18458,"comment_status":"open","ping_status":"closed","template":"","meta":[],"product_cat":[269,272],"product_tag":[],"class_list":{"0":"post-18457","1":"product","2":"type-product","3":"status-publish","4":"has-post-thumbnail","6":"product_brand-chamarel","7":"product_cat-liqueurs","8":"product_cat-rhum","9":"pa_country-ile-maurice","10":"_wholesalex wsx-wholesalex-product","12":"first","13":"instock","14":"taxable","15":"shipping-taxable","16":"purchasable","17":"product-type-simple"},"_links":{"self":[{"href":"https:\/\/petitecave.ch\/de\/wp-json\/wp\/v2\/product\/18457","targetHints":{"allow":["GET"]}}],"collection":[{"href":"https:\/\/petitecave.ch\/de\/wp-json\/wp\/v2\/product"}],"about":[{"href":"https:\/\/petitecave.ch\/de\/wp-json\/wp\/v2\/types\/product"}],"replies":[{"embeddable":true,"href":"https:\/\/petitecave.ch\/de\/wp-json\/wp\/v2\/comments?post=18457"}],"wp:featuredmedia":[{"embeddable":true,"href":"https:\/\/petitecave.ch\/de\/wp-json\/wp\/v2\/media\/18458"}],"wp:attachment":[{"href":"https:\/\/petitecave.ch\/de\/wp-json\/wp\/v2\/media?parent=18457"}],"wp:term":[{"taxonomy":"product_cat","embeddable":true,"href":"https:\/\/petitecave.ch\/de\/wp-json\/wp\/v2\/product_cat?post=18457"},{"taxonomy":"product_tag","embeddable":true,"href":"https:\/\/petitecave.ch\/de\/wp-json\/wp\/v2\/product_tag?post=18457"}],"curies":[{"name":"wp","href":"https:\/\/api.w.org\/{rel}","templated":true}]}}