{"id":10757,"date":"2025-10-28T11:03:28","date_gmt":"2025-10-28T11:03:28","guid":{"rendered":""},"modified":"2026-04-07T12:56:42","modified_gmt":"2026-04-07T10:56:42","slug":"la-chapelle-de-la-mission-haut-brion-2010-pessac-l-ognan-75cl","status":"publish","type":"product","link":"https:\/\/petitecave.ch\/de\/product\/la-chapelle-de-la-mission-haut-brion-2010-pessac-l-ognan-75cl\/","title":{"rendered":"La Chapelle de la Mission Haut-Brion 2010 &#8211; Pessac-L\u00e9ognan 75cl"},"content":{"rendered":"<p><b>C\u00e9pages :<\/b> Cabernet Sauvignon, Merlot, Cabernet Franc<\/p>\n<p><b>Nez :<\/b> Il d\u00e9voile de d\u00e9licieuses notes de fruits rouges<\/p>\n<p><b>Bouche :<\/b> Elle est soyeuse et fra\u00eeche avec une belle structure tannique qui lui offre un tr\u00e8s beau potentiel de garde<\/p>\n<p><b>Potentiel de garde :<\/b> 2020-2035<\/p>","protected":false},"excerpt":{"rendered":"<p><b>La Chapelle de la Mission Haut-Brion &#8211; 2010 &#8211; Pessac-L\u00e9ognan<\/b><\/p>\n<p><i>Second Vin du Ch\u00e2teau La Mission Haut-Brion<\/i><\/p>","protected":false},"featured_media":18002,"comment_status":"closed","ping_status":"closed","template":"","meta":[],"product_cat":[369,253],"product_tag":[1222],"class_list":{"0":"post-10757","1":"product","2":"type-product","3":"status-publish","4":"has-post-thumbnail","6":"product_cat-rouge","7":"product_cat-vins","8":"product_tag-bordeaux","9":"pa_categorie-vins-rouges","10":"pa_color-rouge","11":"pa_country-france","12":"pa_volume-75-cl","13":"_wholesalex wsx-wholesalex-product","15":"first","16":"instock","17":"taxable","18":"shipping-taxable","19":"purchasable","20":"product-type-simple"},"yoast_head":"<!-- This site is optimized with the Yoast SEO plugin v27.4 - https:\/\/yoast.com\/product\/yoast-seo-wordpress\/ -->\n<title>La Chapelle de la Mission Haut-Brion 2010 - Pessac-L\u00e9ognan 75cl | La Petite Cave du Chablais<\/title>\n<meta name=\"robots\" content=\"index, follow, max-snippet:-1, max-image-preview:large, max-video-preview:-1\" \/>\n<link rel=\"canonical\" href=\"https:\/\/petitecave.ch\/de\/product\/la-chapelle-de-la-mission-haut-brion-2010-pessac-l-ognan-75cl\/\" \/>\n<meta property=\"og:locale\" content=\"de_DE\" \/>\n<meta property=\"og:type\" content=\"article\" \/>\n<meta property=\"og:title\" content=\"La Chapelle de la Mission Haut-Brion 2010 - Pessac-L\u00e9ognan 75cl | La Petite Cave du Chablais\" \/>\n<meta property=\"og:description\" content=\"La Chapelle de la Mission Haut-Brion - 2010 - Pessac-L\u00e9ognan  Second Vin du Ch\u00e2teau La Mission Haut-Brion\" \/>\n<meta property=\"og:url\" content=\"https:\/\/petitecave.ch\/de\/product\/la-chapelle-de-la-mission-haut-brion-2010-pessac-l-ognan-75cl\/\" \/>\n<meta property=\"og:site_name\" content=\"La Petite Cave du Chablais\" \/>\n<meta property=\"article:publisher\" content=\"https:\/\/www.facebook.com\/LaPetiteCaveDuChablais\" \/>\n<meta property=\"article:modified_time\" content=\"2026-04-07T10:56:42+00:00\" \/>\n<meta property=\"og:image\" content=\"https:\/\/petitecave.ch\/wp-content\/uploads\/2025\/10\/PRODUIT_E-shop-10.png\" \/>\n\t<meta property=\"og:image:width\" content=\"1000\" \/>\n\t<meta property=\"og:image:height\" content=\"1000\" \/>\n\t<meta property=\"og:image:type\" content=\"image\/png\" \/>\n<meta name=\"twitter:card\" content=\"summary_large_image\" \/>\n<script type=\"application\/ld+json\" class=\"yoast-schema-graph\">{\"@context\":\"https:\\\/\\\/schema.org\",\"@graph\":[{\"@type\":\"WebPage\",\"@id\":\"https:\\\/\\\/petitecave.ch\\\/product\\\/la-chapelle-de-la-mission-haut-brion-2010-pessac-l-ognan-75cl\\\/\",\"url\":\"https:\\\/\\\/petitecave.ch\\\/product\\\/la-chapelle-de-la-mission-haut-brion-2010-pessac-l-ognan-75cl\\\/\",\"name\":\"La Chapelle de la Mission Haut-Brion 2010 - Pessac-L\u00e9ognan 75cl | La Petite Cave du Chablais\",\"isPartOf\":{\"@id\":\"https:\\\/\\\/petitecave.ch\\\/de\\\/#website\"},\"primaryImageOfPage\":{\"@id\":\"https:\\\/\\\/petitecave.ch\\\/product\\\/la-chapelle-de-la-mission-haut-brion-2010-pessac-l-ognan-75cl\\\/#primaryimage\"},\"image\":{\"@id\":\"https:\\\/\\\/petitecave.ch\\\/product\\\/la-chapelle-de-la-mission-haut-brion-2010-pessac-l-ognan-75cl\\\/#primaryimage\"},\"thumbnailUrl\":\"https:\\\/\\\/petitecave.ch\\\/wp-content\\\/uploads\\\/2025\\\/10\\\/PRODUIT_E-shop-10.png\",\"datePublished\":\"2025-10-28T11:03:28+00:00\",\"dateModified\":\"2026-04-07T10:56:42+00:00\",\"breadcrumb\":{\"@id\":\"https:\\\/\\\/petitecave.ch\\\/product\\\/la-chapelle-de-la-mission-haut-brion-2010-pessac-l-ognan-75cl\\\/#breadcrumb\"},\"inLanguage\":\"de-CH\",\"potentialAction\":[{\"@type\":\"ReadAction\",\"target\":[\"https:\\\/\\\/petitecave.ch\\\/product\\\/la-chapelle-de-la-mission-haut-brion-2010-pessac-l-ognan-75cl\\\/\"]}]},{\"@type\":\"ImageObject\",\"inLanguage\":\"de-CH\",\"@id\":\"https:\\\/\\\/petitecave.ch\\\/product\\\/la-chapelle-de-la-mission-haut-brion-2010-pessac-l-ognan-75cl\\\/#primaryimage\",\"url\":\"https:\\\/\\\/petitecave.ch\\\/wp-content\\\/uploads\\\/2025\\\/10\\\/PRODUIT_E-shop-10.png\",\"contentUrl\":\"https:\\\/\\\/petitecave.ch\\\/wp-content\\\/uploads\\\/2025\\\/10\\\/PRODUIT_E-shop-10.png\",\"width\":1000,\"height\":1000},{\"@type\":\"BreadcrumbList\",\"@id\":\"https:\\\/\\\/petitecave.ch\\\/product\\\/la-chapelle-de-la-mission-haut-brion-2010-pessac-l-ognan-75cl\\\/#breadcrumb\",\"itemListElement\":[{\"@type\":\"ListItem\",\"position\":1,\"name\":\"Accueil\",\"item\":\"https:\\\/\\\/petitecave.ch\\\/de\\\/\"},{\"@type\":\"ListItem\",\"position\":2,\"name\":\"Produkte\",\"item\":\"https:\\\/\\\/petitecave.ch\\\/de\\\/shop\\\/\"},{\"@type\":\"ListItem\",\"position\":3,\"name\":\"La Chapelle de la Mission Haut-Brion 2010 &#8211; Pessac-L\u00e9ognan 75cl\"}]},{\"@type\":\"WebSite\",\"@id\":\"https:\\\/\\\/petitecave.ch\\\/de\\\/#website\",\"url\":\"https:\\\/\\\/petitecave.ch\\\/de\\\/\",\"name\":\"La Petite Cave du Chablais\",\"description\":\"Vins, bi\u00e8res et spiritueux en ligne !\",\"publisher\":{\"@id\":\"https:\\\/\\\/petitecave.ch\\\/de\\\/#organization\"},\"alternateName\":\"La Petite Cave\",\"potentialAction\":[{\"@type\":\"SearchAction\",\"target\":{\"@type\":\"EntryPoint\",\"urlTemplate\":\"https:\\\/\\\/petitecave.ch\\\/de\\\/?s={search_term_string}\"},\"query-input\":{\"@type\":\"PropertyValueSpecification\",\"valueRequired\":true,\"valueName\":\"search_term_string\"}}],\"inLanguage\":\"de-CH\"},{\"@type\":\"Organization\",\"@id\":\"https:\\\/\\\/petitecave.ch\\\/de\\\/#organization\",\"name\":\"La Petite Cave du Chablais S\u00e0rl\",\"url\":\"https:\\\/\\\/petitecave.ch\\\/de\\\/\",\"logo\":{\"@type\":\"ImageObject\",\"inLanguage\":\"de-CH\",\"@id\":\"https:\\\/\\\/petitecave.ch\\\/de\\\/#\\\/schema\\\/logo\\\/image\\\/\",\"url\":\"https:\\\/\\\/petitecave.ch\\\/wp-content\\\/uploads\\\/2025\\\/10\\\/petitecavelogo-removebg-preview.png\",\"contentUrl\":\"https:\\\/\\\/petitecave.ch\\\/wp-content\\\/uploads\\\/2025\\\/10\\\/petitecavelogo-removebg-preview.png\",\"width\":800,\"height\":200,\"caption\":\"La Petite Cave du Chablais S\u00e0rl\"},\"image\":{\"@id\":\"https:\\\/\\\/petitecave.ch\\\/de\\\/#\\\/schema\\\/logo\\\/image\\\/\"},\"sameAs\":[\"https:\\\/\\\/www.facebook.com\\\/LaPetiteCaveDuChablais\",\"https:\\\/\\\/www.instagram.com\\\/lapetitecaveduchablais\",\"https:\\\/\\\/www.linkedin.com\\\/company\\\/la-petite-cave-du-chablais\"]}]}<\/script>\n<!-- \/ Yoast SEO plugin. -->","yoast_head_json":{"title":"La Chapelle de la Mission Haut-Brion 2010 - Pessac-L\u00e9ognan 75cl | La Petite Cave du Chablais","robots":{"index":"index","follow":"follow","max-snippet":"max-snippet:-1","max-image-preview":"max-image-preview:large","max-video-preview":"max-video-preview:-1"},"canonical":"https:\/\/petitecave.ch\/de\/product\/la-chapelle-de-la-mission-haut-brion-2010-pessac-l-ognan-75cl\/","og_locale":"de_DE","og_type":"article","og_title":"La Chapelle de la Mission Haut-Brion 2010 - Pessac-L\u00e9ognan 75cl | La Petite Cave du Chablais","og_description":"La Chapelle de la Mission Haut-Brion - 2010 - Pessac-L\u00e9ognan  Second Vin du Ch\u00e2teau La Mission Haut-Brion","og_url":"https:\/\/petitecave.ch\/de\/product\/la-chapelle-de-la-mission-haut-brion-2010-pessac-l-ognan-75cl\/","og_site_name":"La Petite Cave du Chablais","article_publisher":"https:\/\/www.facebook.com\/LaPetiteCaveDuChablais","article_modified_time":"2026-04-07T10:56:42+00:00","og_image":[{"width":1000,"height":1000,"url":"https:\/\/petitecave.ch\/wp-content\/uploads\/2025\/10\/PRODUIT_E-shop-10.png","type":"image\/png"}],"twitter_card":"summary_large_image","schema":{"@context":"https:\/\/schema.org","@graph":[{"@type":"WebPage","@id":"https:\/\/petitecave.ch\/product\/la-chapelle-de-la-mission-haut-brion-2010-pessac-l-ognan-75cl\/","url":"https:\/\/petitecave.ch\/product\/la-chapelle-de-la-mission-haut-brion-2010-pessac-l-ognan-75cl\/","name":"La Chapelle de la Mission Haut-Brion 2010 - Pessac-L\u00e9ognan 75cl | La Petite Cave du Chablais","isPartOf":{"@id":"https:\/\/petitecave.ch\/de\/#website"},"primaryImageOfPage":{"@id":"https:\/\/petitecave.ch\/product\/la-chapelle-de-la-mission-haut-brion-2010-pessac-l-ognan-75cl\/#primaryimage"},"image":{"@id":"https:\/\/petitecave.ch\/product\/la-chapelle-de-la-mission-haut-brion-2010-pessac-l-ognan-75cl\/#primaryimage"},"thumbnailUrl":"https:\/\/petitecave.ch\/wp-content\/uploads\/2025\/10\/PRODUIT_E-shop-10.png","datePublished":"2025-10-28T11:03:28+00:00","dateModified":"2026-04-07T10:56:42+00:00","breadcrumb":{"@id":"https:\/\/petitecave.ch\/product\/la-chapelle-de-la-mission-haut-brion-2010-pessac-l-ognan-75cl\/#breadcrumb"},"inLanguage":"de-CH","potentialAction":[{"@type":"ReadAction","target":["https:\/\/petitecave.ch\/product\/la-chapelle-de-la-mission-haut-brion-2010-pessac-l-ognan-75cl\/"]}]},{"@type":"ImageObject","inLanguage":"de-CH","@id":"https:\/\/petitecave.ch\/product\/la-chapelle-de-la-mission-haut-brion-2010-pessac-l-ognan-75cl\/#primaryimage","url":"https:\/\/petitecave.ch\/wp-content\/uploads\/2025\/10\/PRODUIT_E-shop-10.png","contentUrl":"https:\/\/petitecave.ch\/wp-content\/uploads\/2025\/10\/PRODUIT_E-shop-10.png","width":1000,"height":1000},{"@type":"BreadcrumbList","@id":"https:\/\/petitecave.ch\/product\/la-chapelle-de-la-mission-haut-brion-2010-pessac-l-ognan-75cl\/#breadcrumb","itemListElement":[{"@type":"ListItem","position":1,"name":"Accueil","item":"https:\/\/petitecave.ch\/de\/"},{"@type":"ListItem","position":2,"name":"Produkte","item":"https:\/\/petitecave.ch\/de\/shop\/"},{"@type":"ListItem","position":3,"name":"La Chapelle de la Mission Haut-Brion 2010 &#8211; Pessac-L\u00e9ognan 75cl"}]},{"@type":"WebSite","@id":"https:\/\/petitecave.ch\/de\/#website","url":"https:\/\/petitecave.ch\/de\/","name":"Die kleine Keller des Chablais","description":"Vins, bi\u00e8res et spiritueux en ligne !","publisher":{"@id":"https:\/\/petitecave.ch\/de\/#organization"},"alternateName":"La Petite Cave","potentialAction":[{"@type":"SearchAction","target":{"@type":"EntryPoint","urlTemplate":"https:\/\/petitecave.ch\/de\/?s={search_term_string}"},"query-input":{"@type":"PropertyValueSpecification","valueRequired":true,"valueName":"search_term_string"}}],"inLanguage":"de-CH"},{"@type":"Organization","@id":"https:\/\/petitecave.ch\/de\/#organization","name":"La Petite Cave du Chablais S\u00e0rl","url":"https:\/\/petitecave.ch\/de\/","logo":{"@type":"ImageObject","inLanguage":"de-CH","@id":"https:\/\/petitecave.ch\/de\/#\/schema\/logo\/image\/","url":"https:\/\/petitecave.ch\/wp-content\/uploads\/2025\/10\/petitecavelogo-removebg-preview.png","contentUrl":"https:\/\/petitecave.ch\/wp-content\/uploads\/2025\/10\/petitecavelogo-removebg-preview.png","width":800,"height":200,"caption":"La Petite Cave du Chablais S\u00e0rl"},"image":{"@id":"https:\/\/petitecave.ch\/de\/#\/schema\/logo\/image\/"},"sameAs":["https:\/\/www.facebook.com\/LaPetiteCaveDuChablais","https:\/\/www.instagram.com\/lapetitecaveduchablais","https:\/\/www.linkedin.com\/company\/la-petite-cave-du-chablais"]}]}},"_links":{"self":[{"href":"https:\/\/petitecave.ch\/de\/wp-json\/wp\/v2\/product\/10757","targetHints":{"allow":["GET"]}}],"collection":[{"href":"https:\/\/petitecave.ch\/de\/wp-json\/wp\/v2\/product"}],"about":[{"href":"https:\/\/petitecave.ch\/de\/wp-json\/wp\/v2\/types\/product"}],"replies":[{"embeddable":true,"href":"https:\/\/petitecave.ch\/de\/wp-json\/wp\/v2\/comments?post=10757"}],"wp:featuredmedia":[{"embeddable":true,"href":"https:\/\/petitecave.ch\/de\/wp-json\/wp\/v2\/media\/18002"}],"wp:attachment":[{"href":"https:\/\/petitecave.ch\/de\/wp-json\/wp\/v2\/media?parent=10757"}],"wp:term":[{"taxonomy":"product_cat","embeddable":true,"href":"https:\/\/petitecave.ch\/de\/wp-json\/wp\/v2\/product_cat?post=10757"},{"taxonomy":"product_tag","embeddable":true,"href":"https:\/\/petitecave.ch\/de\/wp-json\/wp\/v2\/product_tag?post=10757"}],"curies":[{"name":"wp","href":"https:\/\/api.w.org\/{rel}","templated":true}]}}