{"id":10755,"date":"2025-10-28T11:03:26","date_gmt":"2025-10-28T11:03:26","guid":{"rendered":""},"modified":"2026-02-24T10:08:39","modified_gmt":"2026-02-24T09:08:39","slug":"syrah-merlot-dition-limit-e-provins-75cl","status":"publish","type":"product","link":"https:\/\/petitecave.ch\/de\/product\/syrah-merlot-dition-limit-e-provins-75cl\/","title":{"rendered":"Syrah-Merlot \u00c9dition Limit\u00e9e &#8211; Provins 75cl"},"content":{"rendered":"<p><b>C\u00e9pages :\u00a0<\/b>Syrah et Merlot<\/p>","protected":false},"excerpt":{"rendered":"<p><b>Syrah-Merlot \u00c9dition Limit\u00e9e &#8211; Provins &#8211; Sion<\/b><b><\/b><\/p>","protected":false},"featured_media":18025,"comment_status":"closed","ping_status":"closed","template":"","meta":[],"product_cat":[369,253],"product_tag":[],"class_list":{"0":"post-10755","1":"product","2":"type-product","3":"status-publish","4":"has-post-thumbnail","6":"product_cat-rouge","7":"product_cat-vins","8":"pa_categorie-808-vin-valaisan","9":"pa_color-rouge","10":"pa_country-suisse","11":"pa_packaging-carx6","12":"pa_volume-75-cl","13":"_wholesalex wsx-wholesalex-product","15":"first","16":"instock","17":"taxable","18":"shipping-taxable","19":"purchasable","20":"product-type-simple"},"_links":{"self":[{"href":"https:\/\/petitecave.ch\/de\/wp-json\/wp\/v2\/product\/10755","targetHints":{"allow":["GET"]}}],"collection":[{"href":"https:\/\/petitecave.ch\/de\/wp-json\/wp\/v2\/product"}],"about":[{"href":"https:\/\/petitecave.ch\/de\/wp-json\/wp\/v2\/types\/product"}],"replies":[{"embeddable":true,"href":"https:\/\/petitecave.ch\/de\/wp-json\/wp\/v2\/comments?post=10755"}],"wp:featuredmedia":[{"embeddable":true,"href":"https:\/\/petitecave.ch\/de\/wp-json\/wp\/v2\/media\/18025"}],"wp:attachment":[{"href":"https:\/\/petitecave.ch\/de\/wp-json\/wp\/v2\/media?parent=10755"}],"wp:term":[{"taxonomy":"product_cat","embeddable":true,"href":"https:\/\/petitecave.ch\/de\/wp-json\/wp\/v2\/product_cat?post=10755"},{"taxonomy":"product_tag","embeddable":true,"href":"https:\/\/petitecave.ch\/de\/wp-json\/wp\/v2\/product_tag?post=10755"}],"curies":[{"name":"wp","href":"https:\/\/api.w.org\/{rel}","templated":true}]}}