{"id":10748,"date":"2025-12-16T16:12:20","date_gmt":"2025-12-16T15:12:20","guid":{"rendered":""},"modified":"2026-02-12T17:30:59","modified_gmt":"2026-02-12T16:30:59","slug":"coffee-liqueur-morand","status":"publish","type":"product","link":"https:\/\/petitecave.ch\/de\/product\/coffee-liqueur-morand\/","title":{"rendered":"Coffee Liqueur &#8211; Morand 100cl"},"content":{"rendered":"<p><strong><span style=\"color: #000000;\">Elle r\u00e9pond parfaitement \u00e0 la tendance croissante des cocktails \u00e0 base de caf\u00e9, comme le c\u00e9l\u00e8bre Espresso Martini, tr\u00e8s pris\u00e9 dans les bars.<\/span><\/strong><\/p>","protected":false},"excerpt":{"rendered":"<p><b><span style=\"color: #000000;\">Distillerie Louis Morand &#8211; Martigny<\/span><\/p>\n<p><\/b><span style=\"color: #000000;\">Cette liqueur de caf\u00e9 a \u00e9t\u00e9 cr\u00e9\u00e9e en partenariat avec La Semeuse, une entreprise suisse sp\u00e9cialis\u00e9e dans le caf\u00e9 d&rsquo;exception depuis 1900. Pour une exp\u00e9rience gustative raffin\u00e9e, cette liqueur unique combine un m\u00e9lange 100 % arabica avec des notes chocolat\u00e9es et noisett\u00e9es, enrichie de mascara et de pulpe s\u00e9ch\u00e9e du fruit du caf\u00e9ier.<\/span><b><br \/>\n<\/b><\/p>","protected":false},"featured_media":18091,"comment_status":"closed","ping_status":"closed","template":"","meta":[],"product_cat":[269],"product_tag":[],"class_list":{"0":"post-10748","1":"product","2":"type-product","3":"status-publish","4":"has-post-thumbnail","6":"product_brand-distillerie-morand","7":"product_cat-liqueurs","8":"pa_categorie-608-liqueurs","9":"pa_volume-100-cl-4","10":"_wholesalex wsx-wholesalex-product","12":"first","13":"instock","14":"taxable","15":"shipping-taxable","16":"purchasable","17":"product-type-simple"},"_links":{"self":[{"href":"https:\/\/petitecave.ch\/de\/wp-json\/wp\/v2\/product\/10748","targetHints":{"allow":["GET"]}}],"collection":[{"href":"https:\/\/petitecave.ch\/de\/wp-json\/wp\/v2\/product"}],"about":[{"href":"https:\/\/petitecave.ch\/de\/wp-json\/wp\/v2\/types\/product"}],"replies":[{"embeddable":true,"href":"https:\/\/petitecave.ch\/de\/wp-json\/wp\/v2\/comments?post=10748"}],"wp:featuredmedia":[{"embeddable":true,"href":"https:\/\/petitecave.ch\/de\/wp-json\/wp\/v2\/media\/18091"}],"wp:attachment":[{"href":"https:\/\/petitecave.ch\/de\/wp-json\/wp\/v2\/media?parent=10748"}],"wp:term":[{"taxonomy":"product_cat","embeddable":true,"href":"https:\/\/petitecave.ch\/de\/wp-json\/wp\/v2\/product_cat?post=10748"},{"taxonomy":"product_tag","embeddable":true,"href":"https:\/\/petitecave.ch\/de\/wp-json\/wp\/v2\/product_tag?post=10748"}],"curies":[{"name":"wp","href":"https:\/\/api.w.org\/{rel}","templated":true}]}}