{"id":10744,"date":"2025-10-28T11:03:17","date_gmt":"2025-10-28T11:03:17","guid":{"rendered":""},"modified":"2026-02-24T07:23:21","modified_gmt":"2026-02-24T06:23:21","slug":"le-bouquet-des-garrigues-clos-du-caillou-75cl","status":"publish","type":"product","link":"https:\/\/petitecave.ch\/de\/product\/le-bouquet-des-garrigues-clos-du-caillou-75cl\/","title":{"rendered":"Le Bouquet des Garrigues &#8211; Clos du Caillou 75cl"},"content":{"rendered":"<p><b>C\u00e9pages :<\/b> Grenache (70%), Syrah (15%) et Mourv\u00e8dre-Carignan-Counoise (15%)<\/p>\n<p><b>Nez :<\/b> expressif, il est marqu\u00e9 par des notes de fruits rouges et noirs avec une touche florale et quelque peu \u00e9pic\u00e9e<\/p>\n<p><b>Bouche :<\/b> Elle d\u00e9voile une belle gourmandise et de la far\u00eecheur, on d\u00e9couvre de fines notes \u00e9pic\u00e9es et des ar\u00f4mes de thym avec une longeuur agr\u00e9able<\/p>\n<p><b>Accompagnement :<\/b> Parfait avec du gibier \u00e0 plumes comme une caille ou un pigeon ou encore avec des fromages affin\u00e9s<\/p>\n<p>\u00a0<\/p>","protected":false},"excerpt":{"rendered":"<p><b>Le Bouquet des Garrigues &#8211; Clos du Caillou &#8211; C\u00f4tes-du-Rh\u00f4ne<\/b><\/p>","protected":false},"featured_media":12130,"comment_status":"open","ping_status":"open","template":"","meta":[],"product_cat":[369,253],"product_tag":[],"class_list":{"0":"post-10744","1":"product","2":"type-product","3":"status-publish","4":"has-post-thumbnail","6":"product_cat-rouge","7":"product_cat-vins","8":"pa_color-rouge","9":"pa_country-france","10":"pa_volume-75-cl","11":"_wholesalex wsx-wholesalex-product","13":"first","14":"instock","15":"taxable","16":"shipping-taxable","17":"purchasable","18":"product-type-simple"},"_links":{"self":[{"href":"https:\/\/petitecave.ch\/de\/wp-json\/wp\/v2\/product\/10744","targetHints":{"allow":["GET"]}}],"collection":[{"href":"https:\/\/petitecave.ch\/de\/wp-json\/wp\/v2\/product"}],"about":[{"href":"https:\/\/petitecave.ch\/de\/wp-json\/wp\/v2\/types\/product"}],"replies":[{"embeddable":true,"href":"https:\/\/petitecave.ch\/de\/wp-json\/wp\/v2\/comments?post=10744"}],"wp:featuredmedia":[{"embeddable":true,"href":"https:\/\/petitecave.ch\/de\/wp-json\/wp\/v2\/media\/12130"}],"wp:attachment":[{"href":"https:\/\/petitecave.ch\/de\/wp-json\/wp\/v2\/media?parent=10744"}],"wp:term":[{"taxonomy":"product_cat","embeddable":true,"href":"https:\/\/petitecave.ch\/de\/wp-json\/wp\/v2\/product_cat?post=10744"},{"taxonomy":"product_tag","embeddable":true,"href":"https:\/\/petitecave.ch\/de\/wp-json\/wp\/v2\/product_tag?post=10744"}],"curies":[{"name":"wp","href":"https:\/\/api.w.org\/{rel}","templated":true}]}}