{"id":10743,"date":"2026-05-11T16:03:16","date_gmt":"2026-05-11T14:03:16","guid":{"rendered":""},"modified":"2026-05-12T16:58:42","modified_gmt":"2026-05-12T14:58:42","slug":"le-bouquet-des-garrigues-clos-du-caillou-75cl-2","status":"publish","type":"product","link":"https:\/\/petitecave.ch\/de\/product\/le-bouquet-des-garrigues-clos-du-caillou-75cl-2\/","title":{"rendered":"Le Bouquet des Garrigues &#8211; Clos du Caillou 75cl"},"content":{"rendered":"<p><span style=\"color: #000000;\"><strong>Le Bouquet des Garrigues Clos du Caillou<\/strong><\/span><\/p>\n<p><span style=\"color: #000000;\">Issu d\u2019un \u00e9l\u00e9gant assemblage de <strong>Grenache Blanc (50%), Clairette Blanche (20%), Viognier (15%) et Bourboulenc (15%)<\/strong>, ce vin blanc du <a style=\"color: #000000;\" href=\"https:\/\/petitecave.ch\/de\/product-tag\/offre-privee-speciale-vins\/?filter_area=vallee-du-rhone\">Rh\u00f4ne<\/a> s\u00e9duit par sa fra\u00eecheur et sa belle complexit\u00e9 aromatique.<\/span><\/p>\n<p><span style=\"color: #000000;\">Le nez d\u00e9voile de d\u00e9licates notes d\u2019agrumes, de pomme fra\u00eeche et de fleurs blanches. En bouche, l\u2019attaque est fra\u00eeche et ronde, port\u00e9e par des ar\u00f4mes de pamplemousse, de citron et de p\u00eache jaune, sublim\u00e9s par des touches de tilleul et une fine salinit\u00e9 qui apporte beaucoup d\u2019\u00e9l\u00e9gance \u00e0 la finale.<\/span><\/p>\n<p><span style=\"color: #000000;\">Avec son bel \u00e9quilibre entre fra\u00eecheur et richesse, <strong>Le Bouquet des Garrigues <a style=\"color: #000000;\" href=\"https:\/\/southwines.ch\/fr\/produzenten\/le-clos-du-caillou\">Clos du Caillou<\/a><\/strong> poss\u00e8de un <strong>potentiel de garde de 2 \u00e0 7 ans<\/strong>.<\/span><\/p>\n<p><span style=\"color: #000000;\">Id\u00e9al \u00e0 l\u2019ap\u00e9ritif, il accompagne parfaitement les <strong>hu\u00eetres<\/strong>, les poissons, les fruits de mer ou encore un fromage de ch\u00e8vre frais.<\/span><\/p>\n<p><span style=\"color: #000000;\">Un blanc rhodanien pr\u00e9cis et lumineux, parfait pour les amateurs de vins frais, gourmands et \u00e9l\u00e9gamment salins.<\/span><\/p>","protected":false},"excerpt":{"rendered":"<p><span style=\"color: #000000;\">Issu d\u2019un \u00e9l\u00e9gant assemblage de <strong>Grenache Blanc (50%), Clairette Blanche (20%), Viognier (15%) et Bourboulenc (15%)<\/strong>, ce vin blanc du Rh\u00f4ne s\u00e9duit par sa fra\u00eecheur et sa belle complexit\u00e9 aromatique.<\/span><\/p>\n<p><span style=\"color: #000000;\">Le nez d\u00e9voile de d\u00e9licates notes d\u2019agrumes, de pomme fra\u00eeche et de fleurs blanches. En bouche, l\u2019attaque est fra\u00eeche et ronde, port\u00e9e par des ar\u00f4mes de pamplemousse, de citron et de p\u00eache jaune, sublim\u00e9s par des touches de tilleul et une fine salinit\u00e9 qui apporte beaucoup d\u2019\u00e9l\u00e9gance \u00e0 la finale.<\/span><\/p>","protected":false},"featured_media":19638,"comment_status":"open","ping_status":"closed","template":"","meta":[],"product_cat":[253],"product_tag":[],"class_list":{"0":"post-10743","1":"product","2":"type-product","3":"status-publish","4":"has-post-thumbnail","6":"product_cat-vins","7":"pa_categorie-vins-blancs","8":"pa_color-blanc","9":"pa_country-france","10":"pa_volume-75-cl","11":"_wholesalex wsx-wholesalex-product","13":"first","14":"instock","15":"taxable","16":"shipping-taxable","17":"purchasable","18":"product-type-simple"},"yoast_head":"<!-- This site is optimized with the Yoast SEO plugin v27.6 - https:\/\/yoast.com\/product\/yoast-seo-wordpress\/ -->\n<title>Le Bouquet des Garrigues - Clos du Caillou 75cl | La Petite Cave du Chablais<\/title>\n<meta name=\"description\" content=\"Le Bouquet des Garrigues Clos du Caillou s\u00e9duit par sa fra\u00eecheur et sa belle complexit\u00e9 aromatique entre ses ar\u00f4mes fruit\u00e9s et floraux.\" \/>\n<meta name=\"robots\" content=\"index, follow, max-snippet:-1, max-image-preview:large, max-video-preview:-1\" \/>\n<link rel=\"canonical\" href=\"https:\/\/petitecave.ch\/de\/product\/le-bouquet-des-garrigues-clos-du-caillou-75cl-2\/\" \/>\n<meta property=\"og:locale\" content=\"de_DE\" \/>\n<meta property=\"og:type\" content=\"article\" \/>\n<meta property=\"og:title\" content=\"Le Bouquet des Garrigues - Clos du Caillou 75cl | La Petite Cave du Chablais\" \/>\n<meta property=\"og:description\" content=\"Le Bouquet des Garrigues Clos du Caillou s\u00e9duit par sa fra\u00eecheur et sa belle complexit\u00e9 aromatique entre ses ar\u00f4mes fruit\u00e9s et floraux.\" \/>\n<meta property=\"og:url\" content=\"https:\/\/petitecave.ch\/de\/product\/le-bouquet-des-garrigues-clos-du-caillou-75cl-2\/\" \/>\n<meta property=\"og:site_name\" content=\"La Petite Cave du Chablais\" \/>\n<meta property=\"article:publisher\" content=\"https:\/\/www.facebook.com\/LaPetiteCaveDuChablais\" \/>\n<meta property=\"article:modified_time\" content=\"2026-05-12T14:58:42+00:00\" \/>\n<meta property=\"og:image\" content=\"https:\/\/petitecave.ch\/wp-content\/uploads\/2025\/10\/Le-Bouquet-des-Garrigues-Blanc-Clos-du-Caillou-75cl.png\" \/>\n\t<meta property=\"og:image:width\" content=\"1000\" \/>\n\t<meta property=\"og:image:height\" content=\"1000\" \/>\n\t<meta property=\"og:image:type\" content=\"image\/png\" \/>\n<meta name=\"twitter:card\" content=\"summary_large_image\" \/>\n<meta name=\"twitter:label1\" content=\"Gesch\u00e4tzte Lesezeit\" \/>\n\t<meta name=\"twitter:data1\" content=\"1\u00a0Minute\" \/>\n<script type=\"application\/ld+json\" class=\"yoast-schema-graph\">{\"@context\":\"https:\\\/\\\/schema.org\",\"@graph\":[{\"@type\":\"WebPage\",\"@id\":\"https:\\\/\\\/petitecave.ch\\\/product\\\/le-bouquet-des-garrigues-clos-du-caillou-75cl-2\\\/\",\"url\":\"https:\\\/\\\/petitecave.ch\\\/product\\\/le-bouquet-des-garrigues-clos-du-caillou-75cl-2\\\/\",\"name\":\"Le Bouquet des Garrigues - Clos du Caillou 75cl | La Petite Cave du Chablais\",\"isPartOf\":{\"@id\":\"https:\\\/\\\/petitecave.ch\\\/de\\\/#website\"},\"primaryImageOfPage\":{\"@id\":\"https:\\\/\\\/petitecave.ch\\\/product\\\/le-bouquet-des-garrigues-clos-du-caillou-75cl-2\\\/#primaryimage\"},\"image\":{\"@id\":\"https:\\\/\\\/petitecave.ch\\\/product\\\/le-bouquet-des-garrigues-clos-du-caillou-75cl-2\\\/#primaryimage\"},\"thumbnailUrl\":\"https:\\\/\\\/petitecave.ch\\\/wp-content\\\/uploads\\\/2025\\\/10\\\/Le-Bouquet-des-Garrigues-Blanc-Clos-du-Caillou-75cl.png\",\"datePublished\":\"2026-05-11T14:03:16+00:00\",\"dateModified\":\"2026-05-12T14:58:42+00:00\",\"description\":\"Le Bouquet des Garrigues Clos du Caillou s\u00e9duit par sa fra\u00eecheur et sa belle complexit\u00e9 aromatique entre ses ar\u00f4mes fruit\u00e9s et floraux.\",\"breadcrumb\":{\"@id\":\"https:\\\/\\\/petitecave.ch\\\/product\\\/le-bouquet-des-garrigues-clos-du-caillou-75cl-2\\\/#breadcrumb\"},\"inLanguage\":\"de-CH\",\"potentialAction\":[{\"@type\":\"ReadAction\",\"target\":[\"https:\\\/\\\/petitecave.ch\\\/product\\\/le-bouquet-des-garrigues-clos-du-caillou-75cl-2\\\/\"]}]},{\"@type\":\"ImageObject\",\"inLanguage\":\"de-CH\",\"@id\":\"https:\\\/\\\/petitecave.ch\\\/product\\\/le-bouquet-des-garrigues-clos-du-caillou-75cl-2\\\/#primaryimage\",\"url\":\"https:\\\/\\\/petitecave.ch\\\/wp-content\\\/uploads\\\/2025\\\/10\\\/Le-Bouquet-des-Garrigues-Blanc-Clos-du-Caillou-75cl.png\",\"contentUrl\":\"https:\\\/\\\/petitecave.ch\\\/wp-content\\\/uploads\\\/2025\\\/10\\\/Le-Bouquet-des-Garrigues-Blanc-Clos-du-Caillou-75cl.png\",\"width\":1000,\"height\":1000,\"caption\":\"Le Bouquet des Garrigues Blanc - Clos du Caillou 75cl\"},{\"@type\":\"BreadcrumbList\",\"@id\":\"https:\\\/\\\/petitecave.ch\\\/product\\\/le-bouquet-des-garrigues-clos-du-caillou-75cl-2\\\/#breadcrumb\",\"itemListElement\":[{\"@type\":\"ListItem\",\"position\":1,\"name\":\"Accueil\",\"item\":\"https:\\\/\\\/petitecave.ch\\\/\"},{\"@type\":\"ListItem\",\"position\":2,\"name\":\"Produkte\",\"item\":\"https:\\\/\\\/petitecave.ch\\\/de\\\/shop\\\/\"},{\"@type\":\"ListItem\",\"position\":3,\"name\":\"Le Bouquet des Garrigues &#8211; Clos du Caillou 75cl\"}]},{\"@type\":\"WebSite\",\"@id\":\"https:\\\/\\\/petitecave.ch\\\/de\\\/#website\",\"url\":\"https:\\\/\\\/petitecave.ch\\\/de\\\/\",\"name\":\"La Petite Cave du Chablais\",\"description\":\"Vins, bi\u00e8res et spiritueux en ligne !\",\"publisher\":{\"@id\":\"https:\\\/\\\/petitecave.ch\\\/de\\\/#organization\"},\"alternateName\":\"La Petite Cave\",\"potentialAction\":[{\"@type\":\"SearchAction\",\"target\":{\"@type\":\"EntryPoint\",\"urlTemplate\":\"https:\\\/\\\/petitecave.ch\\\/de\\\/?s={search_term_string}\"},\"query-input\":{\"@type\":\"PropertyValueSpecification\",\"valueRequired\":true,\"valueName\":\"search_term_string\"}}],\"inLanguage\":\"de-CH\"},{\"@type\":\"Organization\",\"@id\":\"https:\\\/\\\/petitecave.ch\\\/de\\\/#organization\",\"name\":\"La Petite Cave du Chablais S\u00e0rl\",\"url\":\"https:\\\/\\\/petitecave.ch\\\/de\\\/\",\"logo\":{\"@type\":\"ImageObject\",\"inLanguage\":\"de-CH\",\"@id\":\"https:\\\/\\\/petitecave.ch\\\/de\\\/#\\\/schema\\\/logo\\\/image\\\/\",\"url\":\"https:\\\/\\\/petitecave.ch\\\/wp-content\\\/uploads\\\/2025\\\/10\\\/petitecavelogo-removebg-preview.png\",\"contentUrl\":\"https:\\\/\\\/petitecave.ch\\\/wp-content\\\/uploads\\\/2025\\\/10\\\/petitecavelogo-removebg-preview.png\",\"width\":800,\"height\":200,\"caption\":\"La Petite Cave du Chablais S\u00e0rl\"},\"image\":{\"@id\":\"https:\\\/\\\/petitecave.ch\\\/de\\\/#\\\/schema\\\/logo\\\/image\\\/\"},\"sameAs\":[\"https:\\\/\\\/www.facebook.com\\\/LaPetiteCaveDuChablais\",\"https:\\\/\\\/www.instagram.com\\\/lapetitecaveduchablais\",\"https:\\\/\\\/www.linkedin.com\\\/company\\\/la-petite-cave-du-chablais\"]}]}<\/script>\n<!-- \/ Yoast SEO plugin. -->","yoast_head_json":{"title":"Le Bouquet des Garrigues - Clos du Caillou 75cl | La Petite Cave du Chablais","description":"Le Bouquet des Garrigues Clos du Caillou s\u00e9duit par sa fra\u00eecheur et sa belle complexit\u00e9 aromatique entre ses ar\u00f4mes fruit\u00e9s et floraux.","robots":{"index":"index","follow":"follow","max-snippet":"max-snippet:-1","max-image-preview":"max-image-preview:large","max-video-preview":"max-video-preview:-1"},"canonical":"https:\/\/petitecave.ch\/de\/product\/le-bouquet-des-garrigues-clos-du-caillou-75cl-2\/","og_locale":"de_DE","og_type":"article","og_title":"Le Bouquet des Garrigues - Clos du Caillou 75cl | La Petite Cave du Chablais","og_description":"Le Bouquet des Garrigues Clos du Caillou s\u00e9duit par sa fra\u00eecheur et sa belle complexit\u00e9 aromatique entre ses ar\u00f4mes fruit\u00e9s et floraux.","og_url":"https:\/\/petitecave.ch\/de\/product\/le-bouquet-des-garrigues-clos-du-caillou-75cl-2\/","og_site_name":"La Petite Cave du Chablais","article_publisher":"https:\/\/www.facebook.com\/LaPetiteCaveDuChablais","article_modified_time":"2026-05-12T14:58:42+00:00","og_image":[{"width":1000,"height":1000,"url":"https:\/\/petitecave.ch\/wp-content\/uploads\/2025\/10\/Le-Bouquet-des-Garrigues-Blanc-Clos-du-Caillou-75cl.png","type":"image\/png"}],"twitter_card":"summary_large_image","twitter_misc":{"Gesch\u00e4tzte Lesezeit":"1\u00a0Minute"},"schema":{"@context":"https:\/\/schema.org","@graph":[{"@type":"WebPage","@id":"https:\/\/petitecave.ch\/product\/le-bouquet-des-garrigues-clos-du-caillou-75cl-2\/","url":"https:\/\/petitecave.ch\/product\/le-bouquet-des-garrigues-clos-du-caillou-75cl-2\/","name":"Le Bouquet des Garrigues - Clos du Caillou 75cl | La Petite Cave du Chablais","isPartOf":{"@id":"https:\/\/petitecave.ch\/de\/#website"},"primaryImageOfPage":{"@id":"https:\/\/petitecave.ch\/product\/le-bouquet-des-garrigues-clos-du-caillou-75cl-2\/#primaryimage"},"image":{"@id":"https:\/\/petitecave.ch\/product\/le-bouquet-des-garrigues-clos-du-caillou-75cl-2\/#primaryimage"},"thumbnailUrl":"https:\/\/petitecave.ch\/wp-content\/uploads\/2025\/10\/Le-Bouquet-des-Garrigues-Blanc-Clos-du-Caillou-75cl.png","datePublished":"2026-05-11T14:03:16+00:00","dateModified":"2026-05-12T14:58:42+00:00","description":"Le Bouquet des Garrigues Clos du Caillou s\u00e9duit par sa fra\u00eecheur et sa belle complexit\u00e9 aromatique entre ses ar\u00f4mes fruit\u00e9s et floraux.","breadcrumb":{"@id":"https:\/\/petitecave.ch\/product\/le-bouquet-des-garrigues-clos-du-caillou-75cl-2\/#breadcrumb"},"inLanguage":"de-CH","potentialAction":[{"@type":"ReadAction","target":["https:\/\/petitecave.ch\/product\/le-bouquet-des-garrigues-clos-du-caillou-75cl-2\/"]}]},{"@type":"ImageObject","inLanguage":"de-CH","@id":"https:\/\/petitecave.ch\/product\/le-bouquet-des-garrigues-clos-du-caillou-75cl-2\/#primaryimage","url":"https:\/\/petitecave.ch\/wp-content\/uploads\/2025\/10\/Le-Bouquet-des-Garrigues-Blanc-Clos-du-Caillou-75cl.png","contentUrl":"https:\/\/petitecave.ch\/wp-content\/uploads\/2025\/10\/Le-Bouquet-des-Garrigues-Blanc-Clos-du-Caillou-75cl.png","width":1000,"height":1000,"caption":"Le Bouquet des Garrigues Blanc - Clos du Caillou 75cl"},{"@type":"BreadcrumbList","@id":"https:\/\/petitecave.ch\/product\/le-bouquet-des-garrigues-clos-du-caillou-75cl-2\/#breadcrumb","itemListElement":[{"@type":"ListItem","position":1,"name":"Accueil","item":"https:\/\/petitecave.ch\/"},{"@type":"ListItem","position":2,"name":"Produkte","item":"https:\/\/petitecave.ch\/de\/shop\/"},{"@type":"ListItem","position":3,"name":"Le Bouquet des Garrigues &#8211; Clos du Caillou 75cl"}]},{"@type":"WebSite","@id":"https:\/\/petitecave.ch\/de\/#website","url":"https:\/\/petitecave.ch\/de\/","name":"Die kleine Keller des Chablais","description":"Vins, bi\u00e8res et spiritueux en ligne !","publisher":{"@id":"https:\/\/petitecave.ch\/de\/#organization"},"alternateName":"La Petite Cave","potentialAction":[{"@type":"SearchAction","target":{"@type":"EntryPoint","urlTemplate":"https:\/\/petitecave.ch\/de\/?s={search_term_string}"},"query-input":{"@type":"PropertyValueSpecification","valueRequired":true,"valueName":"search_term_string"}}],"inLanguage":"de-CH"},{"@type":"Organization","@id":"https:\/\/petitecave.ch\/de\/#organization","name":"La Petite Cave du Chablais S\u00e0rl","url":"https:\/\/petitecave.ch\/de\/","logo":{"@type":"ImageObject","inLanguage":"de-CH","@id":"https:\/\/petitecave.ch\/de\/#\/schema\/logo\/image\/","url":"https:\/\/petitecave.ch\/wp-content\/uploads\/2025\/10\/petitecavelogo-removebg-preview.png","contentUrl":"https:\/\/petitecave.ch\/wp-content\/uploads\/2025\/10\/petitecavelogo-removebg-preview.png","width":800,"height":200,"caption":"La Petite Cave du Chablais S\u00e0rl"},"image":{"@id":"https:\/\/petitecave.ch\/de\/#\/schema\/logo\/image\/"},"sameAs":["https:\/\/www.facebook.com\/LaPetiteCaveDuChablais","https:\/\/www.instagram.com\/lapetitecaveduchablais","https:\/\/www.linkedin.com\/company\/la-petite-cave-du-chablais"]}]}},"_links":{"self":[{"href":"https:\/\/petitecave.ch\/de\/wp-json\/wp\/v2\/product\/10743","targetHints":{"allow":["GET"]}}],"collection":[{"href":"https:\/\/petitecave.ch\/de\/wp-json\/wp\/v2\/product"}],"about":[{"href":"https:\/\/petitecave.ch\/de\/wp-json\/wp\/v2\/types\/product"}],"replies":[{"embeddable":true,"href":"https:\/\/petitecave.ch\/de\/wp-json\/wp\/v2\/comments?post=10743"}],"wp:featuredmedia":[{"embeddable":true,"href":"https:\/\/petitecave.ch\/de\/wp-json\/wp\/v2\/media\/19638"}],"wp:attachment":[{"href":"https:\/\/petitecave.ch\/de\/wp-json\/wp\/v2\/media?parent=10743"}],"wp:term":[{"taxonomy":"product_cat","embeddable":true,"href":"https:\/\/petitecave.ch\/de\/wp-json\/wp\/v2\/product_cat?post=10743"},{"taxonomy":"product_tag","embeddable":true,"href":"https:\/\/petitecave.ch\/de\/wp-json\/wp\/v2\/product_tag?post=10743"}],"curies":[{"name":"wp","href":"https:\/\/api.w.org\/{rel}","templated":true}]}}