{"id":10742,"date":"2025-10-28T11:03:15","date_gmt":"2025-10-28T11:03:15","guid":{"rendered":""},"modified":"2026-02-24T07:54:31","modified_gmt":"2026-02-24T06:54:31","slug":"petit-chablis-domaine-louis-moreau-75cl","status":"publish","type":"product","link":"https:\/\/petitecave.ch\/de\/product\/petit-chablis-domaine-louis-moreau-75cl\/","title":{"rendered":"Petit Chablis &#8211; Domaine Louis Moreau 75cl"},"content":{"rendered":"<p><b>C\u00e9page :<\/b> Chardonnay<\/p>\n<p><b>Nez :<\/b> Fruit\u00e9 et dynamique avec une petite pointe de pomme et d\u2019agrumes<\/p>\n<p><b>Bouche :<\/b> Bonne attaque gustative, un palais tout en rondeur et en fra\u00eecheur<\/p>\n<p><b>Accompagnement :<\/b> Parfait \u00e0 l&rsquo;ap\u00e9ritif, avec du ch\u00e8vre farsi et des mets au fromage<\/p>","protected":false},"excerpt":{"rendered":"<p><b>Petit Chablis &#8211; Domaine Louis Moreau &#8211; Bourgogne (Chablis)<\/b><\/p>\n<p><i>AOC Petit Chablis<\/i><\/p>","protected":false},"featured_media":12128,"comment_status":"open","ping_status":"open","template":"","meta":[],"product_cat":[368,253],"product_tag":[],"class_list":{"0":"post-10742","1":"product","2":"type-product","3":"status-publish","4":"has-post-thumbnail","6":"product_cat-blanc","7":"product_cat-vins","8":"pa_color-blanc","9":"pa_country-france","10":"pa_volume-75-cl","11":"_wholesalex wsx-wholesalex-product","13":"first","14":"instock","15":"taxable","16":"shipping-taxable","17":"purchasable","18":"product-type-simple"},"_links":{"self":[{"href":"https:\/\/petitecave.ch\/de\/wp-json\/wp\/v2\/product\/10742","targetHints":{"allow":["GET"]}}],"collection":[{"href":"https:\/\/petitecave.ch\/de\/wp-json\/wp\/v2\/product"}],"about":[{"href":"https:\/\/petitecave.ch\/de\/wp-json\/wp\/v2\/types\/product"}],"replies":[{"embeddable":true,"href":"https:\/\/petitecave.ch\/de\/wp-json\/wp\/v2\/comments?post=10742"}],"wp:featuredmedia":[{"embeddable":true,"href":"https:\/\/petitecave.ch\/de\/wp-json\/wp\/v2\/media\/12128"}],"wp:attachment":[{"href":"https:\/\/petitecave.ch\/de\/wp-json\/wp\/v2\/media?parent=10742"}],"wp:term":[{"taxonomy":"product_cat","embeddable":true,"href":"https:\/\/petitecave.ch\/de\/wp-json\/wp\/v2\/product_cat?post=10742"},{"taxonomy":"product_tag","embeddable":true,"href":"https:\/\/petitecave.ch\/de\/wp-json\/wp\/v2\/product_tag?post=10742"}],"curies":[{"name":"wp","href":"https:\/\/api.w.org\/{rel}","templated":true}]}}