{"id":10741,"date":"2025-10-28T11:03:14","date_gmt":"2025-10-28T11:03:14","guid":{"rendered":""},"modified":"2026-02-24T10:08:37","modified_gmt":"2026-02-24T09:08:37","slug":"septembre-edouard-delaunay-75cl","status":"publish","type":"product","link":"https:\/\/petitecave.ch\/de\/product\/septembre-edouard-delaunay-75cl\/","title":{"rendered":"Septembre &#8211; Edouard Delaunay 75cl"},"content":{"rendered":"<p><b>C\u00e9page :<\/b> Chardonnay<\/p>\n<p><b>Nez :<\/b> Il d\u00e9voile des ar\u00f4mes d&rsquo;agrumes, de fleurs de citronnier et d&rsquo;oranger et une pointe de chocolat blanc<\/p>\n<p><b>Bouche :<\/b> Fra\u00eeche et tendue, elle r\u00e9v\u00e8le des notes de beurre fondu, de frangipane et de noisette<\/p>\n<p><b>Accompagnement :<\/b> Id\u00e9al en ap\u00e9ritif, avec du saumon ou encore des fromages doux<\/p>","protected":false},"excerpt":{"rendered":"<p><b>Septembre &#8211; Edouard Delaunay &#8211; Bourgogne<\/b><\/p>","protected":false},"featured_media":12127,"comment_status":"open","ping_status":"open","template":"","meta":[],"product_cat":[253],"product_tag":[],"class_list":{"0":"post-10741","1":"product","2":"type-product","3":"status-publish","4":"has-post-thumbnail","6":"product_cat-vins","7":"pa_color-blanc","8":"pa_country-france","9":"pa_volume-75-cl","10":"_wholesalex wsx-wholesalex-product","12":"first","13":"instock","14":"taxable","15":"shipping-taxable","16":"purchasable","17":"product-type-simple"},"_links":{"self":[{"href":"https:\/\/petitecave.ch\/de\/wp-json\/wp\/v2\/product\/10741","targetHints":{"allow":["GET"]}}],"collection":[{"href":"https:\/\/petitecave.ch\/de\/wp-json\/wp\/v2\/product"}],"about":[{"href":"https:\/\/petitecave.ch\/de\/wp-json\/wp\/v2\/types\/product"}],"replies":[{"embeddable":true,"href":"https:\/\/petitecave.ch\/de\/wp-json\/wp\/v2\/comments?post=10741"}],"wp:featuredmedia":[{"embeddable":true,"href":"https:\/\/petitecave.ch\/de\/wp-json\/wp\/v2\/media\/12127"}],"wp:attachment":[{"href":"https:\/\/petitecave.ch\/de\/wp-json\/wp\/v2\/media?parent=10741"}],"wp:term":[{"taxonomy":"product_cat","embeddable":true,"href":"https:\/\/petitecave.ch\/de\/wp-json\/wp\/v2\/product_cat?post=10741"},{"taxonomy":"product_tag","embeddable":true,"href":"https:\/\/petitecave.ch\/de\/wp-json\/wp\/v2\/product_tag?post=10741"}],"curies":[{"name":"wp","href":"https:\/\/api.w.org\/{rel}","templated":true}]}}