{"id":10737,"date":"2025-10-28T11:03:10","date_gmt":"2025-10-28T11:03:10","guid":{"rendered":""},"modified":"2026-02-24T09:56:09","modified_gmt":"2026-02-24T08:56:09","slug":"reflet-blanc-famille-fischli-75cl","status":"publish","type":"product","link":"https:\/\/petitecave.ch\/de\/product\/reflet-blanc-famille-fischli-75cl\/","title":{"rendered":"Reflet Blanc &#8211; Famille Fischli 75cl"},"content":{"rendered":"<p><b>C\u00e9pages :<\/b> Fendant et Pinot Gris, \u00e9lev\u00e9 plus de 10 mois en f\u00fbt de ch\u00eane<\/p>","protected":false},"excerpt":{"rendered":"<p><b>Reflet Blanc &#8211; Famille Fischli &#8211; Morgins<\/b><\/p>","protected":false},"featured_media":12123,"comment_status":"open","ping_status":"open","template":"","meta":[],"product_cat":[253],"product_tag":[],"class_list":{"0":"post-10737","1":"product","2":"type-product","3":"status-publish","4":"has-post-thumbnail","6":"product_cat-vins","7":"pa_color-blanc","8":"pa_country-suisse","9":"pa_volume-75-cl","10":"_wholesalex wsx-wholesalex-product","12":"first","13":"instock","14":"taxable","15":"shipping-taxable","16":"purchasable","17":"product-type-simple"},"_links":{"self":[{"href":"https:\/\/petitecave.ch\/de\/wp-json\/wp\/v2\/product\/10737","targetHints":{"allow":["GET"]}}],"collection":[{"href":"https:\/\/petitecave.ch\/de\/wp-json\/wp\/v2\/product"}],"about":[{"href":"https:\/\/petitecave.ch\/de\/wp-json\/wp\/v2\/types\/product"}],"replies":[{"embeddable":true,"href":"https:\/\/petitecave.ch\/de\/wp-json\/wp\/v2\/comments?post=10737"}],"wp:featuredmedia":[{"embeddable":true,"href":"https:\/\/petitecave.ch\/de\/wp-json\/wp\/v2\/media\/12123"}],"wp:attachment":[{"href":"https:\/\/petitecave.ch\/de\/wp-json\/wp\/v2\/media?parent=10737"}],"wp:term":[{"taxonomy":"product_cat","embeddable":true,"href":"https:\/\/petitecave.ch\/de\/wp-json\/wp\/v2\/product_cat?post=10737"},{"taxonomy":"product_tag","embeddable":true,"href":"https:\/\/petitecave.ch\/de\/wp-json\/wp\/v2\/product_tag?post=10737"}],"curies":[{"name":"wp","href":"https:\/\/api.w.org\/{rel}","templated":true}]}}