{"id":10735,"date":"2025-10-28T11:03:08","date_gmt":"2025-10-28T11:03:08","guid":{"rendered":""},"modified":"2026-04-07T13:39:00","modified_gmt":"2026-04-07T11:39:00","slug":"boxer-sans-alcool-12x25cl","status":"publish","type":"product","link":"https:\/\/petitecave.ch\/de\/product\/boxer-sans-alcool-12x25cl\/","title":{"rendered":"Boxer Sans Alcool 12x25cl"},"content":{"rendered":"<p><b>Visuel :<\/b> Robe blonde dor\u00e9e avec une fine mousse blanche<\/p>\n<p><b>Go\u00fbt :<\/b> L\u00e9g\u00e8re avec de d\u00e9licieuses notes de malt doux et sucr\u00e9e et des ar\u00f4mes de houblon fruit\u00e9<\/p>\n<p><b>Accompagnement :<\/b> Id\u00e9al pour se d\u00e9salt\u00e9rer, avec des plats l\u00e9gers comme des salades compos\u00e9es ou des pizzas<\/p>","protected":false},"excerpt":{"rendered":"<p><b>Boxer Sans Alcool &#8211; Chopfab Boxer AG &#8211; Yverdon-les-Bains<\/b><\/p>","protected":false},"featured_media":12120,"comment_status":"open","ping_status":"closed","template":"","meta":[],"product_cat":[250],"product_tag":[],"class_list":{"0":"post-10735","1":"product","2":"type-product","3":"status-publish","4":"has-post-thumbnail","6":"product_cat-bieres","7":"pa_categorie-bieres-sans-alcool","8":"pa_color-blonde","9":"pa_country-suisse","10":"pa_style-lager","11":"pa_type-biere-artisanale","12":"_wholesalex wsx-wholesalex-product","14":"first","15":"instock","16":"taxable","17":"shipping-taxable","18":"purchasable","19":"product-type-simple"},"_links":{"self":[{"href":"https:\/\/petitecave.ch\/de\/wp-json\/wp\/v2\/product\/10735","targetHints":{"allow":["GET"]}}],"collection":[{"href":"https:\/\/petitecave.ch\/de\/wp-json\/wp\/v2\/product"}],"about":[{"href":"https:\/\/petitecave.ch\/de\/wp-json\/wp\/v2\/types\/product"}],"replies":[{"embeddable":true,"href":"https:\/\/petitecave.ch\/de\/wp-json\/wp\/v2\/comments?post=10735"}],"wp:featuredmedia":[{"embeddable":true,"href":"https:\/\/petitecave.ch\/de\/wp-json\/wp\/v2\/media\/12120"}],"wp:attachment":[{"href":"https:\/\/petitecave.ch\/de\/wp-json\/wp\/v2\/media?parent=10735"}],"wp:term":[{"taxonomy":"product_cat","embeddable":true,"href":"https:\/\/petitecave.ch\/de\/wp-json\/wp\/v2\/product_cat?post=10735"},{"taxonomy":"product_tag","embeddable":true,"href":"https:\/\/petitecave.ch\/de\/wp-json\/wp\/v2\/product_tag?post=10735"}],"curies":[{"name":"wp","href":"https:\/\/api.w.org\/{rel}","templated":true}]}}