{"id":10734,"date":"2025-10-28T11:03:06","date_gmt":"2025-10-28T11:03:06","guid":{"rendered":""},"modified":"2026-04-07T13:36:17","modified_gmt":"2026-04-07T11:36:17","slug":"boxer-pale-ale-9x25cl","status":"publish","type":"product","link":"https:\/\/petitecave.ch\/de\/product\/boxer-pale-ale-9x25cl\/","title":{"rendered":"Boxer Pale Ale 9x25cl"},"content":{"rendered":"<p><b>Visuel :<\/b> Robe l\u00e9g\u00e8rment ambr\u00e9e avec une belle mousse blanche<\/p>\n<p><b>Go\u00fbt :<\/b> Notes d\u00e9licatement fruit\u00e9es sur le houblon avec des ar\u00f4mes d&rsquo;agrumes et de baies rouges<\/p>\n<p><b>Accormpagnement :<\/b> Id\u00e9al avec un hamburger, une pa\u00eblla ou encore des plats \u00e9pic\u00e9s<\/p>","protected":false},"excerpt":{"rendered":"<p><b>Boxer Pale Ale &#8211;\u00a0Chopfab Boxer AG &#8211; Yverdon-les-Bains<\/b><\/p>","protected":false},"featured_media":12118,"comment_status":"open","ping_status":"closed","template":"","meta":[],"product_cat":[250],"product_tag":[],"class_list":{"0":"post-10734","1":"product","2":"type-product","3":"status-publish","4":"has-post-thumbnail","6":"product_cat-bieres","7":"pa_categorie-bieres-blondes","8":"pa_color-ambree","9":"pa_country-suisse","10":"pa_style-pale-ale","11":"pa_type-biere-artisanale","12":"_wholesalex wsx-wholesalex-product","14":"first","15":"instock","16":"taxable","17":"shipping-taxable","18":"purchasable","19":"product-type-simple"},"_links":{"self":[{"href":"https:\/\/petitecave.ch\/de\/wp-json\/wp\/v2\/product\/10734","targetHints":{"allow":["GET"]}}],"collection":[{"href":"https:\/\/petitecave.ch\/de\/wp-json\/wp\/v2\/product"}],"about":[{"href":"https:\/\/petitecave.ch\/de\/wp-json\/wp\/v2\/types\/product"}],"replies":[{"embeddable":true,"href":"https:\/\/petitecave.ch\/de\/wp-json\/wp\/v2\/comments?post=10734"}],"wp:featuredmedia":[{"embeddable":true,"href":"https:\/\/petitecave.ch\/de\/wp-json\/wp\/v2\/media\/12118"}],"wp:attachment":[{"href":"https:\/\/petitecave.ch\/de\/wp-json\/wp\/v2\/media?parent=10734"}],"wp:term":[{"taxonomy":"product_cat","embeddable":true,"href":"https:\/\/petitecave.ch\/de\/wp-json\/wp\/v2\/product_cat?post=10734"},{"taxonomy":"product_tag","embeddable":true,"href":"https:\/\/petitecave.ch\/de\/wp-json\/wp\/v2\/product_tag?post=10734"}],"curies":[{"name":"wp","href":"https:\/\/api.w.org\/{rel}","templated":true}]}}