{"id":10733,"date":"2025-10-28T11:03:05","date_gmt":"2025-10-28T11:03:05","guid":{"rendered":""},"modified":"2026-02-24T07:18:39","modified_gmt":"2026-02-24T06:18:39","slug":"jp-chenet-cabernet-syrah-6x75cl","status":"publish","type":"product","link":"https:\/\/petitecave.ch\/de\/product\/jp-chenet-cabernet-syrah-6x75cl\/","title":{"rendered":"JP Chenet Cabernet-Syrah 6x75cl"},"content":{"rendered":"<p><b>C\u00e9pages :\u00a0<\/b>Cabernet &amp; Syrah<\/p>\n<p><b>Nez :\u00a0<\/b>Ar\u00f4mes fruit\u00e9s sur la cerise et le cassis<\/p>\n<p><b>Bouche :\u00a0<\/b>Bel \u00e9quilibre avec une jolie structure sur le fruit accompagn\u00e9 de notes bois\u00e9es et l\u00e9g\u00e8rement \u00e9pic\u00e9es<\/p>\n<p><b>Accompagnement :\u00a0<\/b>Id\u00e9al avec des grillades, des viandes rouges et divers fromages\u00a0<\/p>","protected":false},"excerpt":{"rendered":"<p><b>Original Cabernet-Syrah &#8211; JP. Chenet\u00a0<\/b><\/p>\n<p><i>IGP Pays d&rsquo;Oc<\/i><\/p>","protected":false},"featured_media":12117,"comment_status":"open","ping_status":"closed","template":"","meta":[],"product_cat":[319,369,253],"product_tag":[],"class_list":{"0":"post-10733","1":"product","2":"type-product","3":"status-publish","4":"has-post-thumbnail","6":"product_cat-actions","7":"product_cat-rouge","8":"product_cat-vins","9":"pa_color-rouge","10":"pa_country-france","11":"_wholesalex wsx-wholesalex-product","13":"first","14":"instock","15":"sale","16":"taxable","17":"shipping-taxable","18":"purchasable","19":"product-type-simple"},"_links":{"self":[{"href":"https:\/\/petitecave.ch\/de\/wp-json\/wp\/v2\/product\/10733","targetHints":{"allow":["GET"]}}],"collection":[{"href":"https:\/\/petitecave.ch\/de\/wp-json\/wp\/v2\/product"}],"about":[{"href":"https:\/\/petitecave.ch\/de\/wp-json\/wp\/v2\/types\/product"}],"replies":[{"embeddable":true,"href":"https:\/\/petitecave.ch\/de\/wp-json\/wp\/v2\/comments?post=10733"}],"wp:featuredmedia":[{"embeddable":true,"href":"https:\/\/petitecave.ch\/de\/wp-json\/wp\/v2\/media\/12117"}],"wp:attachment":[{"href":"https:\/\/petitecave.ch\/de\/wp-json\/wp\/v2\/media?parent=10733"}],"wp:term":[{"taxonomy":"product_cat","embeddable":true,"href":"https:\/\/petitecave.ch\/de\/wp-json\/wp\/v2\/product_cat?post=10733"},{"taxonomy":"product_tag","embeddable":true,"href":"https:\/\/petitecave.ch\/de\/wp-json\/wp\/v2\/product_tag?post=10733"}],"curies":[{"name":"wp","href":"https:\/\/api.w.org\/{rel}","templated":true}]}}