{"id":10727,"date":"2025-10-28T11:02:55","date_gmt":"2025-10-28T11:02:55","guid":{"rendered":""},"modified":"2026-02-24T09:47:17","modified_gmt":"2026-02-24T08:47:17","slug":"porte-de-novembre-mousseux-maison-gilliard-75cl","status":"publish","type":"product","link":"https:\/\/petitecave.ch\/de\/product\/porte-de-novembre-mousseux-maison-gilliard-75cl\/","title":{"rendered":"Porte de Novembre Mousseux &#8211; Maison Gilliard 75cl"},"content":{"rendered":"<p><b>Nez :<\/b> Notes fruit\u00e9es de fruits du verger avec une touche min\u00e9rale<\/p>\n<p><b>Bouche :<\/b> Moelleuse et p\u00e9tillante<\/p>\n<p><b>Accompagnement :\u00a0<\/b>Id\u00e9al pour l&rsquo;ap\u00e9ritif et pour sublimer un dessert<\/p>\n<p><b>Temps de garde :\u00a0<\/b>\u00c0 d\u00e9guster dans les 3 ans<\/p>","protected":false},"excerpt":{"rendered":"<p><b>Porte de Novembre Mousseux &#8211; Maison Gilliard &#8211; Sion<\/b><\/p>\n<p><i>VdP Suisse<\/i><\/p>\n<p>\u00a0<\/p>\n<p>D\u00e9couvre le nouveau n\u00e9 de la gamme <i>Porte de Novembre. et laisse toi s\u00e9duire par ses saveurs fruit\u00e9es et sa d\u00e9licate effervescence.\u00a0<\/i><\/p>","protected":false},"featured_media":12105,"comment_status":"open","ping_status":"open","template":"","meta":[],"product_cat":[368,253,342],"product_tag":[],"class_list":{"0":"post-10727","1":"product","2":"type-product","3":"status-publish","4":"has-post-thumbnail","6":"product_cat-blanc","7":"product_cat-vins","8":"product_cat-vins-petillants","9":"pa_color-blanc","10":"pa_country-suisse","11":"pa_volume-75-cl","12":"_wholesalex wsx-wholesalex-product","14":"first","15":"instock","16":"taxable","17":"shipping-taxable","18":"purchasable","19":"product-type-simple"},"_links":{"self":[{"href":"https:\/\/petitecave.ch\/de\/wp-json\/wp\/v2\/product\/10727","targetHints":{"allow":["GET"]}}],"collection":[{"href":"https:\/\/petitecave.ch\/de\/wp-json\/wp\/v2\/product"}],"about":[{"href":"https:\/\/petitecave.ch\/de\/wp-json\/wp\/v2\/types\/product"}],"replies":[{"embeddable":true,"href":"https:\/\/petitecave.ch\/de\/wp-json\/wp\/v2\/comments?post=10727"}],"wp:featuredmedia":[{"embeddable":true,"href":"https:\/\/petitecave.ch\/de\/wp-json\/wp\/v2\/media\/12105"}],"wp:attachment":[{"href":"https:\/\/petitecave.ch\/de\/wp-json\/wp\/v2\/media?parent=10727"}],"wp:term":[{"taxonomy":"product_cat","embeddable":true,"href":"https:\/\/petitecave.ch\/de\/wp-json\/wp\/v2\/product_cat?post=10727"},{"taxonomy":"product_tag","embeddable":true,"href":"https:\/\/petitecave.ch\/de\/wp-json\/wp\/v2\/product_tag?post=10727"}],"curies":[{"name":"wp","href":"https:\/\/api.w.org\/{rel}","templated":true}]}}