{"id":10724,"date":"2025-10-28T11:02:52","date_gmt":"2025-10-28T11:02:52","guid":{"rendered":""},"modified":"2026-04-07T13:25:46","modified_gmt":"2026-04-07T11:25:46","slug":"birra-moretti-sale-di-mare-6x33cl","status":"publish","type":"product","link":"https:\/\/petitecave.ch\/de\/product\/birra-moretti-sale-di-mare-6x33cl\/","title":{"rendered":"Birra Moretti Sale di Mare 6x33cl"},"content":{"rendered":"<p>La combinaison d&rsquo;ar\u00f4mes de houblon donne un go\u00fbt l\u00e9g\u00e8rement plus prononc\u00e9 que la Birra Moretti L&rsquo;Autentica, avec des notes herbac\u00e9es d&rsquo;agrumes et de pin. Une bi\u00e8re rafra\u00eechissante et savoureuse, cr\u00e9\u00e9e avec un soup\u00e7on de sel marin italien, qui lui conf\u00e8re une finale ronde et douce.<\/p>","protected":false},"excerpt":{"rendered":"<p><b>Sale di Mare Unfiltred Premium Lager &#8211;\u00a0Birra Moretti<\/b><\/p>\n<p>\u00a0<\/p>\n<p><i>Une bi\u00e8re rafra\u00eechissante et savoureuse, cr\u00e9\u00e9e avec un soup\u00e7on de sel marin italien, qui lui conf\u00e8re une finale ronde et douce.<\/i><\/p>","protected":false},"featured_media":12102,"comment_status":"open","ping_status":"closed","template":"","meta":[],"product_cat":[250],"product_tag":[],"class_list":{"0":"post-10724","1":"product","2":"type-product","3":"status-publish","4":"has-post-thumbnail","6":"product_cat-bieres","7":"pa_categorie-bieres-blondes","8":"pa_color-blonde","9":"pa_country-italie","10":"pa_style-non-filtree","11":"pa_type-biere-artisanale","12":"pa_volume-6x33cl","13":"_wholesalex wsx-wholesalex-product","15":"first","16":"instock","17":"taxable","18":"shipping-taxable","19":"purchasable","20":"product-type-simple"},"_links":{"self":[{"href":"https:\/\/petitecave.ch\/de\/wp-json\/wp\/v2\/product\/10724","targetHints":{"allow":["GET"]}}],"collection":[{"href":"https:\/\/petitecave.ch\/de\/wp-json\/wp\/v2\/product"}],"about":[{"href":"https:\/\/petitecave.ch\/de\/wp-json\/wp\/v2\/types\/product"}],"replies":[{"embeddable":true,"href":"https:\/\/petitecave.ch\/de\/wp-json\/wp\/v2\/comments?post=10724"}],"wp:featuredmedia":[{"embeddable":true,"href":"https:\/\/petitecave.ch\/de\/wp-json\/wp\/v2\/media\/12102"}],"wp:attachment":[{"href":"https:\/\/petitecave.ch\/de\/wp-json\/wp\/v2\/media?parent=10724"}],"wp:term":[{"taxonomy":"product_cat","embeddable":true,"href":"https:\/\/petitecave.ch\/de\/wp-json\/wp\/v2\/product_cat?post=10724"},{"taxonomy":"product_tag","embeddable":true,"href":"https:\/\/petitecave.ch\/de\/wp-json\/wp\/v2\/product_tag?post=10724"}],"curies":[{"name":"wp","href":"https:\/\/api.w.org\/{rel}","templated":true}]}}