{"id":10723,"date":"2025-10-28T11:02:51","date_gmt":"2025-10-28T11:02:51","guid":{"rendered":""},"modified":"2026-02-20T14:30:01","modified_gmt":"2026-02-20T13:30:01","slug":"mullet-tea-p-che-boite-44cl","status":"publish","type":"product","link":"https:\/\/petitecave.ch\/de\/product\/mullet-tea-p-che-boite-44cl\/","title":{"rendered":"Mullet Tea P\u00eache boite 44cl"},"content":{"rendered":"","protected":false},"excerpt":{"rendered":"<p><b>Hard Ice Tea Peach &#8211; The Mullet Company &#8211; V\u00e9troz<\/b><\/p>\n<p>\u00a0<\/p>\n<p><i>Un th\u00e9 froid qui a un d\u00e9licieux go\u00fbt de p\u00eache, avec une l\u00e9g\u00e8re touche d&rsquo;alcool. La boisson id\u00e9ale pour remplacer les bi\u00e8res classiques.\u00a0Une exp\u00e9rience rafra\u00eechissante et enivrante pour des soir\u00e9es entre amis jusqu&rsquo;au bout de la nuit.<\/i><\/p>","protected":false},"featured_media":12100,"comment_status":"open","ping_status":"open","template":"","meta":[],"product_cat":[271],"product_tag":[],"class_list":{"0":"post-10723","1":"product","2":"type-product","3":"status-publish","4":"has-post-thumbnail","6":"product_cat-aperitif","7":"_wholesalex wsx-wholesalex-product","9":"first","10":"instock","11":"taxable","12":"shipping-taxable","13":"purchasable","14":"product-type-simple"},"_links":{"self":[{"href":"https:\/\/petitecave.ch\/de\/wp-json\/wp\/v2\/product\/10723","targetHints":{"allow":["GET"]}}],"collection":[{"href":"https:\/\/petitecave.ch\/de\/wp-json\/wp\/v2\/product"}],"about":[{"href":"https:\/\/petitecave.ch\/de\/wp-json\/wp\/v2\/types\/product"}],"replies":[{"embeddable":true,"href":"https:\/\/petitecave.ch\/de\/wp-json\/wp\/v2\/comments?post=10723"}],"wp:featuredmedia":[{"embeddable":true,"href":"https:\/\/petitecave.ch\/de\/wp-json\/wp\/v2\/media\/12100"}],"wp:attachment":[{"href":"https:\/\/petitecave.ch\/de\/wp-json\/wp\/v2\/media?parent=10723"}],"wp:term":[{"taxonomy":"product_cat","embeddable":true,"href":"https:\/\/petitecave.ch\/de\/wp-json\/wp\/v2\/product_cat?post=10723"},{"taxonomy":"product_tag","embeddable":true,"href":"https:\/\/petitecave.ch\/de\/wp-json\/wp\/v2\/product_tag?post=10723"}],"curies":[{"name":"wp","href":"https:\/\/api.w.org\/{rel}","templated":true}]}}